{"id":2428,"date":"2019-04-23T07:15:22","date_gmt":"2019-04-23T07:15:22","guid":{"rendered":"https:\/\/totreforma.cat\/nosaltres\/"},"modified":"2020-06-30T11:50:13","modified_gmt":"2020-06-30T09:50:13","slug":"nosotros","status":"publish","type":"page","link":"https:\/\/totreforma.cat\/es\/nosotros\/","title":{"rendered":"Nosotros"},"content":{"rendered":"<div class=\"wpb-content-wrapper\"><p>[vc_row container_width=\u00bbfull-width\u00bb center_content=\u00bbyes\u00bb padding_top=\u00bb110px\u00bb padding_bottom=\u00bb60px\u00bb row_id=\u00bbabout\u00bb][vc_column offset=\u00bbvc_col-md-offset-3 vc_col-md-6&#8243;][vc_empty_space height=\u00bb64px\u00bb]\t\t\n\t\t<div class=\"special-heading clearfix align-center  wow fadeInUp\" \n\t\t\t\t\tdata-wow-delay=\"0.2s\" data-wow-duration=\"1s\">\n\n\t\t\t\n\t\t\t\t\t\t\t\t\n\t\t\t\t\t\t\t\t\t<h2 class=\"title\">Nosotros<\/h2>\t\t\t\t\t\n\t\t\t\t\n\t\t\t\t\t\t\t\n\n\t\t\t\t\t\t\t<span class=\"single-dash\"><\/span> \t\t\t\n\t\t\t\n\t\t<\/div>\n\n\t\t[vc_column_text animation_effect=\u00bbfadeInUp\u00bb animation_delay=\u00bb0.2&#8243;]<\/p>\n<p style=\"font-size: 19px; color: #202020; text-align: center; line-height: 32px;\"><strong>CAN RIAL CONSTRUCCIONS I SERVEIS,<\/strong> <span class=\"highlight\"><strong class=\"theme-color\">DESPU\u00c9S DE 20 A\u00d1OS DE EXPERIENCIA <\/strong><\/span><strong>OFRECIENDO SERVICIOS EN EL MUNDO DE LA CONSTRUCCI\u00d3N, <span class=\"highlight\"><strong class=\"theme-color\">ABRIMOS NUESTRA PRIMERA TIENDA EN ESPARREGUERA <\/strong>DE REFORMAS INTEGRALES DEL HOGAR<\/span> PARA FACILITAR EL CONTACTO CON NUESTROS CLIENTES.<\/strong><\/p>\n<p>[\/vc_column_text][vc_empty_space][vc_column_text animation_effect=\u00bbfadeInUp\u00bb animation_delay=\u00bb0.6&#8243; letter_spacing=\u00bb1px\u00bb font_size=\u00bb16px\u00bb line_height=\u00bb34px\u00bb]<\/p>\n<p style=\"text-align: center;\"><span style=\"color: #000000;\">En la actualidad Can Rial es m\u00e1s que una constructora promotora, es una empresa que cuenta con una amplia variedad de servicios en la que trabajan y colaboran profesionales altamente cualificados, arquitectos, ingenieros, administrativos, encargados de obra, paletas, lampistas, carpinteros, pintores, metalistas, etc. con una finalidad, hacer que la calidad est\u00e9 al alcance de todos. <\/span><\/p>\n<p>[\/vc_column_text][\/vc_column][\/vc_row][vc_row container_width=\u00bbfull-width\u00bb center_content=\u00bbyes\u00bb use_bg_color=\u00bbyes\u00bb bg_color=\u00bb#f1f1f1&#8243; padding_top=\u00bb110px\u00bb padding_bottom=\u00bb110px\u00bb][vc_column offset=\u00bbvc_col-md-12&#8243;]\t\t\n\t\t<div class=\"testimonials center-aligned square-dot wow fadeInUp\" \n\t\t\tdata-wow-delay=\"0.4s\" data-wow-duration=\"1s\">\n\t\t\t \n\t\t\t\t\t\t<h3>LA OPINI\u00d3N DE NUESTROS CLIENTES<\/h3>\n\t\t\t\t\t\t \n            <div class=\"golo-carousel\"  data-nav = true  data-navspeed = 1000 data-dots = true  data-dotsspeed = 1000 data-autoplay = true  data-autoplayspeed = 1000 data-loop = true > \n\t\t\t  \n\t\t\t\t\t\t\t\t\n\t\t\t\t<div class=\"slider-content\">\t\t\t\t\t\t\t\t\t\t\t\t\t\n\t\t\t\t\t\t\n\t\t\t\t\t<img decoding=\"async\" src=\"https:\/\/totreforma.cat\/wp-content\/plugins\/engage-shortcodes\/\/assets\/images\/others\/quote.png\" alt=\"\"\/>\t\t\t\t\n\t\t\t\t\t\n\t\t\t\t\t\t\t\t\t\t\n                    <p>Muy contenta con el trabajo realizado por Tot reforma. La pr\u00f3xima cuento con vosotros. \ud83d\ude09<\/p>\t\t\t\t\t\n                    <h4>MARIA J.<\/h4>\n                    <div>Reforma de ba\u00f1o<\/div>\n                <\/div>\n\t\t\t\t\t\n\t\t\t\t\t\t\t  \n\t\t\t\t\t\t\t\t\n\t\t\t\t<div class=\"slider-content\">\t\t\t\t\t\t\t\t\t\t\t\t\t\n\t\t\t\t\t\t\n\t\t\t\t\t<img decoding=\"async\" src=\"https:\/\/totreforma.cat\/wp-content\/plugins\/engage-shortcodes\/\/assets\/images\/others\/quote.png\" alt=\"\"\/>\t\t\t\t\n\t\t\t\t\t\n\t\t\t\t\t\t\t\t\t\t\n                    <p>M&#039;agradaria destacar el tracte rebut i el f\u00e0cil enteniment a l&#039;hora d&#039;entendre la idea que tenia per reformar la meva cuina.<\/p>\t\t\t\t\t\n                    <h4>Joan D.<\/h4>\n                    <div>Reforma de cocina<\/div>\n                <\/div>\n\t\t\t\t\t\n\t\t\t\t\t\t\t  \n\t\t\t\t\t\t\t\t\n\t\t\t\t<div class=\"slider-content\">\t\t\t\t\t\t\t\t\t\t\t\t\t\n\t\t\t\t\t\t\n\t\t\t\t\t<img decoding=\"async\" src=\"https:\/\/totreforma.cat\/wp-content\/plugins\/engage-shortcodes\/\/assets\/images\/others\/quote.png\" alt=\"\"\/>\t\t\t\t\n\t\t\t\t\t\n\t\t\t\t\t\t\t\t\t\t\n                    <p>Molt contenta amb el resultat! Tot uns professionals!<\/p>\t\t\t\t\t\n                    <h4>Judith I.<\/h4>\n                    <div>Reforma de ba\u00f1o<\/div>\n                <\/div>\n\t\t\t\t\t\n\t\t\t\t\t\t\t  \n\t\t\t\t\t\t\t\t\n\t\t\t\t<div class=\"slider-content\">\t\t\t\t\t\t\t\t\t\t\t\t\t\n\t\t\t\t\t\t\n\t\t\t\t\t<img decoding=\"async\" src=\"https:\/\/totreforma.cat\/wp-content\/plugins\/engage-shortcodes\/\/assets\/images\/others\/quote.png\" alt=\"\"\/>\t\t\t\t\n\t\t\t\t\t\n\t\t\t\t\t\t\t\t\t\t\n                    <p>Satisfecho con el resultado final, mi cu\u00f1ado tenia raz\u00f3n, buena calidad de materiales y de profesionales<\/p>\t\t\t\t\t\n                    <h4>Juanjo <\/h4>\n                    <div>Reforma de suelos<\/div>\n                <\/div>\n\t\t\t\t\t\n\t\t\t\t\t\t\t\t\t\t<\/div>\n\t\t<\/div>\n\n\t\t[\/vc_column][\/vc_row][vc_row container_width=\u00bbfull-width\u00bb center_content=\u00bbyes\u00bb use_overlay=\u00bbyes\u00bb overlay_color=\u00bbrgba(255,255,255,0.4)\u00bb padding_top=\u00bb20px\u00bb padding_bottom=\u00bb20px\u00bb][vc_column][vc_empty_space]\t\t\n\t\t<div class=\"special-heading clearfix align-center  \" \n\t\t\t\t\t >\n\n\t\t\t\n\t\t\t\t\t\t\t\t\n\t\t\t\t\t\t\t\t\t<h2 class=\"title\">TRABAJAMOS CON PRIMERAS MARCAS<\/h2>\t\t\t\t\t\n\t\t\t\t\n\t\t\t\t\t\t\t\n\n\t\t\t\n\t\t<\/div>\n\n\t\t[vc_empty_space height=\u00bb100px\u00bb]\n\t\t<div class=\"golo-carousel client-slider \"    data-autoplay = true  data-autoplayspeed = 500 data-stoponhover = true  data-loop = true  data-items = 5 data-items-tablet = 3 data-items-mobile-landscape = 1 data-items-mobile-portrait = 1>\n\t\t\t\t\t\n\t\t\t<div class=\"item\"><img decoding=\"async\" src=\"https:\/\/totreforma.cat\/wp-content\/uploads\/2015\/11\/aja-e1553510494727.jpg\" class=\"img-responsive\" alt=\"media\"><\/div>\n\t\t\t\n\t\t\t\t\t\t\n\t\t\t<div class=\"item\"><img decoding=\"async\" src=\"https:\/\/totreforma.cat\/wp-content\/uploads\/2015\/11\/kuchentime-e1553677486987.jpg\" class=\"img-responsive\" alt=\"media\"><\/div>\n\t\t\t\n\t\t\t\t\t\t\n\t\t\t<div class=\"item\"><img decoding=\"async\" src=\"https:\/\/totreforma.cat\/wp-content\/uploads\/2015\/11\/grohe-e1553510522688.jpg\" class=\"img-responsive\" alt=\"media\"><\/div>\n\t\t\t\n\t\t\t\t\t\t\n\t\t\t<div class=\"item\"><img decoding=\"async\" src=\"https:\/\/totreforma.cat\/wp-content\/uploads\/2015\/11\/jacob-delafon-e1553510590812.jpg\" class=\"img-responsive\" alt=\"media\"><\/div>\n\t\t\t\n\t\t\t\t\t\t\n\t\t\t<div class=\"item\"><img decoding=\"async\" src=\"https:\/\/totreforma.cat\/wp-content\/uploads\/2015\/11\/kyrya-e1553510580547.jpg\" class=\"img-responsive\" alt=\"media\"><\/div>\n\t\t\t\n\t\t\t\t\t\t\n\t\t\t<div class=\"item\"><img decoding=\"async\" src=\"https:\/\/totreforma.cat\/wp-content\/uploads\/2015\/11\/valenzuela.jpg\" class=\"img-responsive\" alt=\"media\"><\/div>\n\t\t\t\n\t\t\t\t\t\t\n\t\t\t<div class=\"item\"><img decoding=\"async\" src=\"https:\/\/totreforma.cat\/wp-content\/uploads\/2015\/11\/roca-e1553677512233.jpg\" class=\"img-responsive\" alt=\"media\"><\/div>\n\t\t\t\n\t\t\t\t\t\t\n\t\t\t<div class=\"item\"><img decoding=\"async\" src=\"https:\/\/totreforma.cat\/wp-content\/uploads\/2015\/11\/royo-e1553510559877.jpg\" class=\"img-responsive\" alt=\"media\"><\/div>\n\t\t\t\n\t\t\t\t\t\t\n\t\t\t<div class=\"item\"><img decoding=\"async\" src=\"https:\/\/totreforma.cat\/wp-content\/uploads\/2015\/11\/torvisco.jpg\" class=\"img-responsive\" alt=\"media\"><\/div>\n\t\t\t\n\t\t\t\t\t\t\n\t\t\t<div class=\"item\"><img decoding=\"async\" src=\"\" class=\"img-responsive\" alt=\"media\"><\/div>\n\t\t\t\n\t\t\t\t\t<\/div>\n\t\t\t\n\t\t[vc_empty_space][\/vc_column][\/vc_row][vc_row][vc_column][vc_column_text]<\/p>\n<p>&nbsp;<\/p>\n<p>[\/vc_column_text][\/vc_column][\/vc_row][vc_row container_width=\u00bbfull-width\u00bb center_content=\u00bbyes\u00bb use_bg_image=\u00bbyes\u00bb image_parallax=\u00bbcontent-moving\u00bb use_overlay=\u00bbyes\u00bb overlay_color=\u00bbrgba(209,209,209,0.4)\u00bb bg_image=\u00bb1987&#8243; padding_top=\u00bb310px\u00bb padding_bottom=\u00bb260px\u00bb overlay_image=\u00bb1361&#8243;][vc_column]\t\t\n\t\t<div class=\"special-heading clearfix align-center  wow bounceInLeft\" \n\t\t\t\t\tdata-wow-delay=\"0.5s\" data-wow-duration=\"1s\">\n\n\t\t\t\n\t\t\t\t\t\t\t<div class=\"bordered-title\">\t\n\t\t\t\t\t\t\t\t\t\n\t\t\t\t\t\t\t\t\t<h2 class=\"title\">VEN A VER NUESTRA TIENDA Carrer de Baix 55 de Esparreguera<\/h2>\t\t\t\t\t\n\t\t\t\t\n\t\t\t\t\t\n\t\t\t\t\t<span class=\"bordered-title-sep\"><\/span> \n\t\t\t\t<\/div>\n\t\t\t\t\t\t\n\n\t\t\t\n\t\t<\/div>\n\n\t\t[vc_empty_space height=\u00bb64px\u00bb][\/vc_column][\/vc_row][vc_column padding_left=\u00bb20px\u00bb padding_right=\u00bb20px\u00bb offset=\u00bbvc_col-md-offset-3 vc_col-md-6&#8243;][\/vc_column]<\/p>\n<\/div>","protected":false},"excerpt":{"rendered":"<p>[vc_row container_width=\u00bbfull-width\u00bb center_content=\u00bbyes\u00bb padding_top=\u00bb110px\u00bb padding_bottom=\u00bb60px\u00bb row_id=\u00bbabout\u00bb][vc_column offset=\u00bbvc_col-md-offset-3 vc_col-md-6&#8243;][vc_empty_space height=\u00bb64px\u00bb][vc_column_text animation_effect=\u00bbfadeInUp\u00bb animation_delay=\u00bb0.2&#8243;] CAN RIAL CONSTRUCCIONS I SERVEIS, DESPU\u00c9S DE 20 A\u00d1OS DE EXPERIENCIA OFRECIENDO SERVICIOS EN EL MUNDO DE LA CONSTRUCCI\u00d3N, ABRIMOS NUESTRA PRIMERA TIENDA EN ESPARREGUERA DE REFORMAS INTEGRALES DEL HOGAR PARA FACILITAR EL CONTACTO CON NUESTROS CLIENTES. [\/vc_column_text][vc_empty_space][vc_column_text animation_effect=\u00bbfadeInUp\u00bb animation_delay=\u00bb0.6&#8243; letter_spacing=\u00bb1px\u00bb font_size=\u00bb16px\u00bb line_height=\u00bb34px\u00bb] En [&hellip;]<\/p>\n","protected":false},"author":4,"featured_media":0,"parent":0,"menu_order":0,"comment_status":"closed","ping_status":"closed","template":"","meta":{"_monsterinsights_skip_tracking":false,"_monsterinsights_sitenote_active":false,"_monsterinsights_sitenote_note":"","_monsterinsights_sitenote_category":0,"footnotes":""},"class_list":["post-2428","page","type-page","status-publish","hentry"],"yoast_head":"<!-- This site is optimized with the Yoast SEO plugin v24.6 - https:\/\/yoast.com\/wordpress\/plugins\/seo\/ -->\n<title>Nosotros - Tot Reforma en Esparraguera, tu empresa de reformas experta<\/title>\n<meta name=\"description\" content=\"Tot Reforma Esparraguera es tu empresa de reformas de confianza y cuenta con una amplia variedad de servicios de reforma con profesionales cualificados.\" \/>\n<meta name=\"robots\" content=\"noindex, follow\" \/>\n<meta property=\"og:locale\" content=\"es_ES\" \/>\n<meta property=\"og:type\" content=\"article\" \/>\n<meta property=\"og:title\" content=\"Nosotros - Tot Reforma en Esparraguera, tu empresa de reformas experta\" \/>\n<meta property=\"og:description\" content=\"Tot Reforma Esparraguera es tu empresa de reformas de confianza y cuenta con una amplia variedad de servicios de reforma con profesionales cualificados.\" \/>\n<meta property=\"og:url\" content=\"https:\/\/totreforma.cat\/nosaltres\/\" \/>\n<meta property=\"og:site_name\" content=\"Tot Reforma\" \/>\n<meta property=\"article:modified_time\" content=\"2020-06-30T09:50:13+00:00\" \/>\n<meta name=\"twitter:card\" content=\"summary_large_image\" \/>\n<meta name=\"twitter:label1\" content=\"Tiempo de lectura\" \/>\n\t<meta name=\"twitter:data1\" content=\"3 minutos\" \/>\n<script type=\"application\/ld+json\" class=\"yoast-schema-graph\">{\"@context\":\"https:\/\/schema.org\",\"@graph\":[{\"@type\":\"WebPage\",\"@id\":\"https:\/\/totreforma.cat\/nosaltres\/\",\"url\":\"https:\/\/totreforma.cat\/nosaltres\/\",\"name\":\"Nosotros - Tot Reforma en Esparraguera, tu empresa de reformas experta\",\"isPartOf\":{\"@id\":\"https:\/\/totreforma.cat\/#website\"},\"datePublished\":\"2019-04-23T07:15:22+00:00\",\"dateModified\":\"2020-06-30T09:50:13+00:00\",\"description\":\"Tot Reforma Esparraguera es tu empresa de reformas de confianza y cuenta con una amplia variedad de servicios de reforma con profesionales cualificados.\",\"breadcrumb\":{\"@id\":\"https:\/\/totreforma.cat\/nosaltres\/#breadcrumb\"},\"inLanguage\":\"es\",\"potentialAction\":[{\"@type\":\"ReadAction\",\"target\":[\"https:\/\/totreforma.cat\/nosaltres\/\"]}]},{\"@type\":\"BreadcrumbList\",\"@id\":\"https:\/\/totreforma.cat\/nosaltres\/#breadcrumb\",\"itemListElement\":[{\"@type\":\"ListItem\",\"position\":1,\"name\":\"Portada\",\"item\":\"https:\/\/totreforma.cat\/es\/\"},{\"@type\":\"ListItem\",\"position\":2,\"name\":\"Nosotros\"}]},{\"@type\":\"WebSite\",\"@id\":\"https:\/\/totreforma.cat\/#website\",\"url\":\"https:\/\/totreforma.cat\/\",\"name\":\"Tot Reforma\",\"description\":\"Reformes de la llar Esparreguera\",\"potentialAction\":[{\"@type\":\"SearchAction\",\"target\":{\"@type\":\"EntryPoint\",\"urlTemplate\":\"https:\/\/totreforma.cat\/?s={search_term_string}\"},\"query-input\":{\"@type\":\"PropertyValueSpecification\",\"valueRequired\":true,\"valueName\":\"search_term_string\"}}],\"inLanguage\":\"es\"}]}<\/script>\n<!-- \/ Yoast SEO plugin. -->","yoast_head_json":{"title":"Nosotros - Tot Reforma en Esparraguera, tu empresa de reformas experta","description":"Tot Reforma Esparraguera es tu empresa de reformas de confianza y cuenta con una amplia variedad de servicios de reforma con profesionales cualificados.","robots":{"index":"noindex","follow":"follow"},"og_locale":"es_ES","og_type":"article","og_title":"Nosotros - Tot Reforma en Esparraguera, tu empresa de reformas experta","og_description":"Tot Reforma Esparraguera es tu empresa de reformas de confianza y cuenta con una amplia variedad de servicios de reforma con profesionales cualificados.","og_url":"https:\/\/totreforma.cat\/nosaltres\/","og_site_name":"Tot Reforma","article_modified_time":"2020-06-30T09:50:13+00:00","twitter_card":"summary_large_image","twitter_misc":{"Tiempo de lectura":"3 minutos"},"schema":{"@context":"https:\/\/schema.org","@graph":[{"@type":"WebPage","@id":"https:\/\/totreforma.cat\/nosaltres\/","url":"https:\/\/totreforma.cat\/nosaltres\/","name":"Nosotros - Tot Reforma en Esparraguera, tu empresa de reformas experta","isPartOf":{"@id":"https:\/\/totreforma.cat\/#website"},"datePublished":"2019-04-23T07:15:22+00:00","dateModified":"2020-06-30T09:50:13+00:00","description":"Tot Reforma Esparraguera es tu empresa de reformas de confianza y cuenta con una amplia variedad de servicios de reforma con profesionales cualificados.","breadcrumb":{"@id":"https:\/\/totreforma.cat\/nosaltres\/#breadcrumb"},"inLanguage":"es","potentialAction":[{"@type":"ReadAction","target":["https:\/\/totreforma.cat\/nosaltres\/"]}]},{"@type":"BreadcrumbList","@id":"https:\/\/totreforma.cat\/nosaltres\/#breadcrumb","itemListElement":[{"@type":"ListItem","position":1,"name":"Portada","item":"https:\/\/totreforma.cat\/es\/"},{"@type":"ListItem","position":2,"name":"Nosotros"}]},{"@type":"WebSite","@id":"https:\/\/totreforma.cat\/#website","url":"https:\/\/totreforma.cat\/","name":"Tot Reforma","description":"Reformes de la llar Esparreguera","potentialAction":[{"@type":"SearchAction","target":{"@type":"EntryPoint","urlTemplate":"https:\/\/totreforma.cat\/?s={search_term_string}"},"query-input":{"@type":"PropertyValueSpecification","valueRequired":true,"valueName":"search_term_string"}}],"inLanguage":"es"}]}},"_links":{"self":[{"href":"https:\/\/totreforma.cat\/es\/wp-json\/wp\/v2\/pages\/2428","targetHints":{"allow":["GET"]}}],"collection":[{"href":"https:\/\/totreforma.cat\/es\/wp-json\/wp\/v2\/pages"}],"about":[{"href":"https:\/\/totreforma.cat\/es\/wp-json\/wp\/v2\/types\/page"}],"author":[{"embeddable":true,"href":"https:\/\/totreforma.cat\/es\/wp-json\/wp\/v2\/users\/4"}],"replies":[{"embeddable":true,"href":"https:\/\/totreforma.cat\/es\/wp-json\/wp\/v2\/comments?post=2428"}],"version-history":[{"count":1,"href":"https:\/\/totreforma.cat\/es\/wp-json\/wp\/v2\/pages\/2428\/revisions"}],"predecessor-version":[{"id":3731,"href":"https:\/\/totreforma.cat\/es\/wp-json\/wp\/v2\/pages\/2428\/revisions\/3731"}],"wp:attachment":[{"href":"https:\/\/totreforma.cat\/es\/wp-json\/wp\/v2\/media?parent=2428"}],"curies":[{"name":"wp","href":"https:\/\/api.w.org\/{rel}","templated":true}]}}