{"id":2551,"date":"2019-05-29T14:49:23","date_gmt":"2019-05-29T14:49:23","guid":{"rendered":"https:\/\/totreforma.cat\/?page_id=2551"},"modified":"2020-07-03T11:14:05","modified_gmt":"2020-07-03T09:14:05","slug":"diseno","status":"publish","type":"page","link":"https:\/\/totreforma.cat\/es\/diseno\/","title":{"rendered":"DISE\u00d1O"},"content":{"rendered":"<div class=\"wpb-content-wrapper\"><p>[vc_row container_width=\u00bbfull-width\u00bb center_content=\u00bbyes\u00bb padding_top=\u00bb110px\u00bb padding_bottom=\u00bb40px\u00bb row_id=\u00bbwork\u00bb][vc_column padding_left=\u00bb20px\u00bb padding_right=\u00bb20px\u00bb][vc_empty_space height=\u00bb64px\u00bb]\t\t\n\t\t<div class=\"special-heading clearfix align-center  \" \n\t\t\t\t\t >\n\n\t\t\t\n\t\t\t\t\t\t\t\t\n\t\t\t\t\t\t\t\t\t<h2 class=\"title\">DISE\u00d1O DE INTERIORES EN ESPARRAGUERA<\/h2>\t\t\t\t\t\n\t\t\t\t\n\t\t\t\t\t\t\t\n\n\t\t\t\t\t\t\t<span class=\"single-dash\"><\/span> \t\t\t\n\t\t\t\n\t\t<\/div>\n\n\t\t[vc_column_text]<\/p>\n<p style=\"text-align: center;\">A la hora de afrontar cualquier tipo de reforma, es importante tener claro que hay varios elementos a tener en cuenta, uno de ellos es el dise\u00f1o.\u00a0Que el resultado sea el que esper\u00e1bamos se consigue haciendo un buen estudio de la obra a realizar, donde tendremos que identificar la l\u00ednea est\u00e9tica que se quiere seguir.<\/p>\n<p>[\/vc_column_text][\/vc_column][\/vc_row][vc_row use_equal_columns=\u00bbyes\u00bb padding_bottom=\u00bb80px\u00bb][vc_column width=\u00bb1\/2&#8243; use_bg_color=\u00bbyes\u00bb use_bg_image=\u00bbyes\u00bb bg_image=\u00bb1908&#8243; bg_color=\u00bb#f1f1f1&#8243; padding_left=\u00bb50px\u00bb padding_top=\u00bb60px\u00bb padding_bottom=\u00bb60px\u00bb][vc_single_image image=\u00bb2639&#8243; img_size=\u00bb600X320&#8243; alignment=\u00bbcenter\u00bb][vc_single_image image=\u00bb2641&#8243; img_size=\u00bb600X320&#8243; alignment=\u00bbcenter\u00bb css=\u00bb.vc_custom_1559141338763{padding-top: 40px !important;}\u00bb][\/vc_column][vc_column width=\u00bb1\/2&#8243; use_bg_color=\u00bbyes\u00bb bg_color=\u00bb#f1f1f1&#8243; padding_top=\u00bb60px\u00bb padding_bottom=\u00bb60px\u00bb padding_right=\u00bb50px\u00bb][vc_column_text]<b>En Tot Reforma contamos con profesionales en este sector que sabr\u00e1n plasmar las necesidades y deseos que el cliente nos indique.<\/b><\/p>\n<p>&nbsp;<\/p>\n<p>El dise\u00f1o es una parte fundamental en el planteamiento de una reforma, pues con un buen interiorismo daremos respuesta a necesidades patentes. Como puede ser conseguir una sensaci\u00f3n de mayor espacio, m\u00e1s luminosidad, mejorar la funcionalidad\u2026y como no, que la visi\u00f3n global nos resulte atractiva, refrescante, c\u00e1lida, acogedora, futurista\u2026seg\u00fan quiera cada cliente.<\/p>\n<p>&nbsp;<\/p>\n<p>Est\u00e1 claro que la opini\u00f3n respecto a c\u00f3mo deber\u00eda ser el ambiente de nuestro hogar o del lugar de trabajo, var\u00eda seg\u00fan cada persona. En este sentido, nuestra dilatada experiencia nos da las herramientas para ofrecer todo lo que hay en el mercado para satisfacer al cliente.<\/p>\n<p>&nbsp;<\/p>\n<p>Una reforma basada en un buen dise\u00f1o puede conseguir sacar el mayor provecho al espacio. No importa si se trata de una obra peque\u00f1a o de un gran proyecto. En Tot Reforma estamos comprometidos con la calidad y la seriedad de servicio. Trabajamos con las mejores marcas y con trabajadores de varias disciplinas que desarrollaran sus ideas para transformar su casa, oficina o local en lo que estaba so\u00f1ando.[\/vc_column_text][\/vc_column][\/vc_row][vc_row container_width=\u00bbfull-width\u00bb center_content=\u00bbyes\u00bb use_bg_image=\u00bbyes\u00bb image_parallax=\u00bbcontent-moving\u00bb use_overlay=\u00bbyes\u00bb bg_image=\u00bb1987&#8243; padding_top=\u00bb60px\u00bb padding_bottom=\u00bb60px\u00bb overlay_image=\u00bb1361&#8243;][vc_column offset=\u00bbvc_col-md-offset-2 vc_col-md-8&#8243;]\t\t\n\t\t<div class=\"promo  left-aligned clearfix  light wow fadeInRight\" \n\t\t\tdata-wow-delay=\"0.4s\" data-wow-duration=\"1s\">\n\t\t\t\t\t\t\t\t\n\t\t\t\t\t\t\n\t\t\t\n\t\t\t\t\t\t<div class=\"promo-text\">\n\t\t\t\t\t\t\n\t\t\t<h2>\u00bfQuieres recibir m\u00e1s informaci\u00f3n?<\/h2>\n\t\t\t\n\t\t\t\t\t\t\t<p>Ponte en contacto con nosotros.<\/p>\n\t\t\t\t\t\t\n\t\t\t\t\t\t<\/div>\t\t\t\n\t\t\t\t\n\t\t\t\t\t\t\t\n\t\t\t\t\t\t\n\t\t\t<div class=\"promo-action clearfix\"> \n\t\t\t\t\n\t\t\t\t\t\t\t\t\t<a href=\"https:\/\/totreforma.cat\/es\/contacto\/\"  \n\t\t\t\t\t   class=\"btn btn-scroll big solid\">\n\t\t\t\t\t\t   PRESUPUESTO\t\t\t\t\t<\/a> \n\t\t\t\t\t\t\t\t\t\n                \t\t\t\t\n\t\t\t<\/div>\t\n\t\t\t\n\t\t<\/div>  \n\n\t\n\t\t\n\t\t[\/vc_column][\/vc_row]<\/p>\n<\/div>","protected":false},"excerpt":{"rendered":"<p>[vc_row container_width=\u00bbfull-width\u00bb center_content=\u00bbyes\u00bb padding_top=\u00bb110px\u00bb padding_bottom=\u00bb40px\u00bb row_id=\u00bbwork\u00bb][vc_column padding_left=\u00bb20px\u00bb padding_right=\u00bb20px\u00bb][vc_empty_space height=\u00bb64px\u00bb][vc_column_text] A la hora de afrontar cualquier tipo de reforma, es importante tener claro que hay varios elementos a tener en cuenta, uno de ellos es el dise\u00f1o.\u00a0Que el resultado sea el que esper\u00e1bamos se consigue haciendo un buen estudio de la obra a realizar, donde tendremos [&hellip;]<\/p>\n","protected":false},"author":4,"featured_media":0,"parent":0,"menu_order":0,"comment_status":"closed","ping_status":"closed","template":"","meta":{"_monsterinsights_skip_tracking":false,"_monsterinsights_sitenote_active":false,"_monsterinsights_sitenote_note":"","_monsterinsights_sitenote_category":0,"footnotes":""},"class_list":["post-2551","page","type-page","status-publish","hentry"],"yoast_head":"<!-- This site is optimized with the Yoast SEO plugin v24.6 - https:\/\/yoast.com\/wordpress\/plugins\/seo\/ -->\n<title>DISE\u00d1O - Tot Reforma interioristas de reformas para tus proyectos<\/title>\n<meta name=\"description\" content=\"DISE\u00d1O Tot Reforma - Empresa de reformas con interioristas que dise\u00f1ar\u00e1n los acabados de tu reforma para plasmar tus necesidades y deseos.\" \/>\n<meta name=\"robots\" content=\"index, follow, max-snippet:-1, max-image-preview:large, max-video-preview:-1\" \/>\n<link rel=\"canonical\" href=\"https:\/\/totreforma.cat\/disseny\/\" \/>\n<meta property=\"og:locale\" content=\"es_ES\" \/>\n<meta property=\"og:type\" content=\"article\" \/>\n<meta property=\"og:title\" content=\"DISE\u00d1O - Tot Reforma interioristas de reformas para tus proyectos\" \/>\n<meta property=\"og:description\" content=\"DISE\u00d1O Tot Reforma - Empresa de reformas con interioristas que dise\u00f1ar\u00e1n los acabados de tu reforma para plasmar tus necesidades y deseos.\" \/>\n<meta property=\"og:url\" content=\"https:\/\/totreforma.cat\/disseny\/\" \/>\n<meta property=\"og:site_name\" content=\"Tot Reforma\" \/>\n<meta property=\"article:modified_time\" content=\"2020-07-03T09:14:05+00:00\" \/>\n<meta name=\"twitter:card\" content=\"summary_large_image\" \/>\n<meta name=\"twitter:label1\" content=\"Tiempo de lectura\" \/>\n\t<meta name=\"twitter:data1\" content=\"3 minutos\" \/>\n<script type=\"application\/ld+json\" class=\"yoast-schema-graph\">{\"@context\":\"https:\/\/schema.org\",\"@graph\":[{\"@type\":\"WebPage\",\"@id\":\"https:\/\/totreforma.cat\/disseny\/\",\"url\":\"https:\/\/totreforma.cat\/disseny\/\",\"name\":\"DISE\u00d1O - Tot Reforma interioristas de reformas para tus proyectos\",\"isPartOf\":{\"@id\":\"https:\/\/totreforma.cat\/#website\"},\"datePublished\":\"2019-05-29T14:49:23+00:00\",\"dateModified\":\"2020-07-03T09:14:05+00:00\",\"description\":\"DISE\u00d1O Tot Reforma - Empresa de reformas con interioristas que dise\u00f1ar\u00e1n los acabados de tu reforma para plasmar tus necesidades y deseos.\",\"breadcrumb\":{\"@id\":\"https:\/\/totreforma.cat\/disseny\/#breadcrumb\"},\"inLanguage\":\"es\",\"potentialAction\":[{\"@type\":\"ReadAction\",\"target\":[\"https:\/\/totreforma.cat\/disseny\/\"]}]},{\"@type\":\"BreadcrumbList\",\"@id\":\"https:\/\/totreforma.cat\/disseny\/#breadcrumb\",\"itemListElement\":[{\"@type\":\"ListItem\",\"position\":1,\"name\":\"Portada\",\"item\":\"https:\/\/totreforma.cat\/es\/\"},{\"@type\":\"ListItem\",\"position\":2,\"name\":\"DISE\u00d1O\"}]},{\"@type\":\"WebSite\",\"@id\":\"https:\/\/totreforma.cat\/#website\",\"url\":\"https:\/\/totreforma.cat\/\",\"name\":\"Tot Reforma\",\"description\":\"Reformes de la llar Esparreguera\",\"potentialAction\":[{\"@type\":\"SearchAction\",\"target\":{\"@type\":\"EntryPoint\",\"urlTemplate\":\"https:\/\/totreforma.cat\/?s={search_term_string}\"},\"query-input\":{\"@type\":\"PropertyValueSpecification\",\"valueRequired\":true,\"valueName\":\"search_term_string\"}}],\"inLanguage\":\"es\"}]}<\/script>\n<!-- \/ Yoast SEO plugin. -->","yoast_head_json":{"title":"DISE\u00d1O - Tot Reforma interioristas de reformas para tus proyectos","description":"DISE\u00d1O Tot Reforma - Empresa de reformas con interioristas que dise\u00f1ar\u00e1n los acabados de tu reforma para plasmar tus necesidades y deseos.","robots":{"index":"index","follow":"follow","max-snippet":"max-snippet:-1","max-image-preview":"max-image-preview:large","max-video-preview":"max-video-preview:-1"},"canonical":"https:\/\/totreforma.cat\/disseny\/","og_locale":"es_ES","og_type":"article","og_title":"DISE\u00d1O - Tot Reforma interioristas de reformas para tus proyectos","og_description":"DISE\u00d1O Tot Reforma - Empresa de reformas con interioristas que dise\u00f1ar\u00e1n los acabados de tu reforma para plasmar tus necesidades y deseos.","og_url":"https:\/\/totreforma.cat\/disseny\/","og_site_name":"Tot Reforma","article_modified_time":"2020-07-03T09:14:05+00:00","twitter_card":"summary_large_image","twitter_misc":{"Tiempo de lectura":"3 minutos"},"schema":{"@context":"https:\/\/schema.org","@graph":[{"@type":"WebPage","@id":"https:\/\/totreforma.cat\/disseny\/","url":"https:\/\/totreforma.cat\/disseny\/","name":"DISE\u00d1O - Tot Reforma interioristas de reformas para tus proyectos","isPartOf":{"@id":"https:\/\/totreforma.cat\/#website"},"datePublished":"2019-05-29T14:49:23+00:00","dateModified":"2020-07-03T09:14:05+00:00","description":"DISE\u00d1O Tot Reforma - Empresa de reformas con interioristas que dise\u00f1ar\u00e1n los acabados de tu reforma para plasmar tus necesidades y deseos.","breadcrumb":{"@id":"https:\/\/totreforma.cat\/disseny\/#breadcrumb"},"inLanguage":"es","potentialAction":[{"@type":"ReadAction","target":["https:\/\/totreforma.cat\/disseny\/"]}]},{"@type":"BreadcrumbList","@id":"https:\/\/totreforma.cat\/disseny\/#breadcrumb","itemListElement":[{"@type":"ListItem","position":1,"name":"Portada","item":"https:\/\/totreforma.cat\/es\/"},{"@type":"ListItem","position":2,"name":"DISE\u00d1O"}]},{"@type":"WebSite","@id":"https:\/\/totreforma.cat\/#website","url":"https:\/\/totreforma.cat\/","name":"Tot Reforma","description":"Reformes de la llar Esparreguera","potentialAction":[{"@type":"SearchAction","target":{"@type":"EntryPoint","urlTemplate":"https:\/\/totreforma.cat\/?s={search_term_string}"},"query-input":{"@type":"PropertyValueSpecification","valueRequired":true,"valueName":"search_term_string"}}],"inLanguage":"es"}]}},"_links":{"self":[{"href":"https:\/\/totreforma.cat\/es\/wp-json\/wp\/v2\/pages\/2551","targetHints":{"allow":["GET"]}}],"collection":[{"href":"https:\/\/totreforma.cat\/es\/wp-json\/wp\/v2\/pages"}],"about":[{"href":"https:\/\/totreforma.cat\/es\/wp-json\/wp\/v2\/types\/page"}],"author":[{"embeddable":true,"href":"https:\/\/totreforma.cat\/es\/wp-json\/wp\/v2\/users\/4"}],"replies":[{"embeddable":true,"href":"https:\/\/totreforma.cat\/es\/wp-json\/wp\/v2\/comments?post=2551"}],"version-history":[{"count":2,"href":"https:\/\/totreforma.cat\/es\/wp-json\/wp\/v2\/pages\/2551\/revisions"}],"predecessor-version":[{"id":3779,"href":"https:\/\/totreforma.cat\/es\/wp-json\/wp\/v2\/pages\/2551\/revisions\/3779"}],"wp:attachment":[{"href":"https:\/\/totreforma.cat\/es\/wp-json\/wp\/v2\/media?parent=2551"}],"curies":[{"name":"wp","href":"https:\/\/api.w.org\/{rel}","templated":true}]}}