{"id":2600,"date":"2019-05-29T14:33:01","date_gmt":"2019-05-29T14:33:01","guid":{"rendered":"https:\/\/totreforma.cat\/?page_id=2600"},"modified":"2020-06-30T12:45:28","modified_gmt":"2020-06-30T10:45:28","slug":"banos-y-aseos","status":"publish","type":"page","link":"https:\/\/totreforma.cat\/es\/banos-y-aseos\/","title":{"rendered":"REFORMA DE BA\u00d1OS Y ASEOS"},"content":{"rendered":"<div class=\"wpb-content-wrapper\"><p>[vc_row container_width=\u00bbfull-width\u00bb center_content=\u00bbyes\u00bb padding_top=\u00bb110px\u00bb padding_bottom=\u00bb40px\u00bb row_id=\u00bbwork\u00bb][vc_column padding_left=\u00bb20px\u00bb padding_right=\u00bb20px\u00bb][vc_empty_space height=\u00bb64px\u00bb]\t\t\n\t\t<div class=\"special-heading clearfix align-center  \" \n\t\t\t\t\t >\n\n\t\t\t\n\t\t\t\t\t\t\t\t\n\t\t\t\t\t\t\t\t\t<h2 class=\"title\">REFORMA DE BA\u00d1OS Y ASEOS EN ESPARRAGUERA<\/h2>\t\t\t\t\t\n\t\t\t\t\n\t\t\t\t\t\t\t\n\n\t\t\t\t\t\t\t<span class=\"single-dash\"><\/span> \t\t\t\n\t\t\t\n\t\t<\/div>\n\n\t\t[vc_column_text]<\/p>\n<p style=\"text-align: center;\">Nuestra experiencia de m\u00e1s de 20 a\u00f1os avala nuestro nivel de compromiso con el cliente. Somos especialistas en la reforma de ba\u00f1os y aseos y buscamos siempre la mayor calidad en todos nuestros trabajos.<\/p>\n<p>[\/vc_column_text][\/vc_column][\/vc_row][vc_row use_equal_columns=\u00bbyes\u00bb padding_bottom=\u00bb80px\u00bb][vc_column width=\u00bb1\/2&#8243; use_bg_color=\u00bbyes\u00bb use_bg_image=\u00bbyes\u00bb bg_image=\u00bb1908&#8243; bg_color=\u00bb#f1f1f1&#8243; padding_left=\u00bb50px\u00bb padding_top=\u00bb60px\u00bb padding_bottom=\u00bb60px\u00bb][vc_single_image image=\u00bb2629&#8243; img_size=\u00bb600X450&#8243; alignment=\u00bbcenter\u00bb][vc_single_image image=\u00bb2627&#8243; img_size=\u00bb600X450&#8243; alignment=\u00bbcenter\u00bb css=\u00bb.vc_custom_1559140304062{padding-top: 50px !important;}\u00bb][\/vc_column][vc_column width=\u00bb1\/2&#8243; use_bg_color=\u00bbyes\u00bb bg_color=\u00bb#f1f1f1&#8243; padding_top=\u00bb60px\u00bb padding_bottom=\u00bb60px\u00bb padding_right=\u00bb50px\u00bb][vc_column_text]<strong>Reformar un ba\u00f1o o un aseo es, sin duda, una de las obras m\u00e1s solicitadas en los \u00faltimos a\u00f1os. En ocasiones se busca \u00fanicamente una renovaci\u00f3n por criterios de modernizaci\u00f3n en su est\u00e9tica, en otros casos se hace por mejorar su funcionalidad o por conseguir un espacio mejor adaptado a discapacidades y\/o necesidades especiales.<\/strong><\/p>\n<p>&nbsp;<\/p>\n<p>En cualquier caso, Tot Reforma sabr\u00e1 adaptarse a sus necesidades, consiguiendo en cada caso, el resultado m\u00e1s satisfactorio.<\/p>\n<p>&nbsp;<\/p>\n<p>El mundo del dise\u00f1o, en materia de ba\u00f1os, ha cambiado mucho en los \u00faltimos a\u00f1os, antes era una parte de la casa cuya \u00fanica importancia era la de satisfacer la funcionalidad. Por suerte, esto ha cambiado, y cada vez son m\u00e1s las personas que buscan personalizar la parte m\u00e1s \u00edntima de su hogar. Quieren que la vanguardia, el dise\u00f1o y la tecnolog\u00eda se extiendan tambi\u00e9n al ba\u00f1o y al aseo.<\/p>\n<p>&nbsp;<\/p>\n<p>Ante esta nueva tendencia, en Tot Reforma hemos apostado por un gran equipo de especialistas capaces de cubrir todas las necesidades y gustos de nuestros clientes. Por ello, tanto si se trata de una reforma integral, como de unas modificaciones puntuales, nuestros profesionales dise\u00f1ar\u00e1n y le asesorar\u00e1n sobre las mejores opciones.<\/p>\n<p>&nbsp;<\/p>\n<p>Podr\u00e1 elegir todos los detalles de su ba\u00f1o. Azulejos, mobiliario, sanitarios\u2026conociendo siempre las caracter\u00edsticas de cada uno de ellos y poder, as\u00ed, tomar la decisi\u00f3n m\u00e1s acertada.<\/p>\n<p>&nbsp;<\/p>\n<p>Damos un servicio completo y serio tanto a particulares como a empresas.\u00a0Si est\u00e1 pensando en cambiar su ba\u00f1o, no dude en consultarnos.[\/vc_column_text][\/vc_column][\/vc_row][vc_row container_width=\u00bbfull-width\u00bb center_content=\u00bbyes\u00bb use_bg_image=\u00bbyes\u00bb image_parallax=\u00bbcontent-moving\u00bb use_overlay=\u00bbyes\u00bb bg_image=\u00bb1987&#8243; padding_top=\u00bb60px\u00bb padding_bottom=\u00bb60px\u00bb overlay_image=\u00bb1361&#8243;][vc_column offset=\u00bbvc_col-md-offset-2 vc_col-md-8&#8243;]\t\t\n\t\t<div class=\"promo  left-aligned clearfix  light wow fadeInRight\" \n\t\t\tdata-wow-delay=\"0.4s\" data-wow-duration=\"1s\">\n\t\t\t\t\t\t\t\t\n\t\t\t\t\t\t\n\t\t\t\n\t\t\t\t\t\t<div class=\"promo-text\">\n\t\t\t\t\t\t\n\t\t\t<h2>\u00bfQuieres recibir m\u00e1s informaci\u00f3n?<\/h2>\n\t\t\t\n\t\t\t\t\t\t\t<p>Ponte en contacto con nosotros.<\/p>\n\t\t\t\t\t\t\n\t\t\t\t\t\t<\/div>\t\t\t\n\t\t\t\t\n\t\t\t\t\t\t\t\n\t\t\t\t\t\t\n\t\t\t<div class=\"promo-action clearfix\"> \n\t\t\t\t\n\t\t\t\t\t\t\t\t\t<a href=\"https:\/\/totreforma.cat\/es\/contacto\/\"  \n\t\t\t\t\t   class=\"btn btn-scroll big solid\">\n\t\t\t\t\t\t   PRESUPUESTO\t\t\t\t\t<\/a> \n\t\t\t\t\t\t\t\t\t\n                \t\t\t\t\n\t\t\t<\/div>\t\n\t\t\t\n\t\t<\/div>  \n\n\t\n\t\t\n\t\t[\/vc_column][\/vc_row]<\/p>\n<\/div>","protected":false},"excerpt":{"rendered":"<p>[vc_row container_width=\u00bbfull-width\u00bb center_content=\u00bbyes\u00bb padding_top=\u00bb110px\u00bb padding_bottom=\u00bb40px\u00bb row_id=\u00bbwork\u00bb][vc_column padding_left=\u00bb20px\u00bb padding_right=\u00bb20px\u00bb][vc_empty_space height=\u00bb64px\u00bb][vc_column_text] Nuestra experiencia de m\u00e1s de 20 a\u00f1os avala nuestro nivel de compromiso con el cliente. Somos especialistas en la reforma de ba\u00f1os y aseos y buscamos siempre la mayor calidad en todos nuestros trabajos. [\/vc_column_text][\/vc_column][\/vc_row][vc_row use_equal_columns=\u00bbyes\u00bb padding_bottom=\u00bb80px\u00bb][vc_column width=\u00bb1\/2&#8243; use_bg_color=\u00bbyes\u00bb use_bg_image=\u00bbyes\u00bb bg_image=\u00bb1908&#8243; bg_color=\u00bb#f1f1f1&#8243; padding_left=\u00bb50px\u00bb padding_top=\u00bb60px\u00bb padding_bottom=\u00bb60px\u00bb][vc_single_image image=\u00bb2629&#8243; [&hellip;]<\/p>\n","protected":false},"author":4,"featured_media":0,"parent":0,"menu_order":0,"comment_status":"closed","ping_status":"closed","template":"","meta":{"_monsterinsights_skip_tracking":false,"_monsterinsights_sitenote_active":false,"_monsterinsights_sitenote_note":"","_monsterinsights_sitenote_category":0,"footnotes":""},"class_list":["post-2600","page","type-page","status-publish","hentry"],"yoast_head":"<!-- This site is optimized with the Yoast SEO plugin v24.6 - https:\/\/yoast.com\/wordpress\/plugins\/seo\/ -->\n<title>REFORMA DE BA\u00d1OS Y ASEOS - Tot Reforma reformas en Esparraguera<\/title>\n<meta name=\"description\" content=\"Tot Reforma, empresa de reformas en Esparraguera. Reforma de ba\u00f1os y aseos en Esparraguera. Seriedad y profesionalidad unidos para reformar tu ba\u00f1o.\" \/>\n<meta name=\"robots\" content=\"index, follow, max-snippet:-1, max-image-preview:large, max-video-preview:-1\" \/>\n<link rel=\"canonical\" href=\"https:\/\/totreforma.cat\/banos-y-aseos\/\" \/>\n<meta property=\"og:locale\" content=\"es_ES\" \/>\n<meta property=\"og:type\" content=\"article\" \/>\n<meta property=\"og:title\" content=\"REFORMA DE BA\u00d1OS Y ASEOS - Tot Reforma reformas en Esparraguera\" \/>\n<meta property=\"og:description\" content=\"Tot Reforma, empresa de reformas en Esparraguera. Reforma de ba\u00f1os y aseos en Esparraguera. Seriedad y profesionalidad unidos para reformar tu ba\u00f1o.\" \/>\n<meta property=\"og:url\" content=\"https:\/\/totreforma.cat\/banos-y-aseos\/\" \/>\n<meta property=\"og:site_name\" content=\"Tot Reforma\" \/>\n<meta property=\"article:modified_time\" content=\"2020-06-30T10:45:28+00:00\" \/>\n<meta name=\"twitter:card\" content=\"summary_large_image\" \/>\n<meta name=\"twitter:label1\" content=\"Tiempo de lectura\" \/>\n\t<meta name=\"twitter:data1\" content=\"3 minutos\" \/>\n<script type=\"application\/ld+json\" class=\"yoast-schema-graph\">{\"@context\":\"https:\/\/schema.org\",\"@graph\":[{\"@type\":\"WebPage\",\"@id\":\"https:\/\/totreforma.cat\/banos-y-aseos\/\",\"url\":\"https:\/\/totreforma.cat\/banos-y-aseos\/\",\"name\":\"REFORMA DE BA\u00d1OS Y ASEOS - Tot Reforma reformas en Esparraguera\",\"isPartOf\":{\"@id\":\"https:\/\/totreforma.cat\/#website\"},\"datePublished\":\"2019-05-29T14:33:01+00:00\",\"dateModified\":\"2020-06-30T10:45:28+00:00\",\"description\":\"Tot Reforma, empresa de reformas en Esparraguera. Reforma de ba\u00f1os y aseos en Esparraguera. Seriedad y profesionalidad unidos para reformar tu ba\u00f1o.\",\"breadcrumb\":{\"@id\":\"https:\/\/totreforma.cat\/banos-y-aseos\/#breadcrumb\"},\"inLanguage\":\"es\",\"potentialAction\":[{\"@type\":\"ReadAction\",\"target\":[\"https:\/\/totreforma.cat\/banos-y-aseos\/\"]}]},{\"@type\":\"BreadcrumbList\",\"@id\":\"https:\/\/totreforma.cat\/banos-y-aseos\/#breadcrumb\",\"itemListElement\":[{\"@type\":\"ListItem\",\"position\":1,\"name\":\"Portada\",\"item\":\"https:\/\/totreforma.cat\/es\/\"},{\"@type\":\"ListItem\",\"position\":2,\"name\":\"REFORMA DE BA\u00d1OS Y ASEOS\"}]},{\"@type\":\"WebSite\",\"@id\":\"https:\/\/totreforma.cat\/#website\",\"url\":\"https:\/\/totreforma.cat\/\",\"name\":\"Tot Reforma\",\"description\":\"Reformes de la llar Esparreguera\",\"potentialAction\":[{\"@type\":\"SearchAction\",\"target\":{\"@type\":\"EntryPoint\",\"urlTemplate\":\"https:\/\/totreforma.cat\/?s={search_term_string}\"},\"query-input\":{\"@type\":\"PropertyValueSpecification\",\"valueRequired\":true,\"valueName\":\"search_term_string\"}}],\"inLanguage\":\"es\"}]}<\/script>\n<!-- \/ Yoast SEO plugin. -->","yoast_head_json":{"title":"REFORMA DE BA\u00d1OS Y ASEOS - Tot Reforma reformas en Esparraguera","description":"Tot Reforma, empresa de reformas en Esparraguera. Reforma de ba\u00f1os y aseos en Esparraguera. Seriedad y profesionalidad unidos para reformar tu ba\u00f1o.","robots":{"index":"index","follow":"follow","max-snippet":"max-snippet:-1","max-image-preview":"max-image-preview:large","max-video-preview":"max-video-preview:-1"},"canonical":"https:\/\/totreforma.cat\/banos-y-aseos\/","og_locale":"es_ES","og_type":"article","og_title":"REFORMA DE BA\u00d1OS Y ASEOS - Tot Reforma reformas en Esparraguera","og_description":"Tot Reforma, empresa de reformas en Esparraguera. Reforma de ba\u00f1os y aseos en Esparraguera. Seriedad y profesionalidad unidos para reformar tu ba\u00f1o.","og_url":"https:\/\/totreforma.cat\/banos-y-aseos\/","og_site_name":"Tot Reforma","article_modified_time":"2020-06-30T10:45:28+00:00","twitter_card":"summary_large_image","twitter_misc":{"Tiempo de lectura":"3 minutos"},"schema":{"@context":"https:\/\/schema.org","@graph":[{"@type":"WebPage","@id":"https:\/\/totreforma.cat\/banos-y-aseos\/","url":"https:\/\/totreforma.cat\/banos-y-aseos\/","name":"REFORMA DE BA\u00d1OS Y ASEOS - Tot Reforma reformas en Esparraguera","isPartOf":{"@id":"https:\/\/totreforma.cat\/#website"},"datePublished":"2019-05-29T14:33:01+00:00","dateModified":"2020-06-30T10:45:28+00:00","description":"Tot Reforma, empresa de reformas en Esparraguera. Reforma de ba\u00f1os y aseos en Esparraguera. Seriedad y profesionalidad unidos para reformar tu ba\u00f1o.","breadcrumb":{"@id":"https:\/\/totreforma.cat\/banos-y-aseos\/#breadcrumb"},"inLanguage":"es","potentialAction":[{"@type":"ReadAction","target":["https:\/\/totreforma.cat\/banos-y-aseos\/"]}]},{"@type":"BreadcrumbList","@id":"https:\/\/totreforma.cat\/banos-y-aseos\/#breadcrumb","itemListElement":[{"@type":"ListItem","position":1,"name":"Portada","item":"https:\/\/totreforma.cat\/es\/"},{"@type":"ListItem","position":2,"name":"REFORMA DE BA\u00d1OS Y ASEOS"}]},{"@type":"WebSite","@id":"https:\/\/totreforma.cat\/#website","url":"https:\/\/totreforma.cat\/","name":"Tot Reforma","description":"Reformes de la llar Esparreguera","potentialAction":[{"@type":"SearchAction","target":{"@type":"EntryPoint","urlTemplate":"https:\/\/totreforma.cat\/?s={search_term_string}"},"query-input":{"@type":"PropertyValueSpecification","valueRequired":true,"valueName":"search_term_string"}}],"inLanguage":"es"}]}},"_links":{"self":[{"href":"https:\/\/totreforma.cat\/es\/wp-json\/wp\/v2\/pages\/2600","targetHints":{"allow":["GET"]}}],"collection":[{"href":"https:\/\/totreforma.cat\/es\/wp-json\/wp\/v2\/pages"}],"about":[{"href":"https:\/\/totreforma.cat\/es\/wp-json\/wp\/v2\/types\/page"}],"author":[{"embeddable":true,"href":"https:\/\/totreforma.cat\/es\/wp-json\/wp\/v2\/users\/4"}],"replies":[{"embeddable":true,"href":"https:\/\/totreforma.cat\/es\/wp-json\/wp\/v2\/comments?post=2600"}],"version-history":[{"count":2,"href":"https:\/\/totreforma.cat\/es\/wp-json\/wp\/v2\/pages\/2600\/revisions"}],"predecessor-version":[{"id":3738,"href":"https:\/\/totreforma.cat\/es\/wp-json\/wp\/v2\/pages\/2600\/revisions\/3738"}],"wp:attachment":[{"href":"https:\/\/totreforma.cat\/es\/wp-json\/wp\/v2\/media?parent=2600"}],"curies":[{"name":"wp","href":"https:\/\/api.w.org\/{rel}","templated":true}]}}