{"id":2605,"date":"2019-05-29T14:44:06","date_gmt":"2019-05-29T14:44:06","guid":{"rendered":"https:\/\/totreforma.cat\/?page_id=2605"},"modified":"2020-06-30T12:23:26","modified_gmt":"2020-06-30T10:23:26","slug":"reforma-de-cocinas-en-esparraguera","status":"publish","type":"page","link":"https:\/\/totreforma.cat\/es\/reforma-de-cocinas-en-esparraguera\/","title":{"rendered":"REFORMA DE COCINAS"},"content":{"rendered":"<div class=\"wpb-content-wrapper\"><p>[vc_row container_width=\u00bbfull-width\u00bb center_content=\u00bbyes\u00bb padding_top=\u00bb110px\u00bb padding_bottom=\u00bb40px\u00bb row_id=\u00bbwork\u00bb][vc_column padding_left=\u00bb20px\u00bb padding_right=\u00bb20px\u00bb][vc_empty_space height=\u00bb64px\u00bb]\t\t\n\t\t<div class=\"special-heading clearfix align-center  \" \n\t\t\t\t\t >\n\n\t\t\t\n\t\t\t\t\t\t\t\t\n\t\t\t\t\t\t\t\t\t<h2 class=\"title\">REFORMA DE COCINAS EN ESPARRAGUERA<\/h2>\t\t\t\t\t\n\t\t\t\t\n\t\t\t\t\t\t\t\n\n\t\t\t\t\t\t\t<span class=\"single-dash\"><\/span> \t\t\t\n\t\t\t\n\t\t<\/div>\n\n\t\t[vc_column_text]<\/p>\n<p style=\"text-align: center;\">En Tot Reforma estamos comprometidos con la calidad en el servicio a nuestros clientes en todas y cada una de las reformas de cocinas que realizamos.<\/p>\n<p>[\/vc_column_text][\/vc_column][\/vc_row][vc_row use_equal_columns=\u00bbyes\u00bb padding_bottom=\u00bb80px\u00bb][vc_column width=\u00bb1\/2&#8243; use_bg_color=\u00bbyes\u00bb use_bg_image=\u00bbyes\u00bb bg_image=\u00bb1908&#8243; bg_color=\u00bb#f1f1f1&#8243; padding_left=\u00bb50px\u00bb padding_top=\u00bb60px\u00bb padding_bottom=\u00bb60px\u00bb][vc_single_image image=\u00bb2632&#8243; img_size=\u00bb600X480&#8243; alignment=\u00bbcenter\u00bb][vc_single_image image=\u00bb2819&#8243; img_size=\u00bb600X480&#8243; alignment=\u00bbcenter\u00bb css=\u00bb.vc_custom_1560777673670{padding-top: 50px !important;}\u00bb][\/vc_column][vc_column width=\u00bb1\/2&#8243; use_bg_color=\u00bbyes\u00bb bg_color=\u00bb#f1f1f1&#8243; padding_top=\u00bb60px\u00bb padding_bottom=\u00bb60px\u00bb padding_right=\u00bb50px\u00bb][vc_column_text]<strong>Sabemos que cuando en un hogar se necesita una reforma de la cocina surgen muchas dudas al respecto. Nosotros contamos con un equipo de especialistas, que desde el primer momento, sabr\u00e1 entender cu\u00e1les son las necesidades y expectativas de quienes nos consultan.<\/strong><\/p>\n<p>&nbsp;<\/p>\n<p>Estamos a la \u00faltima en tendencias de dise\u00f1o y nuestros interioristas trabajaran para ofrecerle la propuesta que m\u00e1s se ajuste a lo que quiere.<\/p>\n<p>&nbsp;<\/p>\n<p>La cocina es una de las partes m\u00e1s importantes de una casa, por ello debe de cumplir varios requisitos:<\/p>\n<p>&nbsp;<\/p>\n<p><strong>Funcionalidad<\/strong>: debe estar dise\u00f1ada para la funci\u00f3n que ha de realizar. Para ello se debe estudiar con detenimiento la ubicaci\u00f3n de los diferentes espacios y electrodom\u00e9sticos, de manera que faciliten nuestra labor y vida en ella.<\/p>\n<p>&nbsp;<\/p>\n<p><strong>Est\u00e9tica<\/strong>: actualmente hay una gran variedad de opciones a la hora de elegir un modelo de cocina. Podemos decidir el tipo, color, textura\u2026 de los muebles, las luces, si preferimos m\u00e1rmol, madera, cemento\u2026 para las encimeras. Tanto es el abanico, que en ocasiones nos sentimos abrumados, por ello es importante contar con profesionales que sepan explicarnos los pros y los contras de cada opci\u00f3n y cu\u00e1l de ellas ser\u00eda la m\u00e1s apropiada para nuestras necesidades.<\/p>\n<p>&nbsp;<\/p>\n<p><strong>Calidad<\/strong>: tanto los materiales como la mano de obra, debe garantizar que ser\u00e1n de la m\u00e1xima calidad, para conseguir una larga vida de la reforma realizada.<\/p>\n<p>&nbsp;<\/p>\n<p>En nosotros encontrar\u00e1 profesionalidad, calidad y experiencia para reformar su cocina con los mejores acabados y las \u00faltimas tendencias en tecnolog\u00eda y dise\u00f1o.[\/vc_column_text][\/vc_column][\/vc_row][vc_row container_width=\u00bbfull-width\u00bb center_content=\u00bbyes\u00bb use_bg_image=\u00bbyes\u00bb image_parallax=\u00bbcontent-moving\u00bb use_overlay=\u00bbyes\u00bb bg_image=\u00bb1987&#8243; padding_top=\u00bb60px\u00bb padding_bottom=\u00bb60px\u00bb overlay_image=\u00bb1361&#8243;][vc_column offset=\u00bbvc_col-md-offset-2 vc_col-md-8&#8243;]\t\t\n\t\t<div class=\"promo  left-aligned clearfix  light wow fadeInRight\" \n\t\t\tdata-wow-delay=\"0.4s\" data-wow-duration=\"1s\">\n\t\t\t\t\t\t\t\t\n\t\t\t\t\t\t\n\t\t\t\n\t\t\t\t\t\t<div class=\"promo-text\">\n\t\t\t\t\t\t\n\t\t\t<h2>\u00bfQuieres recibir m\u00e1s informaci\u00f3n?<\/h2>\n\t\t\t\n\t\t\t\t\t\t\t<p>Ponte en contacto con nosotros.<\/p>\n\t\t\t\t\t\t\n\t\t\t\t\t\t<\/div>\t\t\t\n\t\t\t\t\n\t\t\t\t\t\t\t\n\t\t\t\t\t\t\n\t\t\t<div class=\"promo-action clearfix\"> \n\t\t\t\t\n\t\t\t\t\t\t\t\t\t<a href=\"https:\/\/totreforma.cat\/es\/contacto\/\"  \n\t\t\t\t\t   class=\"btn btn-scroll big solid\">\n\t\t\t\t\t\t   PRESUPUESTO\t\t\t\t\t<\/a> \n\t\t\t\t\t\t\t\t\t\n                \t\t\t\t\n\t\t\t<\/div>\t\n\t\t\t\n\t\t<\/div>  \n\n\t\n\t\t\n\t\t[\/vc_column][\/vc_row]<\/p>\n<\/div>","protected":false},"excerpt":{"rendered":"<p>[vc_row container_width=\u00bbfull-width\u00bb center_content=\u00bbyes\u00bb padding_top=\u00bb110px\u00bb padding_bottom=\u00bb40px\u00bb row_id=\u00bbwork\u00bb][vc_column padding_left=\u00bb20px\u00bb padding_right=\u00bb20px\u00bb][vc_empty_space height=\u00bb64px\u00bb][vc_column_text] En Tot Reforma estamos comprometidos con la calidad en el servicio a nuestros clientes en todas y cada una de las reformas de cocinas que realizamos. [\/vc_column_text][\/vc_column][\/vc_row][vc_row use_equal_columns=\u00bbyes\u00bb padding_bottom=\u00bb80px\u00bb][vc_column width=\u00bb1\/2&#8243; use_bg_color=\u00bbyes\u00bb use_bg_image=\u00bbyes\u00bb bg_image=\u00bb1908&#8243; bg_color=\u00bb#f1f1f1&#8243; padding_left=\u00bb50px\u00bb padding_top=\u00bb60px\u00bb padding_bottom=\u00bb60px\u00bb][vc_single_image image=\u00bb2632&#8243; img_size=\u00bb600X480&#8243; alignment=\u00bbcenter\u00bb][vc_single_image image=\u00bb2819&#8243; img_size=\u00bb600X480&#8243; alignment=\u00bbcenter\u00bb css=\u00bb.vc_custom_1560777673670{padding-top: 50px !important;}\u00bb][\/vc_column][vc_column [&hellip;]<\/p>\n","protected":false},"author":4,"featured_media":0,"parent":0,"menu_order":0,"comment_status":"closed","ping_status":"closed","template":"","meta":{"_monsterinsights_skip_tracking":false,"_monsterinsights_sitenote_active":false,"_monsterinsights_sitenote_note":"","_monsterinsights_sitenote_category":0,"footnotes":""},"class_list":["post-2605","page","type-page","status-publish","hentry"],"yoast_head":"<!-- This site is optimized with the Yoast SEO plugin v24.6 - https:\/\/yoast.com\/wordpress\/plugins\/seo\/ -->\n<title>REFORMA DE COCINAS - Tot Reforma reforma integral en Esparraguera<\/title>\n<meta name=\"description\" content=\"En Tot Reformas Esparraguera somos especialistas en reformas de ccocinas. Presupuestos de reforma de cocinas gratis y sin compromiso. M\u00e1xima seriedad.\" \/>\n<meta name=\"robots\" content=\"index, follow, max-snippet:-1, max-image-preview:large, max-video-preview:-1\" \/>\n<link rel=\"canonical\" href=\"https:\/\/totreforma.cat\/cuines\/\" \/>\n<meta property=\"og:locale\" content=\"es_ES\" \/>\n<meta property=\"og:type\" content=\"article\" \/>\n<meta property=\"og:title\" content=\"REFORMA DE COCINAS - Tot Reforma reforma integral en Esparraguera\" \/>\n<meta property=\"og:description\" content=\"En Tot Reformas Esparraguera somos especialistas en reformas de ccocinas. Presupuestos de reforma de cocinas gratis y sin compromiso. M\u00e1xima seriedad.\" \/>\n<meta property=\"og:url\" content=\"https:\/\/totreforma.cat\/cuines\/\" \/>\n<meta property=\"og:site_name\" content=\"Tot Reforma\" \/>\n<meta property=\"article:modified_time\" content=\"2020-06-30T10:23:26+00:00\" \/>\n<meta name=\"twitter:card\" content=\"summary_large_image\" \/>\n<meta name=\"twitter:label1\" content=\"Tiempo de lectura\" \/>\n\t<meta name=\"twitter:data1\" content=\"3 minutos\" \/>\n<script type=\"application\/ld+json\" class=\"yoast-schema-graph\">{\"@context\":\"https:\/\/schema.org\",\"@graph\":[{\"@type\":\"WebPage\",\"@id\":\"https:\/\/totreforma.cat\/cuines\/\",\"url\":\"https:\/\/totreforma.cat\/cuines\/\",\"name\":\"REFORMA DE COCINAS - Tot Reforma reforma integral en Esparraguera\",\"isPartOf\":{\"@id\":\"https:\/\/totreforma.cat\/#website\"},\"datePublished\":\"2019-05-29T14:44:06+00:00\",\"dateModified\":\"2020-06-30T10:23:26+00:00\",\"description\":\"En Tot Reformas Esparraguera somos especialistas en reformas de ccocinas. Presupuestos de reforma de cocinas gratis y sin compromiso. M\u00e1xima seriedad.\",\"breadcrumb\":{\"@id\":\"https:\/\/totreforma.cat\/cuines\/#breadcrumb\"},\"inLanguage\":\"es\",\"potentialAction\":[{\"@type\":\"ReadAction\",\"target\":[\"https:\/\/totreforma.cat\/cuines\/\"]}]},{\"@type\":\"BreadcrumbList\",\"@id\":\"https:\/\/totreforma.cat\/cuines\/#breadcrumb\",\"itemListElement\":[{\"@type\":\"ListItem\",\"position\":1,\"name\":\"Portada\",\"item\":\"https:\/\/totreforma.cat\/es\/\"},{\"@type\":\"ListItem\",\"position\":2,\"name\":\"REFORMA DE COCINAS\"}]},{\"@type\":\"WebSite\",\"@id\":\"https:\/\/totreforma.cat\/#website\",\"url\":\"https:\/\/totreforma.cat\/\",\"name\":\"Tot Reforma\",\"description\":\"Reformes de la llar Esparreguera\",\"potentialAction\":[{\"@type\":\"SearchAction\",\"target\":{\"@type\":\"EntryPoint\",\"urlTemplate\":\"https:\/\/totreforma.cat\/?s={search_term_string}\"},\"query-input\":{\"@type\":\"PropertyValueSpecification\",\"valueRequired\":true,\"valueName\":\"search_term_string\"}}],\"inLanguage\":\"es\"}]}<\/script>\n<!-- \/ Yoast SEO plugin. -->","yoast_head_json":{"title":"REFORMA DE COCINAS - Tot Reforma reforma integral en Esparraguera","description":"En Tot Reformas Esparraguera somos especialistas en reformas de ccocinas. Presupuestos de reforma de cocinas gratis y sin compromiso. M\u00e1xima seriedad.","robots":{"index":"index","follow":"follow","max-snippet":"max-snippet:-1","max-image-preview":"max-image-preview:large","max-video-preview":"max-video-preview:-1"},"canonical":"https:\/\/totreforma.cat\/cuines\/","og_locale":"es_ES","og_type":"article","og_title":"REFORMA DE COCINAS - Tot Reforma reforma integral en Esparraguera","og_description":"En Tot Reformas Esparraguera somos especialistas en reformas de ccocinas. Presupuestos de reforma de cocinas gratis y sin compromiso. M\u00e1xima seriedad.","og_url":"https:\/\/totreforma.cat\/cuines\/","og_site_name":"Tot Reforma","article_modified_time":"2020-06-30T10:23:26+00:00","twitter_card":"summary_large_image","twitter_misc":{"Tiempo de lectura":"3 minutos"},"schema":{"@context":"https:\/\/schema.org","@graph":[{"@type":"WebPage","@id":"https:\/\/totreforma.cat\/cuines\/","url":"https:\/\/totreforma.cat\/cuines\/","name":"REFORMA DE COCINAS - Tot Reforma reforma integral en Esparraguera","isPartOf":{"@id":"https:\/\/totreforma.cat\/#website"},"datePublished":"2019-05-29T14:44:06+00:00","dateModified":"2020-06-30T10:23:26+00:00","description":"En Tot Reformas Esparraguera somos especialistas en reformas de ccocinas. Presupuestos de reforma de cocinas gratis y sin compromiso. M\u00e1xima seriedad.","breadcrumb":{"@id":"https:\/\/totreforma.cat\/cuines\/#breadcrumb"},"inLanguage":"es","potentialAction":[{"@type":"ReadAction","target":["https:\/\/totreforma.cat\/cuines\/"]}]},{"@type":"BreadcrumbList","@id":"https:\/\/totreforma.cat\/cuines\/#breadcrumb","itemListElement":[{"@type":"ListItem","position":1,"name":"Portada","item":"https:\/\/totreforma.cat\/es\/"},{"@type":"ListItem","position":2,"name":"REFORMA DE COCINAS"}]},{"@type":"WebSite","@id":"https:\/\/totreforma.cat\/#website","url":"https:\/\/totreforma.cat\/","name":"Tot Reforma","description":"Reformes de la llar Esparreguera","potentialAction":[{"@type":"SearchAction","target":{"@type":"EntryPoint","urlTemplate":"https:\/\/totreforma.cat\/?s={search_term_string}"},"query-input":{"@type":"PropertyValueSpecification","valueRequired":true,"valueName":"search_term_string"}}],"inLanguage":"es"}]}},"_links":{"self":[{"href":"https:\/\/totreforma.cat\/es\/wp-json\/wp\/v2\/pages\/2605","targetHints":{"allow":["GET"]}}],"collection":[{"href":"https:\/\/totreforma.cat\/es\/wp-json\/wp\/v2\/pages"}],"about":[{"href":"https:\/\/totreforma.cat\/es\/wp-json\/wp\/v2\/types\/page"}],"author":[{"embeddable":true,"href":"https:\/\/totreforma.cat\/es\/wp-json\/wp\/v2\/users\/4"}],"replies":[{"embeddable":true,"href":"https:\/\/totreforma.cat\/es\/wp-json\/wp\/v2\/comments?post=2605"}],"version-history":[{"count":2,"href":"https:\/\/totreforma.cat\/es\/wp-json\/wp\/v2\/pages\/2605\/revisions"}],"predecessor-version":[{"id":3736,"href":"https:\/\/totreforma.cat\/es\/wp-json\/wp\/v2\/pages\/2605\/revisions\/3736"}],"wp:attachment":[{"href":"https:\/\/totreforma.cat\/es\/wp-json\/wp\/v2\/media?parent=2605"}],"curies":[{"name":"wp","href":"https:\/\/api.w.org\/{rel}","templated":true}]}}