{"id":2608,"date":"2019-05-29T14:57:16","date_gmt":"2019-05-29T14:57:16","guid":{"rendered":"https:\/\/totreforma.cat\/?page_id=2608"},"modified":"2020-07-03T11:17:26","modified_gmt":"2020-07-03T09:17:26","slug":"microcemento-mortex","status":"publish","type":"page","link":"https:\/\/totreforma.cat\/es\/microcemento-mortex\/","title":{"rendered":"MORTEX"},"content":{"rendered":"<div class=\"wpb-content-wrapper\"><p>[vc_row container_width=\u00bbfull-width\u00bb center_content=\u00bbyes\u00bb padding_top=\u00bb110px\u00bb padding_bottom=\u00bb40px\u00bb row_id=\u00bbwork\u00bb][vc_column padding_left=\u00bb20px\u00bb padding_right=\u00bb20px\u00bb][vc_empty_space height=\u00bb64px\u00bb]\t\t\n\t\t<div class=\"special-heading clearfix align-center  \" \n\t\t\t\t\t >\n\n\t\t\t\n\t\t\t\t\t\t\t\t\n\t\t\t\t\t\t\t\t\t<h2 class=\"title\">REFORMAS CON MICROCEMENTO MORTEX EN ESPARRAGUERA<\/h2>\t\t\t\t\t\n\t\t\t\t\n\t\t\t\t\t\t\t\n\n\t\t\t\t\t\t\t<span class=\"single-dash\"><\/span> \t\t\t\n\t\t\t\n\t\t<\/div>\n\n\t\t[vc_column_text]<\/p>\n<p style=\"text-align: center;\">El Mortex es un revestimiento con base de cemento y cuarzo de pocos mil\u00edmetros de espesor, que ha entrado con fuerza en las \u00faltimas tendencias en decoraci\u00f3n.<\/p>\n<p>[\/vc_column_text][\/vc_column][\/vc_row][vc_row use_equal_columns=\u00bbyes\u00bb padding_bottom=\u00bb80px\u00bb][vc_column width=\u00bb1\/2&#8243; use_bg_color=\u00bbyes\u00bb use_bg_image=\u00bbyes\u00bb bg_image=\u00bb1908&#8243; bg_color=\u00bb#f1f1f1&#8243; padding_left=\u00bb50px\u00bb padding_top=\u00bb60px\u00bb padding_bottom=\u00bb60px\u00bb][vc_single_image image=\u00bb3454&#8243; img_size=\u00bb600X400&#8243; alignment=\u00bbcenter\u00bb][vc_single_image image=\u00bb3456&#8243; img_size=\u00bb600X400&#8243; alignment=\u00bbcenter\u00bb css=\u00bb.vc_custom_1571936870814{padding-top: 20px !important;}\u00bb][\/vc_column][vc_column width=\u00bb1\/2&#8243; use_bg_color=\u00bbyes\u00bb bg_color=\u00bb#f1f1f1&#8243; padding_top=\u00bb60px\u00bb padding_bottom=\u00bb60px\u00bb padding_right=\u00bb50px\u00bb][vc_column_text]<strong>Es un material suave, fino, f\u00e1cil de aplicar y que se adhiere a todo tipo de material previo existente. Lo que lo hace ideal para transformar r\u00e1pidamente cualquier espacio, ya sea interior como exterior, consiguiendo un aspecto uniforme, renovado y minimalista. Adi\u00f3s a las juntas y a la dificultad de limpieza.<\/strong><\/p>\n<p>&nbsp;<\/p>\n<p>Todas estas ventajas hacen del Mortex una opci\u00f3n cada vez m\u00e1s utilizada tanto en hogares como en naves y locales. La alternativa m\u00e1s moderna y funcional de transformar un espacio.<\/p>\n<p>&nbsp;<\/p>\n<p>En Tot Reforma somos especialistas en la aplicaci\u00f3n de este novedoso material. No importa qu\u00e9 tipo de suelo tenga actualmente, con el Mortex, nuestros especialistas conseguir\u00e1n superficies continuas de f\u00e1cil mantenimiento y con una reducci\u00f3n en los trastornos que supone la colocaci\u00f3n de un suelo de madera o cer\u00e1mica tradicional.<\/p>\n<p>&nbsp;<\/p>\n<p>Renovar una superficie nunca hab\u00eda sido tan f\u00e1cil. Personaliza tu suelo eligiendo entre las diferentes posibilidades. Nosotros te asesoramos e informaremos de c\u00f3mo conseguir el acabado deseado. Con este material se puede:<\/p>\n<p>&nbsp;<\/p>\n<p>Obtener diversas texturas, seg\u00fan el grosor aplicado.<\/p>\n<p>Elegir entre una amplia gama de colores.<\/p>\n<p>Conseguir, a trav\u00e9s de los barnices, el matiz que nos guste. Brillo, mate, satinado, metalizado\u2026<\/p>\n<p>Al aplicarse manualmente, los especialistas pueden elaborar dise\u00f1os personalizados.[\/vc_column_text][\/vc_column][\/vc_row][vc_row container_width=\u00bbfull-width\u00bb center_content=\u00bbyes\u00bb use_bg_image=\u00bbyes\u00bb image_parallax=\u00bbcontent-moving\u00bb use_overlay=\u00bbyes\u00bb bg_image=\u00bb1987&#8243; padding_top=\u00bb60px\u00bb padding_bottom=\u00bb60px\u00bb overlay_image=\u00bb1361&#8243;][vc_column offset=\u00bbvc_col-md-offset-2 vc_col-md-8&#8243;]\t\t\n\t\t<div class=\"promo  left-aligned clearfix  light wow fadeInRight\" \n\t\t\tdata-wow-delay=\"0.4s\" data-wow-duration=\"1s\">\n\t\t\t\t\t\t\t\t\n\t\t\t\t\t\t\n\t\t\t\n\t\t\t\t\t\t<div class=\"promo-text\">\n\t\t\t\t\t\t\n\t\t\t<h2>\u00bfQuieres recibir m\u00e1s informaci\u00f3n?<\/h2>\n\t\t\t\n\t\t\t\t\t\t\t<p>Ponte en contacto con nosotros.<\/p>\n\t\t\t\t\t\t\n\t\t\t\t\t\t<\/div>\t\t\t\n\t\t\t\t\n\t\t\t\t\t\t\t\n\t\t\t\t\t\t\n\t\t\t<div class=\"promo-action clearfix\"> \n\t\t\t\t\n\t\t\t\t\t\t\t\t\t<a href=\"https:\/\/totreforma.cat\/es\/contacto\/\"  \n\t\t\t\t\t   class=\"btn btn-scroll big solid\">\n\t\t\t\t\t\t   PRESUPUESTO\t\t\t\t\t<\/a> \n\t\t\t\t\t\t\t\t\t\n                \t\t\t\t\n\t\t\t<\/div>\t\n\t\t\t\n\t\t<\/div>  \n\n\t\n\t\t\n\t\t[\/vc_column][\/vc_row]<\/p>\n<\/div>","protected":false},"excerpt":{"rendered":"<p>[vc_row container_width=\u00bbfull-width\u00bb center_content=\u00bbyes\u00bb padding_top=\u00bb110px\u00bb padding_bottom=\u00bb40px\u00bb row_id=\u00bbwork\u00bb][vc_column padding_left=\u00bb20px\u00bb padding_right=\u00bb20px\u00bb][vc_empty_space height=\u00bb64px\u00bb][vc_column_text] El Mortex es un revestimiento con base de cemento y cuarzo de pocos mil\u00edmetros de espesor, que ha entrado con fuerza en las \u00faltimas tendencias en decoraci\u00f3n. [\/vc_column_text][\/vc_column][\/vc_row][vc_row use_equal_columns=\u00bbyes\u00bb padding_bottom=\u00bb80px\u00bb][vc_column width=\u00bb1\/2&#8243; use_bg_color=\u00bbyes\u00bb use_bg_image=\u00bbyes\u00bb bg_image=\u00bb1908&#8243; bg_color=\u00bb#f1f1f1&#8243; padding_left=\u00bb50px\u00bb padding_top=\u00bb60px\u00bb padding_bottom=\u00bb60px\u00bb][vc_single_image image=\u00bb3454&#8243; img_size=\u00bb600X400&#8243; alignment=\u00bbcenter\u00bb][vc_single_image image=\u00bb3456&#8243; img_size=\u00bb600X400&#8243; alignment=\u00bbcenter\u00bb css=\u00bb.vc_custom_1571936870814{padding-top: 20px [&hellip;]<\/p>\n","protected":false},"author":4,"featured_media":0,"parent":0,"menu_order":0,"comment_status":"closed","ping_status":"closed","template":"","meta":{"_monsterinsights_skip_tracking":false,"_monsterinsights_sitenote_active":false,"_monsterinsights_sitenote_note":"","_monsterinsights_sitenote_category":0,"footnotes":""},"class_list":["post-2608","page","type-page","status-publish","hentry"],"yoast_head":"<!-- This site is optimized with the Yoast SEO plugin v24.6 - https:\/\/yoast.com\/wordpress\/plugins\/seo\/ -->\n<title>MORTEX - Tot Reforma Reformas con microcemento en Esparraguera<\/title>\n<meta name=\"description\" content=\"Mortex, reformas con microcemento en Esparraguera. Material suave, fino, f\u00e1cil de aplicar. Muy utilizado en las \u00faltimas tendencias en decoraci\u00f3n.\" \/>\n<meta name=\"robots\" content=\"index, follow, max-snippet:-1, max-image-preview:large, max-video-preview:-1\" \/>\n<link rel=\"canonical\" href=\"https:\/\/totreforma.cat\/microciment-mortex\/\" \/>\n<meta property=\"og:locale\" content=\"es_ES\" \/>\n<meta property=\"og:type\" content=\"article\" \/>\n<meta property=\"og:title\" content=\"MORTEX - Tot Reforma Reformas con microcemento en Esparraguera\" \/>\n<meta property=\"og:description\" content=\"Mortex, reformas con microcemento en Esparraguera. Material suave, fino, f\u00e1cil de aplicar. Muy utilizado en las \u00faltimas tendencias en decoraci\u00f3n.\" \/>\n<meta property=\"og:url\" content=\"https:\/\/totreforma.cat\/microciment-mortex\/\" \/>\n<meta property=\"og:site_name\" content=\"Tot Reforma\" \/>\n<meta property=\"article:modified_time\" content=\"2020-07-03T09:17:26+00:00\" \/>\n<meta name=\"twitter:card\" content=\"summary_large_image\" \/>\n<meta name=\"twitter:label1\" content=\"Tiempo de lectura\" \/>\n\t<meta name=\"twitter:data1\" content=\"3 minutos\" \/>\n<script type=\"application\/ld+json\" class=\"yoast-schema-graph\">{\"@context\":\"https:\/\/schema.org\",\"@graph\":[{\"@type\":\"WebPage\",\"@id\":\"https:\/\/totreforma.cat\/microciment-mortex\/\",\"url\":\"https:\/\/totreforma.cat\/microciment-mortex\/\",\"name\":\"MORTEX - Tot Reforma Reformas con microcemento en Esparraguera\",\"isPartOf\":{\"@id\":\"https:\/\/totreforma.cat\/#website\"},\"datePublished\":\"2019-05-29T14:57:16+00:00\",\"dateModified\":\"2020-07-03T09:17:26+00:00\",\"description\":\"Mortex, reformas con microcemento en Esparraguera. Material suave, fino, f\u00e1cil de aplicar. Muy utilizado en las \u00faltimas tendencias en decoraci\u00f3n.\",\"breadcrumb\":{\"@id\":\"https:\/\/totreforma.cat\/microciment-mortex\/#breadcrumb\"},\"inLanguage\":\"es\",\"potentialAction\":[{\"@type\":\"ReadAction\",\"target\":[\"https:\/\/totreforma.cat\/microciment-mortex\/\"]}]},{\"@type\":\"BreadcrumbList\",\"@id\":\"https:\/\/totreforma.cat\/microciment-mortex\/#breadcrumb\",\"itemListElement\":[{\"@type\":\"ListItem\",\"position\":1,\"name\":\"Portada\",\"item\":\"https:\/\/totreforma.cat\/es\/\"},{\"@type\":\"ListItem\",\"position\":2,\"name\":\"MORTEX\"}]},{\"@type\":\"WebSite\",\"@id\":\"https:\/\/totreforma.cat\/#website\",\"url\":\"https:\/\/totreforma.cat\/\",\"name\":\"Tot Reforma\",\"description\":\"Reformes de la llar Esparreguera\",\"potentialAction\":[{\"@type\":\"SearchAction\",\"target\":{\"@type\":\"EntryPoint\",\"urlTemplate\":\"https:\/\/totreforma.cat\/?s={search_term_string}\"},\"query-input\":{\"@type\":\"PropertyValueSpecification\",\"valueRequired\":true,\"valueName\":\"search_term_string\"}}],\"inLanguage\":\"es\"}]}<\/script>\n<!-- \/ Yoast SEO plugin. -->","yoast_head_json":{"title":"MORTEX - Tot Reforma Reformas con microcemento en Esparraguera","description":"Mortex, reformas con microcemento en Esparraguera. Material suave, fino, f\u00e1cil de aplicar. Muy utilizado en las \u00faltimas tendencias en decoraci\u00f3n.","robots":{"index":"index","follow":"follow","max-snippet":"max-snippet:-1","max-image-preview":"max-image-preview:large","max-video-preview":"max-video-preview:-1"},"canonical":"https:\/\/totreforma.cat\/microciment-mortex\/","og_locale":"es_ES","og_type":"article","og_title":"MORTEX - Tot Reforma Reformas con microcemento en Esparraguera","og_description":"Mortex, reformas con microcemento en Esparraguera. Material suave, fino, f\u00e1cil de aplicar. Muy utilizado en las \u00faltimas tendencias en decoraci\u00f3n.","og_url":"https:\/\/totreforma.cat\/microciment-mortex\/","og_site_name":"Tot Reforma","article_modified_time":"2020-07-03T09:17:26+00:00","twitter_card":"summary_large_image","twitter_misc":{"Tiempo de lectura":"3 minutos"},"schema":{"@context":"https:\/\/schema.org","@graph":[{"@type":"WebPage","@id":"https:\/\/totreforma.cat\/microciment-mortex\/","url":"https:\/\/totreforma.cat\/microciment-mortex\/","name":"MORTEX - Tot Reforma Reformas con microcemento en Esparraguera","isPartOf":{"@id":"https:\/\/totreforma.cat\/#website"},"datePublished":"2019-05-29T14:57:16+00:00","dateModified":"2020-07-03T09:17:26+00:00","description":"Mortex, reformas con microcemento en Esparraguera. Material suave, fino, f\u00e1cil de aplicar. Muy utilizado en las \u00faltimas tendencias en decoraci\u00f3n.","breadcrumb":{"@id":"https:\/\/totreforma.cat\/microciment-mortex\/#breadcrumb"},"inLanguage":"es","potentialAction":[{"@type":"ReadAction","target":["https:\/\/totreforma.cat\/microciment-mortex\/"]}]},{"@type":"BreadcrumbList","@id":"https:\/\/totreforma.cat\/microciment-mortex\/#breadcrumb","itemListElement":[{"@type":"ListItem","position":1,"name":"Portada","item":"https:\/\/totreforma.cat\/es\/"},{"@type":"ListItem","position":2,"name":"MORTEX"}]},{"@type":"WebSite","@id":"https:\/\/totreforma.cat\/#website","url":"https:\/\/totreforma.cat\/","name":"Tot Reforma","description":"Reformes de la llar Esparreguera","potentialAction":[{"@type":"SearchAction","target":{"@type":"EntryPoint","urlTemplate":"https:\/\/totreforma.cat\/?s={search_term_string}"},"query-input":{"@type":"PropertyValueSpecification","valueRequired":true,"valueName":"search_term_string"}}],"inLanguage":"es"}]}},"_links":{"self":[{"href":"https:\/\/totreforma.cat\/es\/wp-json\/wp\/v2\/pages\/2608","targetHints":{"allow":["GET"]}}],"collection":[{"href":"https:\/\/totreforma.cat\/es\/wp-json\/wp\/v2\/pages"}],"about":[{"href":"https:\/\/totreforma.cat\/es\/wp-json\/wp\/v2\/types\/page"}],"author":[{"embeddable":true,"href":"https:\/\/totreforma.cat\/es\/wp-json\/wp\/v2\/users\/4"}],"replies":[{"embeddable":true,"href":"https:\/\/totreforma.cat\/es\/wp-json\/wp\/v2\/comments?post=2608"}],"version-history":[{"count":3,"href":"https:\/\/totreforma.cat\/es\/wp-json\/wp\/v2\/pages\/2608\/revisions"}],"predecessor-version":[{"id":3783,"href":"https:\/\/totreforma.cat\/es\/wp-json\/wp\/v2\/pages\/2608\/revisions\/3783"}],"wp:attachment":[{"href":"https:\/\/totreforma.cat\/es\/wp-json\/wp\/v2\/media?parent=2608"}],"curies":[{"name":"wp","href":"https:\/\/api.w.org\/{rel}","templated":true}]}}