{"id":2611,"date":"2019-05-29T15:04:29","date_gmt":"2019-05-29T15:04:29","guid":{"rendered":"https:\/\/totreforma.cat\/?page_id=2611"},"modified":"2020-07-03T11:19:47","modified_gmt":"2020-07-03T09:19:47","slug":"pladur-reformas-con-pladur-esparraguera","status":"publish","type":"page","link":"https:\/\/totreforma.cat\/es\/pladur-reformas-con-pladur-esparraguera\/","title":{"rendered":"PLADUR"},"content":{"rendered":"<div class=\"wpb-content-wrapper\"><p>[vc_row container_width=\u00bbfull-width\u00bb center_content=\u00bbyes\u00bb padding_top=\u00bb110px\u00bb padding_bottom=\u00bb40px\u00bb row_id=\u00bbwork\u00bb][vc_column padding_left=\u00bb20px\u00bb padding_right=\u00bb20px\u00bb][vc_empty_space height=\u00bb64px\u00bb]\t\t\n\t\t<div class=\"special-heading clearfix align-center  \" \n\t\t\t\t\t >\n\n\t\t\t\n\t\t\t\t\t\t\t\t\n\t\t\t\t\t\t\t\t\t<h2 class=\"title\">REFORMAS CON PLADUR EN ESPARRAGUERA<\/h2>\t\t\t\t\t\n\t\t\t\t\n\t\t\t\t\t\t\t\n\n\t\t\t\t\t\t\t<span class=\"single-dash\"><\/span> \t\t\t\n\t\t\t\n\t\t<\/div>\n\n\t\t[vc_column_text]<\/p>\n<p style=\"text-align: center;\">El pladur es un material de construcci\u00f3n que ha tenido un gran auge de comercializaci\u00f3n, por su gran versatilidad y facilidad de colocaci\u00f3n tanto en viviendas como locales y oficinas.<\/p>\n<p>[\/vc_column_text][\/vc_column][\/vc_row][vc_row use_equal_columns=\u00bbyes\u00bb padding_bottom=\u00bb80px\u00bb][vc_column width=\u00bb1\/2&#8243; use_bg_color=\u00bbyes\u00bb use_bg_image=\u00bbyes\u00bb bg_image=\u00bb1908&#8243; bg_color=\u00bb#f1f1f1&#8243; padding_left=\u00bb50px\u00bb padding_top=\u00bb60px\u00bb padding_bottom=\u00bb60px\u00bb][vc_single_image image=\u00bb2659&#8243; img_size=\u00bb600X450&#8243; alignment=\u00bbcenter\u00bb][vc_single_image image=\u00bb2657&#8243; img_size=\u00bb600X450&#8243; alignment=\u00bbcenter\u00bb css=\u00bb.vc_custom_1559142272387{padding-top: 40px !important;}\u00bb][\/vc_column][vc_column width=\u00bb1\/2&#8243; use_bg_color=\u00bbyes\u00bb bg_color=\u00bb#f1f1f1&#8243; padding_top=\u00bb60px\u00bb padding_bottom=\u00bb60px\u00bb padding_right=\u00bb50px\u00bb][vc_column_text]<strong>El pladur se puede usar en interiores tanto para cubrir techos y paredes como para levantar tabiques. Es un material con muchas ventajas tanto por su funcionalidad como por su bajo coste. Son resistentes, ligeras y de f\u00e1cil montaje.<\/strong><\/p>\n<p>&nbsp;<\/p>\n<p>Consiste en una placa de yeso laminado entre dos capas de cart\u00f3n, que se monta sobre estructuras de acero galvanizado.<\/p>\n<p>&nbsp;<\/p>\n<p>Hay muchos tipos de pladur, dependiendo de d\u00f3nde se quiere ubicar y finalidad, las principales diferencias vienen dado por su color:<\/p>\n<p>Placa blanca. Es la b\u00e1sica, para techos y paredes.<\/p>\n<p>Placa verde. Son m\u00e1s robustas y son ideales para ba\u00f1os y zonas h\u00famedas.<\/p>\n<p>Placa azul. Es una placa que a\u00edsla ac\u00fasticamente.<\/p>\n<p>Placa rosa. Por su resistencia al fuego est\u00e1 indicada en cocinas y lugares con focos de calor.<\/p>\n<p>Placa amarilla. Muy dura y resistente. ES id\u00f3nea para lugares con riesgo de sufrir golpes.<\/p>\n<p>&nbsp;<\/p>\n<p>Existen tambi\u00e9n placas especiales, reforzadas con fibra de vidrio y con un \u00a0tratamiento especial hidr\u00f3fobo que evita el crecimiento de los hongos o que en lugar de yeso utilizan cemento (para ambientes muy h\u00famedos).<\/p>\n<p>&nbsp;<\/p>\n<p>En Tot Reforma contamos con expertos en colocaci\u00f3n de pladur. \u00a0Cons\u00faltenos y sabremos asesorarle sobre levantamiento de paredes divisorias, colocaci\u00f3n de techos, impermeabilizaci\u00f3n de paredes&#8230;<\/p>\n<p>&nbsp;<\/p>\n<p>El pladur es la soluci\u00f3n m\u00e1s f\u00e1cil, econ\u00f3mica y c\u00f3moda de conseguir los mejores acabados.[\/vc_column_text][\/vc_column][\/vc_row][vc_row container_width=\u00bbfull-width\u00bb center_content=\u00bbyes\u00bb use_bg_image=\u00bbyes\u00bb image_parallax=\u00bbcontent-moving\u00bb use_overlay=\u00bbyes\u00bb bg_image=\u00bb1987&#8243; padding_top=\u00bb60px\u00bb padding_bottom=\u00bb60px\u00bb overlay_image=\u00bb1361&#8243;][vc_column offset=\u00bbvc_col-md-offset-2 vc_col-md-8&#8243;]\t\t\n\t\t<div class=\"promo  left-aligned clearfix  light wow fadeInRight\" \n\t\t\tdata-wow-delay=\"0.4s\" data-wow-duration=\"1s\">\n\t\t\t\t\t\t\t\t\n\t\t\t\t\t\t\n\t\t\t\n\t\t\t\t\t\t<div class=\"promo-text\">\n\t\t\t\t\t\t\n\t\t\t<h2>\u00bfQuieres recibir m\u00e1s informaci\u00f3n?<\/h2>\n\t\t\t\n\t\t\t\t\t\t\t<p>Ponte en contacto con nosotros<\/p>\n\t\t\t\t\t\t\n\t\t\t\t\t\t<\/div>\t\t\t\n\t\t\t\t\n\t\t\t\t\t\t\t\n\t\t\t\t\t\t\n\t\t\t<div class=\"promo-action clearfix\"> \n\t\t\t\t\n\t\t\t\t\t\t\t\t\t<a href=\"https:\/\/totreforma.cat\/es\/contacto\/\"  \n\t\t\t\t\t   class=\"btn btn-scroll big solid\">\n\t\t\t\t\t\t   PRESUPUESTO\t\t\t\t\t<\/a> \n\t\t\t\t\t\t\t\t\t\n                \t\t\t\t\n\t\t\t<\/div>\t\n\t\t\t\n\t\t<\/div>  \n\n\t\n\t\t\n\t\t[\/vc_column][\/vc_row]<\/p>\n<\/div>","protected":false},"excerpt":{"rendered":"<p>[vc_row container_width=\u00bbfull-width\u00bb center_content=\u00bbyes\u00bb padding_top=\u00bb110px\u00bb padding_bottom=\u00bb40px\u00bb row_id=\u00bbwork\u00bb][vc_column padding_left=\u00bb20px\u00bb padding_right=\u00bb20px\u00bb][vc_empty_space height=\u00bb64px\u00bb][vc_column_text] El pladur es un material de construcci\u00f3n que ha tenido un gran auge de comercializaci\u00f3n, por su gran versatilidad y facilidad de colocaci\u00f3n tanto en viviendas como locales y oficinas. [\/vc_column_text][\/vc_column][\/vc_row][vc_row use_equal_columns=\u00bbyes\u00bb padding_bottom=\u00bb80px\u00bb][vc_column width=\u00bb1\/2&#8243; use_bg_color=\u00bbyes\u00bb use_bg_image=\u00bbyes\u00bb bg_image=\u00bb1908&#8243; bg_color=\u00bb#f1f1f1&#8243; padding_left=\u00bb50px\u00bb padding_top=\u00bb60px\u00bb padding_bottom=\u00bb60px\u00bb][vc_single_image image=\u00bb2659&#8243; img_size=\u00bb600X450&#8243; alignment=\u00bbcenter\u00bb][vc_single_image image=\u00bb2657&#8243; img_size=\u00bb600X450&#8243; [&hellip;]<\/p>\n","protected":false},"author":4,"featured_media":0,"parent":0,"menu_order":0,"comment_status":"closed","ping_status":"closed","template":"","meta":{"_monsterinsights_skip_tracking":false,"_monsterinsights_sitenote_active":false,"_monsterinsights_sitenote_note":"","_monsterinsights_sitenote_category":0,"footnotes":""},"class_list":["post-2611","page","type-page","status-publish","hentry"],"yoast_head":"<!-- This site is optimized with the Yoast SEO plugin v24.6 - https:\/\/yoast.com\/wordpress\/plugins\/seo\/ -->\n<title>PLADUR - Tot Reforma, Reformas con pladur en Esparraguera<\/title>\n<meta name=\"description\" content=\"Tot Reforma, reformas con Pladur en Esparraguera, Pladur para usar en interiores, pladur para techos y paredes y pladur para levantar tabiques.\" \/>\n<meta name=\"robots\" content=\"index, follow, max-snippet:-1, max-image-preview:large, max-video-preview:-1\" \/>\n<link rel=\"canonical\" href=\"https:\/\/totreforma.cat\/pladur\/\" \/>\n<meta property=\"og:locale\" content=\"es_ES\" \/>\n<meta property=\"og:type\" content=\"article\" \/>\n<meta property=\"og:title\" content=\"PLADUR - Tot Reforma, Reformas con pladur en Esparraguera\" \/>\n<meta property=\"og:description\" content=\"Tot Reforma, reformas con Pladur en Esparraguera, Pladur para usar en interiores, pladur para techos y paredes y pladur para levantar tabiques.\" \/>\n<meta property=\"og:url\" content=\"https:\/\/totreforma.cat\/pladur\/\" \/>\n<meta property=\"og:site_name\" content=\"Tot Reforma\" \/>\n<meta property=\"article:modified_time\" content=\"2020-07-03T09:19:47+00:00\" \/>\n<meta name=\"twitter:card\" content=\"summary_large_image\" \/>\n<meta name=\"twitter:label1\" content=\"Tiempo de lectura\" \/>\n\t<meta name=\"twitter:data1\" content=\"3 minutos\" \/>\n<script type=\"application\/ld+json\" class=\"yoast-schema-graph\">{\"@context\":\"https:\/\/schema.org\",\"@graph\":[{\"@type\":\"WebPage\",\"@id\":\"https:\/\/totreforma.cat\/pladur\/\",\"url\":\"https:\/\/totreforma.cat\/pladur\/\",\"name\":\"PLADUR - Tot Reforma, Reformas con pladur en Esparraguera\",\"isPartOf\":{\"@id\":\"https:\/\/totreforma.cat\/#website\"},\"datePublished\":\"2019-05-29T15:04:29+00:00\",\"dateModified\":\"2020-07-03T09:19:47+00:00\",\"description\":\"Tot Reforma, reformas con Pladur en Esparraguera, Pladur para usar en interiores, pladur para techos y paredes y pladur para levantar tabiques.\",\"breadcrumb\":{\"@id\":\"https:\/\/totreforma.cat\/pladur\/#breadcrumb\"},\"inLanguage\":\"es\",\"potentialAction\":[{\"@type\":\"ReadAction\",\"target\":[\"https:\/\/totreforma.cat\/pladur\/\"]}]},{\"@type\":\"BreadcrumbList\",\"@id\":\"https:\/\/totreforma.cat\/pladur\/#breadcrumb\",\"itemListElement\":[{\"@type\":\"ListItem\",\"position\":1,\"name\":\"Portada\",\"item\":\"https:\/\/totreforma.cat\/es\/\"},{\"@type\":\"ListItem\",\"position\":2,\"name\":\"PLADUR\"}]},{\"@type\":\"WebSite\",\"@id\":\"https:\/\/totreforma.cat\/#website\",\"url\":\"https:\/\/totreforma.cat\/\",\"name\":\"Tot Reforma\",\"description\":\"Reformes de la llar Esparreguera\",\"potentialAction\":[{\"@type\":\"SearchAction\",\"target\":{\"@type\":\"EntryPoint\",\"urlTemplate\":\"https:\/\/totreforma.cat\/?s={search_term_string}\"},\"query-input\":{\"@type\":\"PropertyValueSpecification\",\"valueRequired\":true,\"valueName\":\"search_term_string\"}}],\"inLanguage\":\"es\"}]}<\/script>\n<!-- \/ Yoast SEO plugin. -->","yoast_head_json":{"title":"PLADUR - Tot Reforma, Reformas con pladur en Esparraguera","description":"Tot Reforma, reformas con Pladur en Esparraguera, Pladur para usar en interiores, pladur para techos y paredes y pladur para levantar tabiques.","robots":{"index":"index","follow":"follow","max-snippet":"max-snippet:-1","max-image-preview":"max-image-preview:large","max-video-preview":"max-video-preview:-1"},"canonical":"https:\/\/totreforma.cat\/pladur\/","og_locale":"es_ES","og_type":"article","og_title":"PLADUR - Tot Reforma, Reformas con pladur en Esparraguera","og_description":"Tot Reforma, reformas con Pladur en Esparraguera, Pladur para usar en interiores, pladur para techos y paredes y pladur para levantar tabiques.","og_url":"https:\/\/totreforma.cat\/pladur\/","og_site_name":"Tot Reforma","article_modified_time":"2020-07-03T09:19:47+00:00","twitter_card":"summary_large_image","twitter_misc":{"Tiempo de lectura":"3 minutos"},"schema":{"@context":"https:\/\/schema.org","@graph":[{"@type":"WebPage","@id":"https:\/\/totreforma.cat\/pladur\/","url":"https:\/\/totreforma.cat\/pladur\/","name":"PLADUR - Tot Reforma, Reformas con pladur en Esparraguera","isPartOf":{"@id":"https:\/\/totreforma.cat\/#website"},"datePublished":"2019-05-29T15:04:29+00:00","dateModified":"2020-07-03T09:19:47+00:00","description":"Tot Reforma, reformas con Pladur en Esparraguera, Pladur para usar en interiores, pladur para techos y paredes y pladur para levantar tabiques.","breadcrumb":{"@id":"https:\/\/totreforma.cat\/pladur\/#breadcrumb"},"inLanguage":"es","potentialAction":[{"@type":"ReadAction","target":["https:\/\/totreforma.cat\/pladur\/"]}]},{"@type":"BreadcrumbList","@id":"https:\/\/totreforma.cat\/pladur\/#breadcrumb","itemListElement":[{"@type":"ListItem","position":1,"name":"Portada","item":"https:\/\/totreforma.cat\/es\/"},{"@type":"ListItem","position":2,"name":"PLADUR"}]},{"@type":"WebSite","@id":"https:\/\/totreforma.cat\/#website","url":"https:\/\/totreforma.cat\/","name":"Tot Reforma","description":"Reformes de la llar Esparreguera","potentialAction":[{"@type":"SearchAction","target":{"@type":"EntryPoint","urlTemplate":"https:\/\/totreforma.cat\/?s={search_term_string}"},"query-input":{"@type":"PropertyValueSpecification","valueRequired":true,"valueName":"search_term_string"}}],"inLanguage":"es"}]}},"_links":{"self":[{"href":"https:\/\/totreforma.cat\/es\/wp-json\/wp\/v2\/pages\/2611","targetHints":{"allow":["GET"]}}],"collection":[{"href":"https:\/\/totreforma.cat\/es\/wp-json\/wp\/v2\/pages"}],"about":[{"href":"https:\/\/totreforma.cat\/es\/wp-json\/wp\/v2\/types\/page"}],"author":[{"embeddable":true,"href":"https:\/\/totreforma.cat\/es\/wp-json\/wp\/v2\/users\/4"}],"replies":[{"embeddable":true,"href":"https:\/\/totreforma.cat\/es\/wp-json\/wp\/v2\/comments?post=2611"}],"version-history":[{"count":3,"href":"https:\/\/totreforma.cat\/es\/wp-json\/wp\/v2\/pages\/2611\/revisions"}],"predecessor-version":[{"id":3785,"href":"https:\/\/totreforma.cat\/es\/wp-json\/wp\/v2\/pages\/2611\/revisions\/3785"}],"wp:attachment":[{"href":"https:\/\/totreforma.cat\/es\/wp-json\/wp\/v2\/media?parent=2611"}],"curies":[{"name":"wp","href":"https:\/\/api.w.org\/{rel}","templated":true}]}}