{"id":2614,"date":"2019-05-29T14:27:45","date_gmt":"2019-05-29T14:27:45","guid":{"rendered":"https:\/\/totreforma.cat\/?page_id=2614"},"modified":"2020-06-30T12:13:12","modified_gmt":"2020-06-30T10:13:12","slug":"reforma-integral","status":"publish","type":"page","link":"https:\/\/totreforma.cat\/es\/reforma-integral\/","title":{"rendered":"REFORMA INTEGRAL"},"content":{"rendered":"<div class=\"wpb-content-wrapper\"><p>[vc_row container_width=\u00bbfull-width\u00bb center_content=\u00bbyes\u00bb padding_top=\u00bb110px\u00bb padding_bottom=\u00bb40px\u00bb row_id=\u00bbwork\u00bb][vc_column padding_left=\u00bb20px\u00bb padding_right=\u00bb20px\u00bb][vc_empty_space height=\u00bb64px\u00bb]\t\t\n\t\t<div class=\"special-heading clearfix align-center  \" \n\t\t\t\t\t >\n\n\t\t\t\n\t\t\t\t\t\t\t\t\n\t\t\t\t\t\t\t\t\t<h2 class=\"title\">REFORMA INTEGRAL<\/h2>\t\t\t\t\t\n\t\t\t\t\n\t\t\t\t\t\t\t\n\n\t\t\t\t\t\t\t<span class=\"single-dash\"><\/span> \t\t\t\n\t\t\t\n\t\t<\/div>\n\n\t\t[vc_column_text]<\/p>\n<p style=\"text-align: center;\">Si necesitas embarcarte en una gran obra porque tengas que reformar tu casa, local, negocio\u2026debes buscar a una empresa seria, con experiencia en el sector de la rehabilitaci\u00f3n, que sepa ofrecerte un servicio de calidad y con compromiso.<\/p>\n<p>[\/vc_column_text][\/vc_column][\/vc_row][vc_row use_equal_columns=\u00bbyes\u00bb padding_bottom=\u00bb80px\u00bb][vc_column width=\u00bb1\/2&#8243; use_bg_color=\u00bbyes\u00bb use_bg_image=\u00bbyes\u00bb bg_image=\u00bb1908&#8243; offset=\u00bbvc_hidden-xs\u00bb bg_color=\u00bb#f1f1f1&#8243; padding_left=\u00bb50px\u00bb padding_top=\u00bb60px\u00bb padding_bottom=\u00bb60px\u00bb][vc_single_image image=\u00bb2617&#8243; img_size=\u00bb600X400&#8243; alignment=\u00bbcenter\u00bb][vc_single_image image=\u00bb2621&#8243; img_size=\u00bb600X400&#8243; alignment=\u00bbcenter\u00bb css=\u00bb.vc_custom_1562857795635{padding-top: 70px !important;}\u00bb][\/vc_column][vc_column width=\u00bb1\/2&#8243; use_bg_color=\u00bbyes\u00bb bg_color=\u00bb#f1f1f1&#8243; padding_top=\u00bb60px\u00bb padding_bottom=\u00bb60px\u00bb padding_right=\u00bb50px\u00bb][vc_column_text]<strong>En Tot Reforma encontrar\u00e1s a un pluridisciplinar equipo de profesionales, que sabr\u00e1n asesorarte y llevar a t\u00e9rmino la reforma con la que tanto has so\u00f1ado.<\/strong><\/p>\n<p>&nbsp;<\/p>\n<p>Somos especialistas y tratamos todos los \u00e1mbitos de una reforma: dise\u00f1o, lampister\u00eda, fontaner\u00eda, carpinter\u00eda, alba\u00f1iler\u00eda\/paleter\u00eda y pintura.<\/p>\n<p>&nbsp;<\/p>\n<p>Trabajamos con las mejores marcas y tenemos a su disposici\u00f3n una amplia gama de productos:<\/p>\n<p>&#8211; Calefacci\u00f3n y aire acondicionado<br \/>\n&#8211; Mobiliario de ba\u00f1o y de cocina<br \/>\n&#8211; Suelos de parquet, tarima, m\u00e1rmol, cer\u00e1mica, microcemento\u2026<br \/>\n&#8211; Grifer\u00eda<br \/>\n&#8211; Electrodom\u00e9sticos<br \/>\n&#8211; Puertas blindadas y de interior<br \/>\n&#8211; Ventanas<br \/>\n&#8211; Mortex<br \/>\n&#8211; Grosfillex<\/p>\n<p>&nbsp;<\/p>\n<p>Consulte a nuestros asesores, sabr\u00e1n ofrecerle la mejor propuesta que se adaptar\u00e1 a sus necesidades y preferencias, consiguiendo desarrollar las ideas que nos planteen y poder conseguir hacer realidad su sue\u00f1o.<\/p>\n<p>&nbsp;<\/p>\n<p>Contamos con 20 a\u00f1os de experiencia en el sector de la reforma. Nuestro compromiso es ofrecer un servicio de calidad que se traduzca en un cliente satisfecho. No importa la envergadura de su proyecto, estaremos a la altura de cualquier objetivo, nuestra empresa es seria y cuenta en su plantilla, con grandes profesionales.[\/vc_column_text][\/vc_column][\/vc_row][vc_row container_width=\u00bbfull-width\u00bb center_content=\u00bbyes\u00bb use_bg_image=\u00bbyes\u00bb image_parallax=\u00bbcontent-moving\u00bb use_overlay=\u00bbyes\u00bb bg_image=\u00bb1987&#8243; padding_top=\u00bb60px\u00bb padding_bottom=\u00bb60px\u00bb overlay_image=\u00bb1361&#8243;][vc_column offset=\u00bbvc_col-md-offset-2 vc_col-md-8&#8243;]\t\t\n\t\t<div class=\"promo  left-aligned clearfix  light wow fadeInRight\" \n\t\t\tdata-wow-delay=\"0.4s\" data-wow-duration=\"1s\">\n\t\t\t\t\t\t\t\t\n\t\t\t\t\t\t\n\t\t\t\n\t\t\t\t\t\t<div class=\"promo-text\">\n\t\t\t\t\t\t\n\t\t\t<h2>\u00bfQuieres recibir m\u00e1s informaci\u00f3n?<\/h2>\n\t\t\t\n\t\t\t\t\t\t\t<p>Ponte en contacto con nosotros.<\/p>\n\t\t\t\t\t\t\n\t\t\t\t\t\t<\/div>\t\t\t\n\t\t\t\t\n\t\t\t\t\t\t\t\n\t\t\t\t\t\t\n\t\t\t<div class=\"promo-action clearfix\"> \n\t\t\t\t\n\t\t\t\t\t\t\t\t\t<a href=\"https:\/\/totreforma.cat\/es\/contacto\/\"  \n\t\t\t\t\t   class=\"btn btn-scroll big solid\">\n\t\t\t\t\t\t   PRESUPUESTO\t\t\t\t\t<\/a> \n\t\t\t\t\t\t\t\t\t\n                \t\t\t\t\n\t\t\t<\/div>\t\n\t\t\t\n\t\t<\/div>  \n\n\t\n\t\t\n\t\t[\/vc_column][\/vc_row]<\/p>\n<\/div>","protected":false},"excerpt":{"rendered":"<p>[vc_row container_width=\u00bbfull-width\u00bb center_content=\u00bbyes\u00bb padding_top=\u00bb110px\u00bb padding_bottom=\u00bb40px\u00bb row_id=\u00bbwork\u00bb][vc_column padding_left=\u00bb20px\u00bb padding_right=\u00bb20px\u00bb][vc_empty_space height=\u00bb64px\u00bb][vc_column_text] Si necesitas embarcarte en una gran obra porque tengas que reformar tu casa, local, negocio\u2026debes buscar a una empresa seria, con experiencia en el sector de la rehabilitaci\u00f3n, que sepa ofrecerte un servicio de calidad y con compromiso. [\/vc_column_text][\/vc_column][\/vc_row][vc_row use_equal_columns=\u00bbyes\u00bb padding_bottom=\u00bb80px\u00bb][vc_column width=\u00bb1\/2&#8243; use_bg_color=\u00bbyes\u00bb use_bg_image=\u00bbyes\u00bb bg_image=\u00bb1908&#8243; offset=\u00bbvc_hidden-xs\u00bb [&hellip;]<\/p>\n","protected":false},"author":4,"featured_media":0,"parent":0,"menu_order":0,"comment_status":"closed","ping_status":"closed","template":"","meta":{"_monsterinsights_skip_tracking":false,"_monsterinsights_sitenote_active":false,"_monsterinsights_sitenote_note":"","_monsterinsights_sitenote_category":0,"footnotes":""},"class_list":["post-2614","page","type-page","status-publish","hentry"],"yoast_head":"<!-- This site is optimized with the Yoast SEO plugin v24.6 - https:\/\/yoast.com\/wordpress\/plugins\/seo\/ -->\n<title>REFORMA INTEGRAL de vivienda en Esparraguera. Precio y presupuesto<\/title>\n<meta name=\"description\" content=\"Reforma integral de vivienda en Esparraguera. Precio y presupuesto. Precios reales de una reforma integral en Esparraguera. Seriedad y profesionalidad.\" \/>\n<meta name=\"robots\" content=\"index, follow, max-snippet:-1, max-image-preview:large, max-video-preview:-1\" \/>\n<link rel=\"canonical\" href=\"https:\/\/totreforma.cat\/reforma-integral\/\" \/>\n<meta property=\"og:locale\" content=\"es_ES\" \/>\n<meta property=\"og:type\" content=\"article\" \/>\n<meta property=\"og:title\" content=\"REFORMA INTEGRAL de vivienda en Esparraguera. Precio y presupuesto\" \/>\n<meta property=\"og:description\" content=\"Reforma integral de vivienda en Esparraguera. Precio y presupuesto. Precios reales de una reforma integral en Esparraguera. Seriedad y profesionalidad.\" \/>\n<meta property=\"og:url\" content=\"https:\/\/totreforma.cat\/reforma-integral\/\" \/>\n<meta property=\"og:site_name\" content=\"Tot Reforma\" \/>\n<meta property=\"article:modified_time\" content=\"2020-06-30T10:13:12+00:00\" \/>\n<meta name=\"twitter:card\" content=\"summary_large_image\" \/>\n<meta name=\"twitter:label1\" content=\"Tiempo de lectura\" \/>\n\t<meta name=\"twitter:data1\" content=\"2 minutos\" \/>\n<script type=\"application\/ld+json\" class=\"yoast-schema-graph\">{\"@context\":\"https:\/\/schema.org\",\"@graph\":[{\"@type\":\"WebPage\",\"@id\":\"https:\/\/totreforma.cat\/reforma-integral\/\",\"url\":\"https:\/\/totreforma.cat\/reforma-integral\/\",\"name\":\"REFORMA INTEGRAL de vivienda en Esparraguera. Precio y presupuesto\",\"isPartOf\":{\"@id\":\"https:\/\/totreforma.cat\/#website\"},\"datePublished\":\"2019-05-29T14:27:45+00:00\",\"dateModified\":\"2020-06-30T10:13:12+00:00\",\"description\":\"Reforma integral de vivienda en Esparraguera. Precio y presupuesto. Precios reales de una reforma integral en Esparraguera. Seriedad y profesionalidad.\",\"breadcrumb\":{\"@id\":\"https:\/\/totreforma.cat\/reforma-integral\/#breadcrumb\"},\"inLanguage\":\"es\",\"potentialAction\":[{\"@type\":\"ReadAction\",\"target\":[\"https:\/\/totreforma.cat\/reforma-integral\/\"]}]},{\"@type\":\"BreadcrumbList\",\"@id\":\"https:\/\/totreforma.cat\/reforma-integral\/#breadcrumb\",\"itemListElement\":[{\"@type\":\"ListItem\",\"position\":1,\"name\":\"Portada\",\"item\":\"https:\/\/totreforma.cat\/es\/\"},{\"@type\":\"ListItem\",\"position\":2,\"name\":\"REFORMA INTEGRAL\"}]},{\"@type\":\"WebSite\",\"@id\":\"https:\/\/totreforma.cat\/#website\",\"url\":\"https:\/\/totreforma.cat\/\",\"name\":\"Tot Reforma\",\"description\":\"Reformes de la llar Esparreguera\",\"potentialAction\":[{\"@type\":\"SearchAction\",\"target\":{\"@type\":\"EntryPoint\",\"urlTemplate\":\"https:\/\/totreforma.cat\/?s={search_term_string}\"},\"query-input\":{\"@type\":\"PropertyValueSpecification\",\"valueRequired\":true,\"valueName\":\"search_term_string\"}}],\"inLanguage\":\"es\"}]}<\/script>\n<!-- \/ Yoast SEO plugin. -->","yoast_head_json":{"title":"REFORMA INTEGRAL de vivienda en Esparraguera. Precio y presupuesto","description":"Reforma integral de vivienda en Esparraguera. Precio y presupuesto. Precios reales de una reforma integral en Esparraguera. Seriedad y profesionalidad.","robots":{"index":"index","follow":"follow","max-snippet":"max-snippet:-1","max-image-preview":"max-image-preview:large","max-video-preview":"max-video-preview:-1"},"canonical":"https:\/\/totreforma.cat\/reforma-integral\/","og_locale":"es_ES","og_type":"article","og_title":"REFORMA INTEGRAL de vivienda en Esparraguera. Precio y presupuesto","og_description":"Reforma integral de vivienda en Esparraguera. Precio y presupuesto. Precios reales de una reforma integral en Esparraguera. Seriedad y profesionalidad.","og_url":"https:\/\/totreforma.cat\/reforma-integral\/","og_site_name":"Tot Reforma","article_modified_time":"2020-06-30T10:13:12+00:00","twitter_card":"summary_large_image","twitter_misc":{"Tiempo de lectura":"2 minutos"},"schema":{"@context":"https:\/\/schema.org","@graph":[{"@type":"WebPage","@id":"https:\/\/totreforma.cat\/reforma-integral\/","url":"https:\/\/totreforma.cat\/reforma-integral\/","name":"REFORMA INTEGRAL de vivienda en Esparraguera. Precio y presupuesto","isPartOf":{"@id":"https:\/\/totreforma.cat\/#website"},"datePublished":"2019-05-29T14:27:45+00:00","dateModified":"2020-06-30T10:13:12+00:00","description":"Reforma integral de vivienda en Esparraguera. Precio y presupuesto. Precios reales de una reforma integral en Esparraguera. Seriedad y profesionalidad.","breadcrumb":{"@id":"https:\/\/totreforma.cat\/reforma-integral\/#breadcrumb"},"inLanguage":"es","potentialAction":[{"@type":"ReadAction","target":["https:\/\/totreforma.cat\/reforma-integral\/"]}]},{"@type":"BreadcrumbList","@id":"https:\/\/totreforma.cat\/reforma-integral\/#breadcrumb","itemListElement":[{"@type":"ListItem","position":1,"name":"Portada","item":"https:\/\/totreforma.cat\/es\/"},{"@type":"ListItem","position":2,"name":"REFORMA INTEGRAL"}]},{"@type":"WebSite","@id":"https:\/\/totreforma.cat\/#website","url":"https:\/\/totreforma.cat\/","name":"Tot Reforma","description":"Reformes de la llar Esparreguera","potentialAction":[{"@type":"SearchAction","target":{"@type":"EntryPoint","urlTemplate":"https:\/\/totreforma.cat\/?s={search_term_string}"},"query-input":{"@type":"PropertyValueSpecification","valueRequired":true,"valueName":"search_term_string"}}],"inLanguage":"es"}]}},"_links":{"self":[{"href":"https:\/\/totreforma.cat\/es\/wp-json\/wp\/v2\/pages\/2614","targetHints":{"allow":["GET"]}}],"collection":[{"href":"https:\/\/totreforma.cat\/es\/wp-json\/wp\/v2\/pages"}],"about":[{"href":"https:\/\/totreforma.cat\/es\/wp-json\/wp\/v2\/types\/page"}],"author":[{"embeddable":true,"href":"https:\/\/totreforma.cat\/es\/wp-json\/wp\/v2\/users\/4"}],"replies":[{"embeddable":true,"href":"https:\/\/totreforma.cat\/es\/wp-json\/wp\/v2\/comments?post=2614"}],"version-history":[{"count":1,"href":"https:\/\/totreforma.cat\/es\/wp-json\/wp\/v2\/pages\/2614\/revisions"}],"predecessor-version":[{"id":3734,"href":"https:\/\/totreforma.cat\/es\/wp-json\/wp\/v2\/pages\/2614\/revisions\/3734"}],"wp:attachment":[{"href":"https:\/\/totreforma.cat\/es\/wp-json\/wp\/v2\/media?parent=2614"}],"curies":[{"name":"wp","href":"https:\/\/api.w.org\/{rel}","templated":true}]}}