{"id":2663,"date":"2019-05-29T15:32:16","date_gmt":"2019-05-29T15:32:16","guid":{"rendered":"https:\/\/totreforma.cat\/?page_id=2663"},"modified":"2020-07-03T11:14:58","modified_gmt":"2020-07-03T09:14:58","slug":"albanileria-empresa-de-reformas-esparraguera","status":"publish","type":"page","link":"https:\/\/totreforma.cat\/es\/albanileria-empresa-de-reformas-esparraguera\/","title":{"rendered":"ALBA\u00d1ILER\u00cdA"},"content":{"rendered":"<div class=\"wpb-content-wrapper\"><p>[vc_row container_width=\u00bbfull-width\u00bb center_content=\u00bbyes\u00bb padding_top=\u00bb110px\u00bb padding_bottom=\u00bb40px\u00bb row_id=\u00bbwork\u00bb][vc_column padding_left=\u00bb20px\u00bb padding_right=\u00bb20px\u00bb][vc_empty_space height=\u00bb64px\u00bb]\t\t\n\t\t<div class=\"special-heading clearfix align-center  \" \n\t\t\t\t\t >\n\n\t\t\t\n\t\t\t\t\t\t\t\t\n\t\t\t\t\t\t\t\t\t<h2 class=\"title\">REFORMAS DE ALBA\u00d1ILER\u00cdA EN ESPARRAGUERA<\/h2>\t\t\t\t\t\n\t\t\t\t\n\t\t\t\t\t\t\t\n\n\t\t\t\t\t\t\t<span class=\"single-dash\"><\/span> \t\t\t\n\t\t\t\n\t\t<\/div>\n\n\t\t[vc_column_text]<\/p>\n<p style=\"text-align: center;\">Somos expertos en alba\u00f1iler\u00eda, nuestro equipo de alba\u00f1iles y paletas son profesionales en el oficio de la construcci\u00f3n, la reforma, reparaci\u00f3n y renovaci\u00f3n de cualquier tipo de edificaci\u00f3n.<\/p>\n<p>[\/vc_column_text][\/vc_column][\/vc_row][vc_row use_equal_columns=\u00bbyes\u00bb padding_bottom=\u00bb80px\u00bb][vc_column width=\u00bb1\/2&#8243; use_bg_color=\u00bbyes\u00bb use_bg_image=\u00bbyes\u00bb bg_image=\u00bb1908&#8243; bg_color=\u00bb#f1f1f1&#8243; padding_left=\u00bb50px\u00bb padding_top=\u00bb60px\u00bb padding_bottom=\u00bb60px\u00bb][vc_single_image image=\u00bb2681&#8243; img_size=\u00bb600X420&#8243; alignment=\u00bbcenter\u00bb][vc_single_image image=\u00bb2679&#8243; img_size=\u00bb600X420&#8243; alignment=\u00bbcenter\u00bb css=\u00bb.vc_custom_1559143939401{padding-top: 50px !important;}\u00bb][\/vc_column][vc_column width=\u00bb1\/2&#8243; use_bg_color=\u00bbyes\u00bb bg_color=\u00bb#f1f1f1&#8243; padding_top=\u00bb60px\u00bb padding_bottom=\u00bb60px\u00bb padding_right=\u00bb50px\u00bb][vc_column_text]<strong>En Tot Reforma, somos expertos en alba\u00f1iler\u00eda. Aqu\u00ed encontrar\u00e1 al personal mejor cualificado para dar forma a su sue\u00f1o, de una manera seria y profesional.<\/strong><\/p>\n<p>&nbsp;<\/p>\n<p>Para llevar a t\u00e9rmino una obra es imprescindible, sea cual sea su envergadura, es imprescindible contratar a una empresa con especialistas en alba\u00f1iler\u00eda, dado que son los que dar\u00e1n estructura a la idea plasmada en el dise\u00f1o. Una empresa con experiencia, que sepa entender las peticiones del cliente y llevarlas a t\u00e9rmino, que pueda, si se da el caso, actuar ante cualquier imprevisto que pueda suceder.<\/p>\n<p>&nbsp;<\/p>\n<p>En alba\u00f1iler\u00eda siempre utilizamos materiales de alta calidad para conseguir el mejor resultado y realizamos:<\/p>\n<p>&nbsp;<\/p>\n<p>&#8211; Estudio del proyecto.<\/p>\n<p>&#8211; Medici\u00f3n y preparaci\u00f3n de las diferentes actuaciones.<\/p>\n<p>&#8211; Levantamiento de fachadas, muros, tabiques, pilares, arcos\u2026<\/p>\n<p>&#8211; Preparaci\u00f3n para la colocaci\u00f3n de puertas y ventanas.<\/p>\n<p>&#8211; Revestimiento de cubiertas y tejados.<\/p>\n<p>&#8211; Alicatado.<\/p>\n<p>&#8211; Enyesado.<\/p>\n<p>&nbsp;<\/p>\n<p>Nuestro equipo de alba\u00f1iles interpreta adecuadamente los planos del proyecto, conoce los permisos que se necesitan para cada caso, minimiza el perjuicio que cualquier obra puede conllevar, se encarga de la retirada de escombros e informa de los progresos o incidencias que puedan surgir. Tras su trabajo, la obra est\u00e1 preparada para que los siguientes en intervenir no tengan dificultades para llevar a cabo su labor. Pintores, carpinteros, lampistas, fontaneros\u2026podr\u00e1n continuar el plan de trabajo correctamente.[\/vc_column_text][\/vc_column][\/vc_row][vc_row container_width=\u00bbfull-width\u00bb center_content=\u00bbyes\u00bb use_bg_image=\u00bbyes\u00bb image_parallax=\u00bbcontent-moving\u00bb use_overlay=\u00bbyes\u00bb bg_image=\u00bb1987&#8243; padding_top=\u00bb60px\u00bb padding_bottom=\u00bb60px\u00bb overlay_image=\u00bb1361&#8243;][vc_column offset=\u00bbvc_col-md-offset-2 vc_col-md-8&#8243;]\t\t\n\t\t<div class=\"promo  left-aligned clearfix  light wow fadeInRight\" \n\t\t\tdata-wow-delay=\"0.4s\" data-wow-duration=\"1s\">\n\t\t\t\t\t\t\t\t\n\t\t\t\t\t\t\n\t\t\t\n\t\t\t\t\t\t<div class=\"promo-text\">\n\t\t\t\t\t\t\n\t\t\t<h2>\u00bfQuieres recibir m\u00e1s informaci\u00f3n?<\/h2>\n\t\t\t\n\t\t\t\t\t\t\t<p>Ponte en contacto con nosotros.<\/p>\n\t\t\t\t\t\t\n\t\t\t\t\t\t<\/div>\t\t\t\n\t\t\t\t\n\t\t\t\t\t\t\t\n\t\t\t\t\t\t\n\t\t\t<div class=\"promo-action clearfix\"> \n\t\t\t\t\n\t\t\t\t\t\t\t\t\t<a href=\"https:\/\/totreforma.cat\/es\/contacto\/\"  \n\t\t\t\t\t   class=\"btn btn-scroll big solid\">\n\t\t\t\t\t\t   PRESUPUESTO\t\t\t\t\t<\/a> \n\t\t\t\t\t\t\t\t\t\n                \t\t\t\t\n\t\t\t<\/div>\t\n\t\t\t\n\t\t<\/div>  \n\n\t\n\t\t\n\t\t[\/vc_column][\/vc_row]<\/p>\n<\/div>","protected":false},"excerpt":{"rendered":"<p>[vc_row container_width=\u00bbfull-width\u00bb center_content=\u00bbyes\u00bb padding_top=\u00bb110px\u00bb padding_bottom=\u00bb40px\u00bb row_id=\u00bbwork\u00bb][vc_column padding_left=\u00bb20px\u00bb padding_right=\u00bb20px\u00bb][vc_empty_space height=\u00bb64px\u00bb][vc_column_text] Somos expertos en alba\u00f1iler\u00eda, nuestro equipo de alba\u00f1iles y paletas son profesionales en el oficio de la construcci\u00f3n, la reforma, reparaci\u00f3n y renovaci\u00f3n de cualquier tipo de edificaci\u00f3n. [\/vc_column_text][\/vc_column][\/vc_row][vc_row use_equal_columns=\u00bbyes\u00bb padding_bottom=\u00bb80px\u00bb][vc_column width=\u00bb1\/2&#8243; use_bg_color=\u00bbyes\u00bb use_bg_image=\u00bbyes\u00bb bg_image=\u00bb1908&#8243; bg_color=\u00bb#f1f1f1&#8243; padding_left=\u00bb50px\u00bb padding_top=\u00bb60px\u00bb padding_bottom=\u00bb60px\u00bb][vc_single_image image=\u00bb2681&#8243; img_size=\u00bb600X420&#8243; alignment=\u00bbcenter\u00bb][vc_single_image image=\u00bb2679&#8243; img_size=\u00bb600X420&#8243; alignment=\u00bbcenter\u00bb css=\u00bb.vc_custom_1559143939401{padding-top: [&hellip;]<\/p>\n","protected":false},"author":4,"featured_media":0,"parent":0,"menu_order":0,"comment_status":"closed","ping_status":"closed","template":"","meta":{"_monsterinsights_skip_tracking":false,"_monsterinsights_sitenote_active":false,"_monsterinsights_sitenote_note":"","_monsterinsights_sitenote_category":0,"footnotes":""},"class_list":["post-2663","page","type-page","status-publish","hentry"],"yoast_head":"<!-- This site is optimized with the Yoast SEO plugin v24.6 - https:\/\/yoast.com\/wordpress\/plugins\/seo\/ -->\n<title>ALBA\u00d1ILER\u00cdA - Empresa de reformas de alba\u00f1iler\u00eda en Esparraguera.<\/title>\n<meta name=\"description\" content=\"Tot Reforma empresa de de reformas de alba\u00f1iler\u00eda en Esparraguera. Alba\u00f1iles y paletas profesionales y serios para tu reforma en Esparraguera.\" \/>\n<meta name=\"robots\" content=\"index, follow, max-snippet:-1, max-image-preview:large, max-video-preview:-1\" \/>\n<link rel=\"canonical\" href=\"https:\/\/totreforma.cat\/paleta\/\" \/>\n<meta property=\"og:locale\" content=\"es_ES\" \/>\n<meta property=\"og:type\" content=\"article\" \/>\n<meta property=\"og:title\" content=\"ALBA\u00d1ILER\u00cdA - Empresa de reformas de alba\u00f1iler\u00eda en Esparraguera.\" \/>\n<meta property=\"og:description\" content=\"Tot Reforma empresa de de reformas de alba\u00f1iler\u00eda en Esparraguera. Alba\u00f1iles y paletas profesionales y serios para tu reforma en Esparraguera.\" \/>\n<meta property=\"og:url\" content=\"https:\/\/totreforma.cat\/paleta\/\" \/>\n<meta property=\"og:site_name\" content=\"Tot Reforma\" \/>\n<meta property=\"article:modified_time\" content=\"2020-07-03T09:14:58+00:00\" \/>\n<meta name=\"twitter:card\" content=\"summary_large_image\" \/>\n<meta name=\"twitter:label1\" content=\"Tiempo de lectura\" \/>\n\t<meta name=\"twitter:data1\" content=\"3 minutos\" \/>\n<script type=\"application\/ld+json\" class=\"yoast-schema-graph\">{\"@context\":\"https:\/\/schema.org\",\"@graph\":[{\"@type\":\"WebPage\",\"@id\":\"https:\/\/totreforma.cat\/paleta\/\",\"url\":\"https:\/\/totreforma.cat\/paleta\/\",\"name\":\"ALBA\u00d1ILER\u00cdA - Empresa de reformas de alba\u00f1iler\u00eda en Esparraguera.\",\"isPartOf\":{\"@id\":\"https:\/\/totreforma.cat\/#website\"},\"datePublished\":\"2019-05-29T15:32:16+00:00\",\"dateModified\":\"2020-07-03T09:14:58+00:00\",\"description\":\"Tot Reforma empresa de de reformas de alba\u00f1iler\u00eda en Esparraguera. Alba\u00f1iles y paletas profesionales y serios para tu reforma en Esparraguera.\",\"breadcrumb\":{\"@id\":\"https:\/\/totreforma.cat\/paleta\/#breadcrumb\"},\"inLanguage\":\"es\",\"potentialAction\":[{\"@type\":\"ReadAction\",\"target\":[\"https:\/\/totreforma.cat\/paleta\/\"]}]},{\"@type\":\"BreadcrumbList\",\"@id\":\"https:\/\/totreforma.cat\/paleta\/#breadcrumb\",\"itemListElement\":[{\"@type\":\"ListItem\",\"position\":1,\"name\":\"Portada\",\"item\":\"https:\/\/totreforma.cat\/es\/\"},{\"@type\":\"ListItem\",\"position\":2,\"name\":\"ALBA\u00d1ILER\u00cdA\"}]},{\"@type\":\"WebSite\",\"@id\":\"https:\/\/totreforma.cat\/#website\",\"url\":\"https:\/\/totreforma.cat\/\",\"name\":\"Tot Reforma\",\"description\":\"Reformes de la llar Esparreguera\",\"potentialAction\":[{\"@type\":\"SearchAction\",\"target\":{\"@type\":\"EntryPoint\",\"urlTemplate\":\"https:\/\/totreforma.cat\/?s={search_term_string}\"},\"query-input\":{\"@type\":\"PropertyValueSpecification\",\"valueRequired\":true,\"valueName\":\"search_term_string\"}}],\"inLanguage\":\"es\"}]}<\/script>\n<!-- \/ Yoast SEO plugin. -->","yoast_head_json":{"title":"ALBA\u00d1ILER\u00cdA - Empresa de reformas de alba\u00f1iler\u00eda en Esparraguera.","description":"Tot Reforma empresa de de reformas de alba\u00f1iler\u00eda en Esparraguera. Alba\u00f1iles y paletas profesionales y serios para tu reforma en Esparraguera.","robots":{"index":"index","follow":"follow","max-snippet":"max-snippet:-1","max-image-preview":"max-image-preview:large","max-video-preview":"max-video-preview:-1"},"canonical":"https:\/\/totreforma.cat\/paleta\/","og_locale":"es_ES","og_type":"article","og_title":"ALBA\u00d1ILER\u00cdA - Empresa de reformas de alba\u00f1iler\u00eda en Esparraguera.","og_description":"Tot Reforma empresa de de reformas de alba\u00f1iler\u00eda en Esparraguera. Alba\u00f1iles y paletas profesionales y serios para tu reforma en Esparraguera.","og_url":"https:\/\/totreforma.cat\/paleta\/","og_site_name":"Tot Reforma","article_modified_time":"2020-07-03T09:14:58+00:00","twitter_card":"summary_large_image","twitter_misc":{"Tiempo de lectura":"3 minutos"},"schema":{"@context":"https:\/\/schema.org","@graph":[{"@type":"WebPage","@id":"https:\/\/totreforma.cat\/paleta\/","url":"https:\/\/totreforma.cat\/paleta\/","name":"ALBA\u00d1ILER\u00cdA - Empresa de reformas de alba\u00f1iler\u00eda en Esparraguera.","isPartOf":{"@id":"https:\/\/totreforma.cat\/#website"},"datePublished":"2019-05-29T15:32:16+00:00","dateModified":"2020-07-03T09:14:58+00:00","description":"Tot Reforma empresa de de reformas de alba\u00f1iler\u00eda en Esparraguera. Alba\u00f1iles y paletas profesionales y serios para tu reforma en Esparraguera.","breadcrumb":{"@id":"https:\/\/totreforma.cat\/paleta\/#breadcrumb"},"inLanguage":"es","potentialAction":[{"@type":"ReadAction","target":["https:\/\/totreforma.cat\/paleta\/"]}]},{"@type":"BreadcrumbList","@id":"https:\/\/totreforma.cat\/paleta\/#breadcrumb","itemListElement":[{"@type":"ListItem","position":1,"name":"Portada","item":"https:\/\/totreforma.cat\/es\/"},{"@type":"ListItem","position":2,"name":"ALBA\u00d1ILER\u00cdA"}]},{"@type":"WebSite","@id":"https:\/\/totreforma.cat\/#website","url":"https:\/\/totreforma.cat\/","name":"Tot Reforma","description":"Reformes de la llar Esparreguera","potentialAction":[{"@type":"SearchAction","target":{"@type":"EntryPoint","urlTemplate":"https:\/\/totreforma.cat\/?s={search_term_string}"},"query-input":{"@type":"PropertyValueSpecification","valueRequired":true,"valueName":"search_term_string"}}],"inLanguage":"es"}]}},"_links":{"self":[{"href":"https:\/\/totreforma.cat\/es\/wp-json\/wp\/v2\/pages\/2663","targetHints":{"allow":["GET"]}}],"collection":[{"href":"https:\/\/totreforma.cat\/es\/wp-json\/wp\/v2\/pages"}],"about":[{"href":"https:\/\/totreforma.cat\/es\/wp-json\/wp\/v2\/types\/page"}],"author":[{"embeddable":true,"href":"https:\/\/totreforma.cat\/es\/wp-json\/wp\/v2\/users\/4"}],"replies":[{"embeddable":true,"href":"https:\/\/totreforma.cat\/es\/wp-json\/wp\/v2\/comments?post=2663"}],"version-history":[{"count":3,"href":"https:\/\/totreforma.cat\/es\/wp-json\/wp\/v2\/pages\/2663\/revisions"}],"predecessor-version":[{"id":3780,"href":"https:\/\/totreforma.cat\/es\/wp-json\/wp\/v2\/pages\/2663\/revisions\/3780"}],"wp:attachment":[{"href":"https:\/\/totreforma.cat\/es\/wp-json\/wp\/v2\/media?parent=2663"}],"curies":[{"name":"wp","href":"https:\/\/api.w.org\/{rel}","templated":true}]}}