{"id":2665,"date":"2019-05-29T15:18:30","date_gmt":"2019-05-29T15:18:30","guid":{"rendered":"https:\/\/totreforma.cat\/?page_id=2665"},"modified":"2020-07-03T11:15:50","modified_gmt":"2020-07-03T09:15:50","slug":"lampisteria","status":"publish","type":"page","link":"https:\/\/totreforma.cat\/es\/lampisteria\/","title":{"rendered":"LAMPISTERIA"},"content":{"rendered":"<div class=\"wpb-content-wrapper\"><p>[vc_row container_width=\u00bbfull-width\u00bb center_content=\u00bbyes\u00bb padding_top=\u00bb110px\u00bb padding_bottom=\u00bb40px\u00bb row_id=\u00bbwork\u00bb][vc_column padding_left=\u00bb20px\u00bb padding_right=\u00bb20px\u00bb][vc_empty_space height=\u00bb64px\u00bb]\t\t\n\t\t<div class=\"special-heading clearfix align-center  \" \n\t\t\t\t\t >\n\n\t\t\t\n\t\t\t\t\t\t\t\t\n\t\t\t\t\t\t\t\t\t<h2 class=\"title\">REFORMA DE LAMPISTER\u00cdA EN ESPARRAGUERA<\/h2>\t\t\t\t\t\n\t\t\t\t\n\t\t\t\t\t\t\t\n\n\t\t\t\t\t\t\t<span class=\"single-dash\"><\/span> \t\t\t\n\t\t\t\n\t\t<\/div>\n\n\t\t[vc_column_text]<\/p>\n<p style=\"text-align: center;\">Tot Reforma tiene en plantilla a un equipo de profesionales en el sector de la electricidad, la fontaner\u00eda y el gas. Damos servicio a cualquier necesidad, ya sea por una reparaci\u00f3n, una obra nueva o una reforma, tanto en hogares como en locales o comercios.<\/p>\n<p>[\/vc_column_text][\/vc_column][\/vc_row][vc_row use_equal_columns=\u00bbyes\u00bb padding_bottom=\u00bb80px\u00bb][vc_column width=\u00bb1\/2&#8243; use_bg_color=\u00bbyes\u00bb use_bg_image=\u00bbyes\u00bb bg_image=\u00bb1908&#8243; bg_color=\u00bb#f1f1f1&#8243; padding_left=\u00bb50px\u00bb padding_top=\u00bb60px\u00bb padding_bottom=\u00bb60px\u00bb][vc_single_image image=\u00bb2668&#8243; img_size=\u00bb600X560&#8243; alignment=\u00bbcenter\u00bb][vc_single_image image=\u00bb2670&#8243; img_size=\u00bb600X560&#8243; alignment=\u00bbcenter\u00bb css=\u00bb.vc_custom_1559143113253{padding-top: 50px !important;}\u00bb][\/vc_column][vc_column width=\u00bb1\/2&#8243; use_bg_color=\u00bbyes\u00bb bg_color=\u00bb#f1f1f1&#8243; padding_top=\u00bb60px\u00bb padding_bottom=\u00bb60px\u00bb padding_right=\u00bb50px\u00bb][vc_column_text]<strong>En Tot Reforma, contamos con un grupo de profesionales dedicados al sector de la lampister\u00eda. Todos ellos tienen una amplia experiencia en su campo, sabiendo atender cualquier tipo de servicio, desde el m\u00e1s peque\u00f1o al m\u00e1s grande, todo con una atenci\u00f3n seria y profesional. Utilizamos los materiales de la mejor calidad y ponemos a su servicio una gran selecci\u00f3n de las mejores marcas del mercado.<\/strong><\/p>\n<p>&nbsp;<\/p>\n<p><strong>AGUA<\/strong><\/p>\n<p>En las obras de cocinas, ba\u00f1os, lavaderos y en las instalaciones de electrodom\u00e9sticos u otros aparatos, que requiera entrada o salida de agua, es imprescindible un fontanero.<\/p>\n<p><strong>Cocinas<\/strong>: En ella se encuentran electrodom\u00e9sticos como la lavadora, el lavavajillas y la secadora. Todos ellos necesitan de desag\u00fce y algunos tambi\u00e9n toma de agua. Por otra parte aqu\u00ed encontramos otros elementos como son la pica o fregadero. Para todos ellos se debe tener en cuenta d\u00f3nde queremos ubicarlos, para as\u00ed hacer la instalaci\u00f3n m\u00e1s funcional.<\/p>\n<p><strong>Ba\u00f1os o aseos<\/strong>: Lavabo, bidet, ba\u00f1era, ducha, son los elementos principales de esta zona y requieren mucho trabajo de fontaner\u00eda. Un trabajo que debe realizarse correctamente para evitar estancamientos, malos olores o filtraciones.<\/p>\n<p><strong>Calefacci\u00f3n y aire acondicionado<\/strong>: Ambos requieren de tuber\u00edas de circulaci\u00f3n de agua.<\/p>\n<p><strong>Otros<\/strong>: Aspersores, tomas de agua y desag\u00fces para el jard\u00edn&#8230;<\/p>\n<p>&nbsp;<\/p>\n<p><strong>LUZ<\/strong><\/p>\n<p>Disponemos de expertos en la colocaci\u00f3n y\/o reparaci\u00f3n de instalaciones el\u00e9ctricas. Nuestros electricistas dar\u00e1n un servicio de calidad y con compromiso.<\/p>\n<p>Damos soluci\u00f3n a cualquier tipo de intervenci\u00f3n ya sea por una obra de nueva construcci\u00f3n o reforma, como por una reparaci\u00f3n de elementos de una instalaci\u00f3n ya existente.<\/p>\n<p>&nbsp;<\/p>\n<p><strong>GAS<\/strong><\/p>\n<p>Ponemos a su disposici\u00f3n un equipo de profesionales con una amplia experiencia en instalaciones de gas, ya sea de gas butano, gas propano o gas natural.<\/p>\n<p>Obra nueva, rehabilitaciones, reformas, reparaciones o adecuaciones a la normativa, sabremos resolver cualquier necesidad en la que haya una instalaci\u00f3n de gas implicada.[\/vc_column_text][\/vc_column][\/vc_row][vc_row container_width=\u00bbfull-width\u00bb center_content=\u00bbyes\u00bb use_bg_image=\u00bbyes\u00bb image_parallax=\u00bbcontent-moving\u00bb use_overlay=\u00bbyes\u00bb bg_image=\u00bb1987&#8243; padding_top=\u00bb60px\u00bb padding_bottom=\u00bb60px\u00bb overlay_image=\u00bb1361&#8243;][vc_column offset=\u00bbvc_col-md-offset-2 vc_col-md-8&#8243;]\t\t\n\t\t<div class=\"promo  left-aligned clearfix  light wow fadeInRight\" \n\t\t\tdata-wow-delay=\"0.4s\" data-wow-duration=\"1s\">\n\t\t\t\t\t\t\t\t\n\t\t\t\t\t\t\n\t\t\t\n\t\t\t\t\t\t<div class=\"promo-text\">\n\t\t\t\t\t\t\n\t\t\t<h2>\u00bfQuieres recibir m\u00e1s informaci\u00f3n?<\/h2>\n\t\t\t\n\t\t\t\t\t\t\t<p>Ponte en contacto con nosotros.<\/p>\n\t\t\t\t\t\t\n\t\t\t\t\t\t<\/div>\t\t\t\n\t\t\t\t\n\t\t\t\t\t\t\t\n\t\t\t\t\t\t\n\t\t\t<div class=\"promo-action clearfix\"> \n\t\t\t\t\n\t\t\t\t\t\t\t\t\t<a href=\"https:\/\/totreforma.cat\/es\/contacto\/\"  \n\t\t\t\t\t   class=\"btn btn-scroll big solid\">\n\t\t\t\t\t\t   PRESUPUESTO\t\t\t\t\t<\/a> \n\t\t\t\t\t\t\t\t\t\n                \t\t\t\t\n\t\t\t<\/div>\t\n\t\t\t\n\t\t<\/div>  \n\n\t\n\t\t\n\t\t[\/vc_column][\/vc_row]<\/p>\n<\/div>","protected":false},"excerpt":{"rendered":"<p>[vc_row container_width=\u00bbfull-width\u00bb center_content=\u00bbyes\u00bb padding_top=\u00bb110px\u00bb padding_bottom=\u00bb40px\u00bb row_id=\u00bbwork\u00bb][vc_column padding_left=\u00bb20px\u00bb padding_right=\u00bb20px\u00bb][vc_empty_space height=\u00bb64px\u00bb][vc_column_text] Tot Reforma tiene en plantilla a un equipo de profesionales en el sector de la electricidad, la fontaner\u00eda y el gas. Damos servicio a cualquier necesidad, ya sea por una reparaci\u00f3n, una obra nueva o una reforma, tanto en hogares como en locales o comercios. [\/vc_column_text][\/vc_column][\/vc_row][vc_row [&hellip;]<\/p>\n","protected":false},"author":4,"featured_media":0,"parent":0,"menu_order":0,"comment_status":"closed","ping_status":"closed","template":"","meta":{"_monsterinsights_skip_tracking":false,"_monsterinsights_sitenote_active":false,"_monsterinsights_sitenote_note":"","_monsterinsights_sitenote_category":0,"footnotes":""},"class_list":["post-2665","page","type-page","status-publish","hentry"],"yoast_head":"<!-- This site is optimized with the Yoast SEO plugin v24.6 - https:\/\/yoast.com\/wordpress\/plugins\/seo\/ -->\n<title>LAMPISTERIA - Tot Reforma Profesionales de reformas con lampisteria<\/title>\n<meta name=\"description\" content=\"Tot Reforma, profesionales de reformas con lampister\u00eda en Esparraguera. Electricistas, fontaneros y especialistas en gas para la reforma de cocinas o ba\u00f1os.\" \/>\n<meta name=\"robots\" content=\"index, follow, max-snippet:-1, max-image-preview:large, max-video-preview:-1\" \/>\n<link rel=\"canonical\" href=\"https:\/\/totreforma.cat\/lampisteria\/\" \/>\n<meta property=\"og:locale\" content=\"es_ES\" \/>\n<meta property=\"og:type\" content=\"article\" \/>\n<meta property=\"og:title\" content=\"LAMPISTERIA - Tot Reforma Profesionales de reformas con lampisteria\" \/>\n<meta property=\"og:description\" content=\"Tot Reforma, profesionales de reformas con lampister\u00eda en Esparraguera. Electricistas, fontaneros y especialistas en gas para la reforma de cocinas o ba\u00f1os.\" \/>\n<meta property=\"og:url\" content=\"https:\/\/totreforma.cat\/lampisteria\/\" \/>\n<meta property=\"og:site_name\" content=\"Tot Reforma\" \/>\n<meta property=\"article:modified_time\" content=\"2020-07-03T09:15:50+00:00\" \/>\n<meta name=\"twitter:card\" content=\"summary_large_image\" \/>\n<meta name=\"twitter:label1\" content=\"Tiempo de lectura\" \/>\n\t<meta name=\"twitter:data1\" content=\"3 minutos\" \/>\n<script type=\"application\/ld+json\" class=\"yoast-schema-graph\">{\"@context\":\"https:\/\/schema.org\",\"@graph\":[{\"@type\":\"WebPage\",\"@id\":\"https:\/\/totreforma.cat\/lampisteria\/\",\"url\":\"https:\/\/totreforma.cat\/lampisteria\/\",\"name\":\"LAMPISTERIA - Tot Reforma Profesionales de reformas con lampisteria\",\"isPartOf\":{\"@id\":\"https:\/\/totreforma.cat\/#website\"},\"datePublished\":\"2019-05-29T15:18:30+00:00\",\"dateModified\":\"2020-07-03T09:15:50+00:00\",\"description\":\"Tot Reforma, profesionales de reformas con lampister\u00eda en Esparraguera. Electricistas, fontaneros y especialistas en gas para la reforma de cocinas o ba\u00f1os.\",\"breadcrumb\":{\"@id\":\"https:\/\/totreforma.cat\/lampisteria\/#breadcrumb\"},\"inLanguage\":\"es\",\"potentialAction\":[{\"@type\":\"ReadAction\",\"target\":[\"https:\/\/totreforma.cat\/lampisteria\/\"]}]},{\"@type\":\"BreadcrumbList\",\"@id\":\"https:\/\/totreforma.cat\/lampisteria\/#breadcrumb\",\"itemListElement\":[{\"@type\":\"ListItem\",\"position\":1,\"name\":\"Portada\",\"item\":\"https:\/\/totreforma.cat\/es\/\"},{\"@type\":\"ListItem\",\"position\":2,\"name\":\"LAMPISTERIA\"}]},{\"@type\":\"WebSite\",\"@id\":\"https:\/\/totreforma.cat\/#website\",\"url\":\"https:\/\/totreforma.cat\/\",\"name\":\"Tot Reforma\",\"description\":\"Reformes de la llar Esparreguera\",\"potentialAction\":[{\"@type\":\"SearchAction\",\"target\":{\"@type\":\"EntryPoint\",\"urlTemplate\":\"https:\/\/totreforma.cat\/?s={search_term_string}\"},\"query-input\":{\"@type\":\"PropertyValueSpecification\",\"valueRequired\":true,\"valueName\":\"search_term_string\"}}],\"inLanguage\":\"es\"}]}<\/script>\n<!-- \/ Yoast SEO plugin. -->","yoast_head_json":{"title":"LAMPISTERIA - Tot Reforma Profesionales de reformas con lampisteria","description":"Tot Reforma, profesionales de reformas con lampister\u00eda en Esparraguera. Electricistas, fontaneros y especialistas en gas para la reforma de cocinas o ba\u00f1os.","robots":{"index":"index","follow":"follow","max-snippet":"max-snippet:-1","max-image-preview":"max-image-preview:large","max-video-preview":"max-video-preview:-1"},"canonical":"https:\/\/totreforma.cat\/lampisteria\/","og_locale":"es_ES","og_type":"article","og_title":"LAMPISTERIA - Tot Reforma Profesionales de reformas con lampisteria","og_description":"Tot Reforma, profesionales de reformas con lampister\u00eda en Esparraguera. Electricistas, fontaneros y especialistas en gas para la reforma de cocinas o ba\u00f1os.","og_url":"https:\/\/totreforma.cat\/lampisteria\/","og_site_name":"Tot Reforma","article_modified_time":"2020-07-03T09:15:50+00:00","twitter_card":"summary_large_image","twitter_misc":{"Tiempo de lectura":"3 minutos"},"schema":{"@context":"https:\/\/schema.org","@graph":[{"@type":"WebPage","@id":"https:\/\/totreforma.cat\/lampisteria\/","url":"https:\/\/totreforma.cat\/lampisteria\/","name":"LAMPISTERIA - Tot Reforma Profesionales de reformas con lampisteria","isPartOf":{"@id":"https:\/\/totreforma.cat\/#website"},"datePublished":"2019-05-29T15:18:30+00:00","dateModified":"2020-07-03T09:15:50+00:00","description":"Tot Reforma, profesionales de reformas con lampister\u00eda en Esparraguera. Electricistas, fontaneros y especialistas en gas para la reforma de cocinas o ba\u00f1os.","breadcrumb":{"@id":"https:\/\/totreforma.cat\/lampisteria\/#breadcrumb"},"inLanguage":"es","potentialAction":[{"@type":"ReadAction","target":["https:\/\/totreforma.cat\/lampisteria\/"]}]},{"@type":"BreadcrumbList","@id":"https:\/\/totreforma.cat\/lampisteria\/#breadcrumb","itemListElement":[{"@type":"ListItem","position":1,"name":"Portada","item":"https:\/\/totreforma.cat\/es\/"},{"@type":"ListItem","position":2,"name":"LAMPISTERIA"}]},{"@type":"WebSite","@id":"https:\/\/totreforma.cat\/#website","url":"https:\/\/totreforma.cat\/","name":"Tot Reforma","description":"Reformes de la llar Esparreguera","potentialAction":[{"@type":"SearchAction","target":{"@type":"EntryPoint","urlTemplate":"https:\/\/totreforma.cat\/?s={search_term_string}"},"query-input":{"@type":"PropertyValueSpecification","valueRequired":true,"valueName":"search_term_string"}}],"inLanguage":"es"}]}},"_links":{"self":[{"href":"https:\/\/totreforma.cat\/es\/wp-json\/wp\/v2\/pages\/2665","targetHints":{"allow":["GET"]}}],"collection":[{"href":"https:\/\/totreforma.cat\/es\/wp-json\/wp\/v2\/pages"}],"about":[{"href":"https:\/\/totreforma.cat\/es\/wp-json\/wp\/v2\/types\/page"}],"author":[{"embeddable":true,"href":"https:\/\/totreforma.cat\/es\/wp-json\/wp\/v2\/users\/4"}],"replies":[{"embeddable":true,"href":"https:\/\/totreforma.cat\/es\/wp-json\/wp\/v2\/comments?post=2665"}],"version-history":[{"count":3,"href":"https:\/\/totreforma.cat\/es\/wp-json\/wp\/v2\/pages\/2665\/revisions"}],"predecessor-version":[{"id":3781,"href":"https:\/\/totreforma.cat\/es\/wp-json\/wp\/v2\/pages\/2665\/revisions\/3781"}],"wp:attachment":[{"href":"https:\/\/totreforma.cat\/es\/wp-json\/wp\/v2\/media?parent=2665"}],"curies":[{"name":"wp","href":"https:\/\/api.w.org\/{rel}","templated":true}]}}