{"id":2742,"date":"2019-05-30T08:18:13","date_gmt":"2019-05-30T08:18:13","guid":{"rendered":"https:\/\/totreforma.cat\/?page_id=2742"},"modified":"2020-06-30T14:09:46","modified_gmt":"2020-06-30T12:09:46","slug":"encimeras","status":"publish","type":"page","link":"https:\/\/totreforma.cat\/es\/encimeras\/","title":{"rendered":"ENCIMERAS"},"content":{"rendered":"<div class=\"wpb-content-wrapper\"><p>[vc_row container_width=\u00bbfull-width\u00bb center_content=\u00bbyes\u00bb padding_top=\u00bb110px\u00bb padding_bottom=\u00bb40px\u00bb row_id=\u00bbwork\u00bb][vc_column padding_left=\u00bb20px\u00bb padding_right=\u00bb20px\u00bb][vc_empty_space height=\u00bb64px\u00bb]\t\t\n\t\t<div class=\"special-heading clearfix align-center  \" \n\t\t\t\t\t >\n\n\t\t\t\n\t\t\t\t\t\t\t\t\n\t\t\t\t\t\t\t\t\t<h2 class=\"title\">ENCIMERAS ESPARRAGUERA<\/h2>\t\t\t\t\t\n\t\t\t\t\n\t\t\t\t\t\t\t\n\n\t\t\t\t\t\t\t<span class=\"single-dash\"><\/span> \t\t\t\n\t\t\t\n\t\t<\/div>\n\n\t\t[vc_column_text]<\/p>\n<p style=\"text-align: center;\">En Tot reforma somos especialistas en la utilizaci\u00f3n de encimeras para todo tipo de usos. Trabajamos con las mejores marcas del mercado: Dekton, Neolith, Silestone, Naturamia y Duropal.\u00a0Tenemos a su disposici\u00f3n una gran variedad de productos. Nuestro equipo de profesionales sabr\u00e1 asesorarle en lo que mejor se adapte a sus gustos y necesidades. Consiguiendo funcionalidad, calidad y dise\u00f1o.<\/p>\n<p>[\/vc_column_text][\/vc_column][\/vc_row][vc_row use_equal_columns=\u00bbyes\u00bb padding_bottom=\u00bb80px\u00bb][vc_column width=\u00bb1\/2&#8243; use_bg_color=\u00bbyes\u00bb use_bg_image=\u00bbyes\u00bb bg_image=\u00bb1908&#8243; bg_color=\u00bb#f1f1f1&#8243; padding_left=\u00bb50px\u00bb padding_top=\u00bb60px\u00bb padding_bottom=\u00bb60px\u00bb][vc_single_image image=\u00bb2681&#8243; img_size=\u00bb600X400&#8243; alignment=\u00bbcenter\u00bb][vc_single_image image=\u00bb2743&#8243; img_size=\u00bb600X400&#8243; alignment=\u00bbcenter\u00bb css=\u00bb.vc_custom_1562858245032{padding-top: 55px !important;}\u00bb][\/vc_column][vc_column width=\u00bb1\/2&#8243; use_bg_color=\u00bbyes\u00bb bg_color=\u00bb#f1f1f1&#8243; padding_top=\u00bb60px\u00bb padding_bottom=\u00bb60px\u00bb padding_right=\u00bb50px\u00bb][vc_column_text]<strong>La\u00a0diversidad de\u00a0encimaras hace que tengan m\u00faltiples usos en cualquier tipo de lugar. Existen una gran variedad de materiales y acabados \u00a0lo que hace que sea una opci\u00f3n muy vers\u00e1til y f\u00e1cil de usar en todo tipo de dise\u00f1os.<\/strong><\/p>\n<p>&nbsp;<\/p>\n<p>Existen diferentes tipos de encimeras.\u00a0La diferenciaci\u00f3n principal radica en el material que la compone lo que incide en su est\u00e9tica y durabilidad. Se pueden tener infinidad de acabados, colores y dise\u00f1os por lo que seguro encuentras la que mejor combina con tu estilo.<\/p>\n<p>&nbsp;<\/p>\n<p>Dentro de cada grupo de color existen subclases, teniendo en cuenta otro tipo de caracter\u00edsticas, como resistencia, matices de otros colores\u2026 que los hacen m\u00e1s id\u00f3neos para uno u otro tipo de uso.<\/p>\n<p>&nbsp;<\/p>\n<p>Los uso de las encimeras\u00a0tambi\u00e9n pueden ser muy variados, pudi\u00e9ndose colocar en multitud de emplazamientos, sean de interior como de exterior:<\/p>\n<p>&#8211; Revestimiento de fachadas<br \/>\n&#8211; Revestimiento de interiores<br \/>\n&#8211; Cocinas y ba\u00f1os<br \/>\n&#8211; Revestimiento de chimeneas<br \/>\n&#8211; Como sustituto de racholas en alicatado de ba\u00f1os y cocinas<br \/>\n&#8211; Cobertura de muebles: tocadores, mesitas de noche, buffet\u2026<br \/>\n&#8211; Pavimento<\/p>\n<p>&nbsp;<\/p>\n<p>La encimera aporta calidez, luminosidad y elegancia. Es un material de altas prestaciones que consigue distinguir y personalizar cualquier espacio.[\/vc_column_text][\/vc_column][\/vc_row][vc_row container_width=\u00bbfull-width\u00bb center_content=\u00bbyes\u00bb use_bg_image=\u00bbyes\u00bb image_parallax=\u00bbcontent-moving\u00bb use_overlay=\u00bbyes\u00bb bg_image=\u00bb1987&#8243; padding_top=\u00bb60px\u00bb padding_bottom=\u00bb60px\u00bb overlay_image=\u00bb1361&#8243;][vc_column offset=\u00bbvc_col-md-offset-2 vc_col-md-8&#8243;]\t\t\n\t\t<div class=\"promo  left-aligned clearfix  light wow fadeInRight\" \n\t\t\tdata-wow-delay=\"0.4s\" data-wow-duration=\"1s\">\n\t\t\t\t\t\t\t\t\n\t\t\t\t\t\t\n\t\t\t\n\t\t\t\t\t\t<div class=\"promo-text\">\n\t\t\t\t\t\t\n\t\t\t<h2>\u00bfQuieres recibir m\u00e1s informaci\u00f3n?<\/h2>\n\t\t\t\n\t\t\t\t\t\t\t<p>Ponte en contacto con nosotros.<\/p>\n\t\t\t\t\t\t\n\t\t\t\t\t\t<\/div>\t\t\t\n\t\t\t\t\n\t\t\t\t\t\t\t\n\t\t\t\t\t\t\n\t\t\t<div class=\"promo-action clearfix\"> \n\t\t\t\t\n\t\t\t\t\t\t\t\t\t<a href=\"https:\/\/totreforma.cat\/es\/contacto\/\"  \n\t\t\t\t\t   class=\"btn btn-scroll big solid\">\n\t\t\t\t\t\t   PRESUPUESTO\t\t\t\t\t<\/a> \n\t\t\t\t\t\t\t\t\t\n                \t\t\t\t\n\t\t\t<\/div>\t\n\t\t\t\n\t\t<\/div>  \n\n\t\n\t\t\n\t\t[\/vc_column][\/vc_row]<\/p>\n<\/div>","protected":false},"excerpt":{"rendered":"<p>[vc_row container_width=\u00bbfull-width\u00bb center_content=\u00bbyes\u00bb padding_top=\u00bb110px\u00bb padding_bottom=\u00bb40px\u00bb row_id=\u00bbwork\u00bb][vc_column padding_left=\u00bb20px\u00bb padding_right=\u00bb20px\u00bb][vc_empty_space height=\u00bb64px\u00bb][vc_column_text] En Tot reforma somos especialistas en la utilizaci\u00f3n de encimeras para todo tipo de usos. Trabajamos con las mejores marcas del mercado: Dekton, Neolith, Silestone, Naturamia y Duropal.\u00a0Tenemos a su disposici\u00f3n una gran variedad de productos. Nuestro equipo de profesionales sabr\u00e1 asesorarle en lo que mejor [&hellip;]<\/p>\n","protected":false},"author":4,"featured_media":0,"parent":0,"menu_order":0,"comment_status":"closed","ping_status":"closed","template":"","meta":{"_monsterinsights_skip_tracking":false,"_monsterinsights_sitenote_active":false,"_monsterinsights_sitenote_note":"","_monsterinsights_sitenote_category":0,"footnotes":""},"class_list":["post-2742","page","type-page","status-publish","hentry"],"yoast_head":"<!-- This site is optimized with the Yoast SEO plugin v24.6 - https:\/\/yoast.com\/wordpress\/plugins\/seo\/ -->\n<title>ENCIMERAS - Tot Reforma Reforma de cocinas con encimera Esparraguera<\/title>\n<meta name=\"description\" content=\"Tot Reforma, reforma de cocinas con encimera en Esparraguera. Trabajamos con las mejores marcas del mercado: Dekton, Neolith, Silestone, Naturamia y Duropal.\" \/>\n<meta name=\"robots\" content=\"index, follow, max-snippet:-1, max-image-preview:large, max-video-preview:-1\" \/>\n<link rel=\"canonical\" href=\"https:\/\/totreforma.cat\/encimeres\/\" \/>\n<meta property=\"og:locale\" content=\"es_ES\" \/>\n<meta property=\"og:type\" content=\"article\" \/>\n<meta property=\"og:title\" content=\"ENCIMERAS - Tot Reforma Reforma de cocinas con encimera Esparraguera\" \/>\n<meta property=\"og:description\" content=\"Tot Reforma, reforma de cocinas con encimera en Esparraguera. Trabajamos con las mejores marcas del mercado: Dekton, Neolith, Silestone, Naturamia y Duropal.\" \/>\n<meta property=\"og:url\" content=\"https:\/\/totreforma.cat\/encimeres\/\" \/>\n<meta property=\"og:site_name\" content=\"Tot Reforma\" \/>\n<meta property=\"article:modified_time\" content=\"2020-06-30T12:09:46+00:00\" \/>\n<meta name=\"twitter:card\" content=\"summary_large_image\" \/>\n<meta name=\"twitter:label1\" content=\"Tiempo de lectura\" \/>\n\t<meta name=\"twitter:data1\" content=\"3 minutos\" \/>\n<script type=\"application\/ld+json\" class=\"yoast-schema-graph\">{\"@context\":\"https:\/\/schema.org\",\"@graph\":[{\"@type\":\"WebPage\",\"@id\":\"https:\/\/totreforma.cat\/encimeres\/\",\"url\":\"https:\/\/totreforma.cat\/encimeres\/\",\"name\":\"ENCIMERAS - Tot Reforma Reforma de cocinas con encimera Esparraguera\",\"isPartOf\":{\"@id\":\"https:\/\/totreforma.cat\/#website\"},\"datePublished\":\"2019-05-30T08:18:13+00:00\",\"dateModified\":\"2020-06-30T12:09:46+00:00\",\"description\":\"Tot Reforma, reforma de cocinas con encimera en Esparraguera. Trabajamos con las mejores marcas del mercado: Dekton, Neolith, Silestone, Naturamia y Duropal.\",\"breadcrumb\":{\"@id\":\"https:\/\/totreforma.cat\/encimeres\/#breadcrumb\"},\"inLanguage\":\"es\",\"potentialAction\":[{\"@type\":\"ReadAction\",\"target\":[\"https:\/\/totreforma.cat\/encimeres\/\"]}]},{\"@type\":\"BreadcrumbList\",\"@id\":\"https:\/\/totreforma.cat\/encimeres\/#breadcrumb\",\"itemListElement\":[{\"@type\":\"ListItem\",\"position\":1,\"name\":\"Portada\",\"item\":\"https:\/\/totreforma.cat\/es\/\"},{\"@type\":\"ListItem\",\"position\":2,\"name\":\"ENCIMERAS\"}]},{\"@type\":\"WebSite\",\"@id\":\"https:\/\/totreforma.cat\/#website\",\"url\":\"https:\/\/totreforma.cat\/\",\"name\":\"Tot Reforma\",\"description\":\"Reformes de la llar Esparreguera\",\"potentialAction\":[{\"@type\":\"SearchAction\",\"target\":{\"@type\":\"EntryPoint\",\"urlTemplate\":\"https:\/\/totreforma.cat\/?s={search_term_string}\"},\"query-input\":{\"@type\":\"PropertyValueSpecification\",\"valueRequired\":true,\"valueName\":\"search_term_string\"}}],\"inLanguage\":\"es\"}]}<\/script>\n<!-- \/ Yoast SEO plugin. -->","yoast_head_json":{"title":"ENCIMERAS - Tot Reforma Reforma de cocinas con encimera Esparraguera","description":"Tot Reforma, reforma de cocinas con encimera en Esparraguera. Trabajamos con las mejores marcas del mercado: Dekton, Neolith, Silestone, Naturamia y Duropal.","robots":{"index":"index","follow":"follow","max-snippet":"max-snippet:-1","max-image-preview":"max-image-preview:large","max-video-preview":"max-video-preview:-1"},"canonical":"https:\/\/totreforma.cat\/encimeres\/","og_locale":"es_ES","og_type":"article","og_title":"ENCIMERAS - Tot Reforma Reforma de cocinas con encimera Esparraguera","og_description":"Tot Reforma, reforma de cocinas con encimera en Esparraguera. Trabajamos con las mejores marcas del mercado: Dekton, Neolith, Silestone, Naturamia y Duropal.","og_url":"https:\/\/totreforma.cat\/encimeres\/","og_site_name":"Tot Reforma","article_modified_time":"2020-06-30T12:09:46+00:00","twitter_card":"summary_large_image","twitter_misc":{"Tiempo de lectura":"3 minutos"},"schema":{"@context":"https:\/\/schema.org","@graph":[{"@type":"WebPage","@id":"https:\/\/totreforma.cat\/encimeres\/","url":"https:\/\/totreforma.cat\/encimeres\/","name":"ENCIMERAS - Tot Reforma Reforma de cocinas con encimera Esparraguera","isPartOf":{"@id":"https:\/\/totreforma.cat\/#website"},"datePublished":"2019-05-30T08:18:13+00:00","dateModified":"2020-06-30T12:09:46+00:00","description":"Tot Reforma, reforma de cocinas con encimera en Esparraguera. Trabajamos con las mejores marcas del mercado: Dekton, Neolith, Silestone, Naturamia y Duropal.","breadcrumb":{"@id":"https:\/\/totreforma.cat\/encimeres\/#breadcrumb"},"inLanguage":"es","potentialAction":[{"@type":"ReadAction","target":["https:\/\/totreforma.cat\/encimeres\/"]}]},{"@type":"BreadcrumbList","@id":"https:\/\/totreforma.cat\/encimeres\/#breadcrumb","itemListElement":[{"@type":"ListItem","position":1,"name":"Portada","item":"https:\/\/totreforma.cat\/es\/"},{"@type":"ListItem","position":2,"name":"ENCIMERAS"}]},{"@type":"WebSite","@id":"https:\/\/totreforma.cat\/#website","url":"https:\/\/totreforma.cat\/","name":"Tot Reforma","description":"Reformes de la llar Esparreguera","potentialAction":[{"@type":"SearchAction","target":{"@type":"EntryPoint","urlTemplate":"https:\/\/totreforma.cat\/?s={search_term_string}"},"query-input":{"@type":"PropertyValueSpecification","valueRequired":true,"valueName":"search_term_string"}}],"inLanguage":"es"}]}},"_links":{"self":[{"href":"https:\/\/totreforma.cat\/es\/wp-json\/wp\/v2\/pages\/2742","targetHints":{"allow":["GET"]}}],"collection":[{"href":"https:\/\/totreforma.cat\/es\/wp-json\/wp\/v2\/pages"}],"about":[{"href":"https:\/\/totreforma.cat\/es\/wp-json\/wp\/v2\/types\/page"}],"author":[{"embeddable":true,"href":"https:\/\/totreforma.cat\/es\/wp-json\/wp\/v2\/users\/4"}],"replies":[{"embeddable":true,"href":"https:\/\/totreforma.cat\/es\/wp-json\/wp\/v2\/comments?post=2742"}],"version-history":[{"count":2,"href":"https:\/\/totreforma.cat\/es\/wp-json\/wp\/v2\/pages\/2742\/revisions"}],"predecessor-version":[{"id":3751,"href":"https:\/\/totreforma.cat\/es\/wp-json\/wp\/v2\/pages\/2742\/revisions\/3751"}],"wp:attachment":[{"href":"https:\/\/totreforma.cat\/es\/wp-json\/wp\/v2\/media?parent=2742"}],"curies":[{"name":"wp","href":"https:\/\/api.w.org\/{rel}","templated":true}]}}