{"id":2797,"date":"2019-05-30T10:06:32","date_gmt":"2019-05-30T10:06:32","guid":{"rendered":"https:\/\/totreforma.cat\/?page_id=2797"},"modified":"2021-01-10T12:23:28","modified_gmt":"2021-01-10T11:23:28","slug":"promociones","status":"publish","type":"page","link":"https:\/\/totreforma.cat\/es\/promociones\/","title":{"rendered":"PROMOCIONES"},"content":{"rendered":"<div class=\"wpb-content-wrapper\"><p>[vc_row container_width=\u00bbfull-width\u00bb center_content=\u00bbyes\u00bb padding_top=\u00bb110px\u00bb padding_bottom=\u00bb40px\u00bb row_id=\u00bbwork\u00bb][vc_column padding_left=\u00bb20px\u00bb padding_right=\u00bb20px\u00bb][vc_empty_space height=\u00bb64px\u00bb]\t\t\n\t\t<div class=\"special-heading clearfix align-center  \" \n\t\t\t\t\t >\n\n\t\t\t\n\t\t\t\t\t\t\t\t\n\t\t\t\t\t\t\t\t\t<h2 class=\"title\">PROMOCIONES<\/h2>\t\t\t\t\t\n\t\t\t\t\n\t\t\t\t\t\t\t\n\n\t\t\t\t\t\t\t<span class=\"single-dash\"><\/span> \t\t\t\n\t\t\t\n\t\t<\/div>\n\n\t\t[vc_column_text]<\/p>\n<p style=\"text-align: center;\">Aprovecha nuestras ofertas puntuales hasta fin de existencias.<\/p>\n<p>[\/vc_column_text][\/vc_column][\/vc_row][vc_row][vc_column][vc_single_image image=\u00bb4020&#8243; img_size=\u00bbfull\u00bb][\/vc_column][\/vc_row][vc_row][vc_column][vc_single_image image=\u00bb4012&#8243; img_size=\u00bbfull\u00bb][\/vc_column][\/vc_row][vc_row][vc_column][vc_single_image image=\u00bb2798&#8243; img_size=\u00bbfull\u00bb][vc_empty_space height=\u00bb120px\u00bb][\/vc_column][\/vc_row][vc_row padding_top=\u00bb20px\u00bb padding_bottom=\u00bb40px\u00bb][vc_column][vc_column_text]<\/p>\n<p>I am text block. Click edit button to change this text. Lorem ipsum dolor sit amet, consectetur adipiscing elit. Ut elit tellus, luctus nec ullamcorper mattis, pulvinar dapibus leo.<\/p>\n<p>[\/vc_column_text][\/vc_column][\/vc_row][vc_row container_width=\u00bbfull-width\u00bb center_content=\u00bbyes\u00bb use_bg_image=\u00bbyes\u00bb image_parallax=\u00bbcontent-moving\u00bb use_overlay=\u00bbyes\u00bb bg_image=\u00bb1987&#8243; padding_top=\u00bb60px\u00bb padding_bottom=\u00bb60px\u00bb overlay_image=\u00bb1361&#8243;][vc_column offset=\u00bbvc_col-md-offset-2 vc_col-md-8&#8243;]\t\t\n\t\t<div class=\"promo  left-aligned clearfix  light wow fadeInRight\" \n\t\t\tdata-wow-delay=\"0.4s\" data-wow-duration=\"1s\">\n\t\t\t\t\t\t\t\t\n\t\t\t\t\t\t\n\t\t\t\n\t\t\t\t\t\t<div class=\"promo-text\">\n\t\t\t\t\t\t\n\t\t\t<h2>\u00bfQuieres recibir m\u00e1s informaci\u00f3n?<\/h2>\n\t\t\t\n\t\t\t\t\t\t\t<p>Ponte en contacto con nosotros.<\/p>\n\t\t\t\t\t\t\n\t\t\t\t\t\t<\/div>\t\t\t\n\t\t\t\t\n\t\t\t\t\t\t\t\n\t\t\t\t\t\t\n\t\t\t<div class=\"promo-action clearfix\"> \n\t\t\t\t\n\t\t\t\t\t\t\t\t\t<a href=\"https:\/\/totreforma.cat\/es\/contacto\/\"  \n\t\t\t\t\t   class=\"btn btn-scroll big solid\">\n\t\t\t\t\t\t   PRESUPUESTO\t\t\t\t\t<\/a> \n\t\t\t\t\t\t\t\t\t\n                \t\t\t\t\n\t\t\t<\/div>\t\n\t\t\t\n\t\t<\/div>  \n\n\t\n\t\t\n\t\t[\/vc_column][\/vc_row]<\/p>\n<\/div>","protected":false},"excerpt":{"rendered":"<p>[vc_row container_width=\u00bbfull-width\u00bb center_content=\u00bbyes\u00bb padding_top=\u00bb110px\u00bb padding_bottom=\u00bb40px\u00bb row_id=\u00bbwork\u00bb][vc_column padding_left=\u00bb20px\u00bb padding_right=\u00bb20px\u00bb][vc_empty_space height=\u00bb64px\u00bb][vc_column_text] Aprovecha nuestras ofertas puntuales hasta fin de existencias. [\/vc_column_text][\/vc_column][\/vc_row][vc_row][vc_column][vc_single_image image=\u00bb4020&#8243; img_size=\u00bbfull\u00bb][\/vc_column][\/vc_row][vc_row][vc_column][vc_single_image image=\u00bb4012&#8243; img_size=\u00bbfull\u00bb][\/vc_column][\/vc_row][vc_row][vc_column][vc_single_image image=\u00bb2798&#8243; img_size=\u00bbfull\u00bb][vc_empty_space height=\u00bb120px\u00bb][\/vc_column][\/vc_row][vc_row padding_top=\u00bb20px\u00bb padding_bottom=\u00bb40px\u00bb][vc_column][vc_column_text] I am text block. Click edit button to change this text. Lorem ipsum dolor sit amet, consectetur adipiscing elit. Ut elit tellus, luctus nec ullamcorper mattis, pulvinar dapibus [&hellip;]<\/p>\n","protected":false},"author":4,"featured_media":0,"parent":0,"menu_order":0,"comment_status":"closed","ping_status":"closed","template":"","meta":{"_monsterinsights_skip_tracking":false,"_monsterinsights_sitenote_active":false,"_monsterinsights_sitenote_note":"","_monsterinsights_sitenote_category":0,"footnotes":""},"class_list":["post-2797","page","type-page","status-publish","hentry"],"yoast_head":"<!-- This site is optimized with the Yoast SEO plugin v24.6 - https:\/\/yoast.com\/wordpress\/plugins\/seo\/ -->\n<title>PROMOCIONES - Tot Reforma ofertas en reformas para hogar o empresa<\/title>\n<meta name=\"description\" content=\"Promociones Tot Reforma. Aprovechas nuestras ofertas y promociones por liquidaci\u00f3n de stocks y exposici\u00f3n en reformas de cocinas y ba\u00f1os en Esparrguera.\" \/>\n<meta name=\"robots\" content=\"noindex, follow\" \/>\n<meta property=\"og:locale\" content=\"es_ES\" \/>\n<meta property=\"og:type\" content=\"article\" \/>\n<meta property=\"og:title\" content=\"PROMOCIONES - Tot Reforma ofertas en reformas para hogar o empresa\" \/>\n<meta property=\"og:description\" content=\"Promociones Tot Reforma. Aprovechas nuestras ofertas y promociones por liquidaci\u00f3n de stocks y exposici\u00f3n en reformas de cocinas y ba\u00f1os en Esparrguera.\" \/>\n<meta property=\"og:url\" content=\"https:\/\/totreforma.cat\/promocions\/\" \/>\n<meta property=\"og:site_name\" content=\"Tot Reforma\" \/>\n<meta property=\"article:modified_time\" content=\"2021-01-10T11:23:28+00:00\" \/>\n<meta name=\"twitter:card\" content=\"summary_large_image\" \/>\n<meta name=\"twitter:label1\" content=\"Tiempo de lectura\" \/>\n\t<meta name=\"twitter:data1\" content=\"1 minuto\" \/>\n<script type=\"application\/ld+json\" class=\"yoast-schema-graph\">{\"@context\":\"https:\/\/schema.org\",\"@graph\":[{\"@type\":\"WebPage\",\"@id\":\"https:\/\/totreforma.cat\/promocions\/\",\"url\":\"https:\/\/totreforma.cat\/promocions\/\",\"name\":\"PROMOCIONES - Tot Reforma ofertas en reformas para hogar o empresa\",\"isPartOf\":{\"@id\":\"https:\/\/totreforma.cat\/#website\"},\"datePublished\":\"2019-05-30T10:06:32+00:00\",\"dateModified\":\"2021-01-10T11:23:28+00:00\",\"description\":\"Promociones Tot Reforma. Aprovechas nuestras ofertas y promociones por liquidaci\u00f3n de stocks y exposici\u00f3n en reformas de cocinas y ba\u00f1os en Esparrguera.\",\"breadcrumb\":{\"@id\":\"https:\/\/totreforma.cat\/promocions\/#breadcrumb\"},\"inLanguage\":\"es\",\"potentialAction\":[{\"@type\":\"ReadAction\",\"target\":[\"https:\/\/totreforma.cat\/promocions\/\"]}]},{\"@type\":\"BreadcrumbList\",\"@id\":\"https:\/\/totreforma.cat\/promocions\/#breadcrumb\",\"itemListElement\":[{\"@type\":\"ListItem\",\"position\":1,\"name\":\"Portada\",\"item\":\"https:\/\/totreforma.cat\/es\/\"},{\"@type\":\"ListItem\",\"position\":2,\"name\":\"PROMOCIONES\"}]},{\"@type\":\"WebSite\",\"@id\":\"https:\/\/totreforma.cat\/#website\",\"url\":\"https:\/\/totreforma.cat\/\",\"name\":\"Tot Reforma\",\"description\":\"Reformes de la llar Esparreguera\",\"potentialAction\":[{\"@type\":\"SearchAction\",\"target\":{\"@type\":\"EntryPoint\",\"urlTemplate\":\"https:\/\/totreforma.cat\/?s={search_term_string}\"},\"query-input\":{\"@type\":\"PropertyValueSpecification\",\"valueRequired\":true,\"valueName\":\"search_term_string\"}}],\"inLanguage\":\"es\"}]}<\/script>\n<!-- \/ Yoast SEO plugin. -->","yoast_head_json":{"title":"PROMOCIONES - Tot Reforma ofertas en reformas para hogar o empresa","description":"Promociones Tot Reforma. Aprovechas nuestras ofertas y promociones por liquidaci\u00f3n de stocks y exposici\u00f3n en reformas de cocinas y ba\u00f1os en Esparrguera.","robots":{"index":"noindex","follow":"follow"},"og_locale":"es_ES","og_type":"article","og_title":"PROMOCIONES - Tot Reforma ofertas en reformas para hogar o empresa","og_description":"Promociones Tot Reforma. Aprovechas nuestras ofertas y promociones por liquidaci\u00f3n de stocks y exposici\u00f3n en reformas de cocinas y ba\u00f1os en Esparrguera.","og_url":"https:\/\/totreforma.cat\/promocions\/","og_site_name":"Tot Reforma","article_modified_time":"2021-01-10T11:23:28+00:00","twitter_card":"summary_large_image","twitter_misc":{"Tiempo de lectura":"1 minuto"},"schema":{"@context":"https:\/\/schema.org","@graph":[{"@type":"WebPage","@id":"https:\/\/totreforma.cat\/promocions\/","url":"https:\/\/totreforma.cat\/promocions\/","name":"PROMOCIONES - Tot Reforma ofertas en reformas para hogar o empresa","isPartOf":{"@id":"https:\/\/totreforma.cat\/#website"},"datePublished":"2019-05-30T10:06:32+00:00","dateModified":"2021-01-10T11:23:28+00:00","description":"Promociones Tot Reforma. Aprovechas nuestras ofertas y promociones por liquidaci\u00f3n de stocks y exposici\u00f3n en reformas de cocinas y ba\u00f1os en Esparrguera.","breadcrumb":{"@id":"https:\/\/totreforma.cat\/promocions\/#breadcrumb"},"inLanguage":"es","potentialAction":[{"@type":"ReadAction","target":["https:\/\/totreforma.cat\/promocions\/"]}]},{"@type":"BreadcrumbList","@id":"https:\/\/totreforma.cat\/promocions\/#breadcrumb","itemListElement":[{"@type":"ListItem","position":1,"name":"Portada","item":"https:\/\/totreforma.cat\/es\/"},{"@type":"ListItem","position":2,"name":"PROMOCIONES"}]},{"@type":"WebSite","@id":"https:\/\/totreforma.cat\/#website","url":"https:\/\/totreforma.cat\/","name":"Tot Reforma","description":"Reformes de la llar Esparreguera","potentialAction":[{"@type":"SearchAction","target":{"@type":"EntryPoint","urlTemplate":"https:\/\/totreforma.cat\/?s={search_term_string}"},"query-input":{"@type":"PropertyValueSpecification","valueRequired":true,"valueName":"search_term_string"}}],"inLanguage":"es"}]}},"_links":{"self":[{"href":"https:\/\/totreforma.cat\/es\/wp-json\/wp\/v2\/pages\/2797","targetHints":{"allow":["GET"]}}],"collection":[{"href":"https:\/\/totreforma.cat\/es\/wp-json\/wp\/v2\/pages"}],"about":[{"href":"https:\/\/totreforma.cat\/es\/wp-json\/wp\/v2\/types\/page"}],"author":[{"embeddable":true,"href":"https:\/\/totreforma.cat\/es\/wp-json\/wp\/v2\/users\/4"}],"replies":[{"embeddable":true,"href":"https:\/\/totreforma.cat\/es\/wp-json\/wp\/v2\/comments?post=2797"}],"version-history":[{"count":4,"href":"https:\/\/totreforma.cat\/es\/wp-json\/wp\/v2\/pages\/2797\/revisions"}],"predecessor-version":[{"id":4023,"href":"https:\/\/totreforma.cat\/es\/wp-json\/wp\/v2\/pages\/2797\/revisions\/4023"}],"wp:attachment":[{"href":"https:\/\/totreforma.cat\/es\/wp-json\/wp\/v2\/media?parent=2797"}],"curies":[{"name":"wp","href":"https:\/\/api.w.org\/{rel}","templated":true}]}}