{"id":2988,"date":"2019-07-12T12:09:51","date_gmt":"2019-07-12T12:09:51","guid":{"rendered":"https:\/\/totreforma.cat\/?page_id=2988"},"modified":"2019-12-03T18:24:45","modified_gmt":"2019-12-03T18:24:45","slug":"proyectos-cocinas","status":"publish","type":"page","link":"https:\/\/totreforma.cat\/es\/proyectos-cocinas\/","title":{"rendered":"Proyectos COCINAS"},"content":{"rendered":"<div class=\"wpb-content-wrapper\"><p>[vc_row container_width=\u00bbfull-width\u00bb center_content=\u00bbyes\u00bb padding_top=\u00bb110px\u00bb padding_bottom=\u00bb20px\u00bb row_id=\u00bbwork\u00bb][vc_column padding_left=\u00bb20px\u00bb padding_right=\u00bb20px\u00bb][vc_empty_space height=\u00bb64px\u00bb]\t\t\n\t\t<div class=\"special-heading clearfix align-center  \" \n\t\t\t\t\t >\n\n\t\t\t\n\t\t\t\t\t\t\t\t\n\t\t\t\t\t\t\t\t\t<h2 class=\"title\">PROYECTOS COCINAS<\/h2>\t\t\t\t\t\n\t\t\t\t\n\t\t\t\t\t\t\t\n\n\t\t\t\t\t\t\t<span class=\"single-dash\"><\/span> \t\t\t\n\t\t\t\n\t\t<\/div>\n\n\t\t[\/vc_column][\/vc_row][vc_row container_width=\u00bbfull-width\u00bb center_content=\u00bbyes\u00bb use_equal_columns=\u00bbyes\u00bb use_bg_color=\u00bbyes\u00bb bg_color=\u00bb#f1f1f1&#8243;][vc_column width=\u00bb1\/2&#8243; use_bg_color=\u00bbyes\u00bb use_bg_image=\u00bbyes\u00bb bg_image=\u00bb1908&#8243; offset=\u00bbvc_hidden-xs\u00bb bg_color=\u00bb#f1f1f1&#8243; padding_top=\u00bb50px\u00bb][vc_single_image image=\u00bb3026&#8243; img_size=\u00bb600&#215;420&#8243; alignment=\u00bbcenter\u00bb][vc_empty_space height=\u00bb30px\u00bb][vc_column_text]<strong>Reforma de cocina en Esparraguera de 13 m2<\/strong><\/p>\n<p>&nbsp;<\/p>\n<p>Mobiliario de la casa Kuchentime modelo Touch color magnolia supermate y tirador\u00a0gola. Encimera y aplacado de la casa Dekton modelo Keranium. Fregadero bajo encimara en acero inoxidable y grifo de ca\u00f1o alto extra\u00edble de la casa Franke. Hormo, calienta platos, Microondas, Inducci\u00f3n y wok de la casa Bosch. Campana decorativa de la casa Frecan. Vinoteca encastrable Le Chai. Pavimento de parquet de la casa de la casa Parador modelo Trendtime6 color Nogal.[\/vc_column_text][\/vc_column][vc_column width=\u00bb1\/2&#8243; padding_top=\u00bb50px\u00bb][vc_single_image image=\u00bb3029&#8243; img_size=\u00bb600X420&#8243; alignment=\u00bbcenter\u00bb][vc_empty_space height=\u00bb30px\u00bb][vc_column_text]<strong>Reforma de cocina en Esparraguera de 30 m2<\/strong><\/p>\n<p>&nbsp;<\/p>\n<p>Mobiliario de la casa Kuchentime modelo Pura Lacado blanco intenso con tirador\u00a0gola. Encimera de Duropal color Pino de Arizona. Electrodom\u00e9sticos de la casa\u00a0Bosch. Fregadero y grifo de la casa Franke modelo Fragranite color Grafito.[\/vc_column_text][\/vc_column][\/vc_row][vc_row container_width=\u00bbfull-width\u00bb center_content=\u00bbyes\u00bb use_equal_columns=\u00bbyes\u00bb padding_bottom=\u00bb20px\u00bb padding_top=\u00bb20px\u00bb margin_top=\u00bb40px\u00bb][vc_column width=\u00bb1\/3&#8243; use_bg_image=\u00bbyes\u00bb bg_image=\u00bb1908&#8243; offset=\u00bbvc_hidden-xs\u00bb][vc_column_text]<strong>Cocina comedor de 16,90 m2<\/strong><\/p>\n<p>Mobiliario de la casa Rekker modelo Fenix color Grigio Otawa.<\/p>\n<p>Encimera y aplacado de la casa Naturamia modelo Wawick Rub\u00ed.<\/p>\n<p>Tirador de asa color acero inoxidable.<\/p>\n<p>Electrodom\u00e9sticos de la casa Siemens horno, microondas, placa de gas, Teppanyakiy campana decorativa. Lavavajillas y nevera de la casa Balay.[\/vc_column_text][\/vc_column][vc_column width=\u00bb1\/3&#8243;][vc_single_image image=\u00bb3041&#8243; img_size=\u00bb600X420&#8243; alignment=\u00bbcenter\u00bb][\/vc_column][vc_column width=\u00bb1\/3&#8243;][vc_single_image image=\u00bb3039&#8243; img_size=\u00bb600X420&#8243; alignment=\u00bbcenter\u00bb][\/vc_column][\/vc_row][vc_row container_width=\u00bbfull-width\u00bb center_content=\u00bbyes\u00bb use_equal_columns=\u00bbyes\u00bb use_bg_color=\u00bbyes\u00bb padding_bottom=\u00bb20px\u00bb bg_color=\u00bb#f1f1f1&#8243;][vc_column width=\u00bb1\/2&#8243; use_bg_image=\u00bbyes\u00bb bg_image=\u00bb1908&#8243; offset=\u00bbvc_hidden-xs\u00bb padding_top=\u00bb50px\u00bb][vc_single_image image=\u00bb3032&#8243; img_size=\u00bb600 x 420 px\u00bb alignment=\u00bbcenter\u00bb][vc_empty_space height=\u00bb30px\u00bb][vc_column_text]<strong>Reforma de cocina realizada en Esparraguera de 10 m2<\/strong><\/p>\n<p>&nbsp;<\/p>\n<p>Mobiliario de la casa Rekker modelo Eken Luxe Color supermat Blanco zenit tirador en muebles ba\u00f1os de u\u00f1ero y altos con mecanismo push. Encimera y aplacado de la casa Dekton modelo Kairos. Fregadero de la casa Franke bajo encimera color carbone y grifo de la misma casa color cromo. Electrodom\u00e9sticos de la casa AEG. Campana decorativa color negro de la casa Mepamsa. Pavimento de la casa Keope modelo MoovGrey.[\/vc_column_text][\/vc_column][vc_column width=\u00bb1\/2&#8243; padding_top=\u00bb50px\u00bb][vc_single_image image=\u00bb3034&#8243; img_size=\u00bb600X420&#8243; alignment=\u00bbcenter\u00bb][vc_empty_space height=\u00bb30px\u00bb][vc_column_text]<strong>Reforma de cocina realizada en Esparraguera de 18 m2<\/strong><\/p>\n<p>&nbsp;<\/p>\n<p>Mobiliario de la casa Kuchentime modelo Touch color gris pizarra con tirador integrado. Encimera y aplacado de la casa Neolith modelo Pietra di Luna. Fregadero bajo encimera y grifo cromado de la casa Franke. Electrodom\u00e9sticos de la casa Neff. Pavimento de la casa Azulev modelo Avantagarde imitaci\u00f3n parquet.[\/vc_column_text][\/vc_column][\/vc_row][vc_row container_width=\u00bbfull-width\u00bb center_content=\u00bbyes\u00bb use_equal_columns=\u00bbyes\u00bb][vc_column width=\u00bb1\/3&#8243; use_bg_image=\u00bbyes\u00bb bg_image=\u00bb1908&#8243; offset=\u00bbvc_hidden-xs\u00bb padding_top=\u00bb50px\u00bb][vc_column_text]<strong>Reforma realizada en Esparraguera<\/strong><\/p>\n<p><strong>Cocina de 8,63 m2<\/strong><\/p>\n<p>&nbsp;<\/p>\n<p>Mobiliario de la casa Kuchentime modelo Credo en color blanco alpino con tirador metal hierro antiguo.<\/p>\n<p>Encimera de la casa Dekton modelo Glacier.<\/p>\n<p>Fregadero de la casa Blanco bajo encimera color Antracita y grifo der la misma casa Cromo extensible.<\/p>\n<p>Todos los electrodom\u00e9sticos son de la casa Bosh.<\/p>\n<p>Aplacado con azulejo esmaltado tipo Pachtwork.<\/p>\n<p>Pavimento de Gres Porcel\u00e1nico de la casa Azulev modelo Timeless color Gris.[\/vc_column_text][\/vc_column][vc_column width=\u00bb1\/3&#8243; padding_top=\u00bb50px\u00bb padding_bottom=\u00bb50px\u00bb][vc_single_image image=\u00bb2997&#8243; img_size=\u00bb400&#215;580 px\u00bb alignment=\u00bbcenter\u00bb][\/vc_column][vc_column width=\u00bb1\/3&#8243; padding_top=\u00bb50px\u00bb padding_bottom=\u00bb50px\u00bb][vc_single_image image=\u00bb2993&#8243; img_size=\u00bb600X420&#8243; alignment=\u00bbcenter\u00bb css=\u00bb.vc_custom_1562692707488{padding-bottom: 15px !important;}\u00bb][vc_single_image image=\u00bb2995&#8243; img_size=\u00bb600X420&#8243; alignment=\u00bbcenter\u00bb][\/vc_column][\/vc_row][vc_row container_width=\u00bbfull-width\u00bb center_content=\u00bbyes\u00bb use_equal_columns=\u00bbyes\u00bb use_bg_color=\u00bbyes\u00bb bg_color=\u00bb#f1f1f1&#8243;][vc_column width=\u00bb1\/2&#8243; offset=\u00bbvc_hidden-xs\u00bb padding_top=\u00bb50px\u00bb padding_bottom=\u00bb50px\u00bb][vc_single_image image=\u00bb3004&#8243; img_size=\u00bb600 x 420 px\u00bb alignment=\u00bbcenter\u00bb][vc_empty_space height=\u00bb30px\u00bb][vc_column_text]<strong>Reforma realizada en Collbat\u00f3, cocina de 10,40 m2<\/strong><\/p>\n<p>&nbsp;<\/p>\n<p>Mobiliario de la casa Kuchentime modelo Touch en color Blanco alpino y tirador color acero\u00a0inox. Encimera y aplacado de la casa Silestone en color Marengo. Barra realizada con Duropal\u00a0color Granito negro flameado. Fregadero de 2 cubetas de la casa Luisina en color Metal\u00a0Negro. Grifo de 3 v\u00edas acabado cromo brillo de la casa Frecan. Electrodom\u00e9sticos de la casa\u00a0Bosch. Realizaci\u00f3n de microcemento en pared cocina. Pavimento porcel\u00e1nico de la casa\u00a0Azulev.[\/vc_column_text][\/vc_column][vc_column width=\u00bb1\/2&#8243; padding_top=\u00bb50px\u00bb padding_bottom=\u00bb50px\u00bb][vc_single_image image=\u00bb3006&#8243; img_size=\u00bb600X420&#8243; alignment=\u00bbcenter\u00bb][vc_empty_space height=\u00bb30px\u00bb][vc_column_text]<strong>Reforma realizada en Esparraguera, cocina de 16,24 m2<\/strong><\/p>\n<p>&nbsp;<\/p>\n<p>Mobiliario de la casa Kuchentime modelo Flash color Blanco brillante y tirador asa \u00f3ptica de\u00a0acero inoxidable. Encimera y aplacado de granito de la casa Naturaliza modelo\u00a0aquella. Fregadero bajo encimera de acero inoxidable y grifo de ca\u00f1o alto extensible de la casa\u00a0Blanco. Electrodom\u00e9sticos de la casa Bosch. Pavimento porcel\u00e1nico de la casa Saloni modelo\u00a0Moon Gris.[\/vc_column_text][\/vc_column][\/vc_row][vc_row container_width=\u00bbfull-width\u00bb center_content=\u00bbyes\u00bb use_equal_columns=\u00bbyes\u00bb][vc_column width=\u00bb1\/3&#8243; offset=\u00bbvc_hidden-xs\u00bb padding_top=\u00bb60px\u00bb padding_bottom=\u00bb60px\u00bb][vc_single_image image=\u00bb3011&#8243; img_size=\u00bb600X420&#8243; alignment=\u00bbcenter\u00bb][vc_empty_space height=\u00bb30px\u00bb][vc_column_text]<strong>Reforma realizada en Esparraguera de 10,77 m2<\/strong><\/p>\n<p>&nbsp;<\/p>\n<p>Mobiliario de la casa Rekker modelo Eken Bakuna Estratificado color Larice natural mate y tirador asa acero inoxidable. Encimera de Formica acabado pizarra. Fregadero de cubeta XL mas escurridor y grifo de ca\u00f1o alto extra\u00edble acabado cromo de la casa<br \/>\nBlanco. Electrodom\u00e9sticos de la casa Electrolux.[\/vc_column_text][\/vc_column][vc_column width=\u00bb1\/3&#8243; padding_top=\u00bb60px\u00bb padding_bottom=\u00bb60px\u00bb][vc_single_image image=\u00bb3013&#8243; img_size=\u00bb600X420&#8243; alignment=\u00bbcenter\u00bb][vc_empty_space height=\u00bb30px\u00bb][vc_column_text]<strong>Reforma realizada en Esparraguera, cocina de 7,80 m2<\/strong><\/p>\n<p>&nbsp;<\/p>\n<p>Mobiliario de la casa Kuchentime modelo Rio color Roble Provence repro. Con tirador de metal\u00a0hierro antiguo. Encimera M\u00e1rmol Mondariz. Fregadero de la casa de acero inoxidable y grifo\u00a0de la misma casa en cromo extensible. Campana telesc\u00f3pica de acero de la casa Siemens.[\/vc_column_text][\/vc_column][vc_column width=\u00bb1\/3&#8243; padding_top=\u00bb60px\u00bb padding_bottom=\u00bb60px\u00bb][vc_single_image image=\u00bb3019&#8243; img_size=\u00bb600X420&#8243; alignment=\u00bbcenter\u00bb][vc_empty_space height=\u00bb30px\u00bb][vc_column_text]<strong>Cocina de 12 metros cuadrados realizada en Esparraguera\u00a0<\/strong><\/p>\n<p>&nbsp;<\/p>\n<p>Mobiliario de la casa Kuchentime modelo Riva color Blanco hormig\u00f3n con tirador color\u00a0inox. Encimera y aplacado de la casa Dekton modelo Galena. Fregadero enrasado acero\u00a0inoxidable y grifo de tres v\u00edas para osmosis de la casa Blanco. Electrodom\u00e9sticos de la casa\u00a0Neff. Azulejo de la casa Azulev modelo Sintesis Blanco Slimrect.[\/vc_column_text][\/vc_column][\/vc_row][vc_row container_width=\u00bbfull-width\u00bb center_content=\u00bbyes\u00bb use_equal_columns=\u00bbyes\u00bb use_bg_color=\u00bbyes\u00bb bg_color=\u00bb#f1f1f1&#8243;][vc_column width=\u00bb1\/2&#8243; offset=\u00bbvc_hidden-xs\u00bb padding_top=\u00bb60px\u00bb padding_bottom=\u00bb60px\u00bb][vc_single_image image=\u00bb3017&#8243; img_size=\u00bb600X420&#8243; alignment=\u00bbcenter\u00bb][vc_empty_space height=\u00bb30px\u00bb][vc_column_text]<strong>Reforma en Esparraguera, cocina de 13,20 m2<\/strong><\/p>\n<p>&nbsp;<\/p>\n<p>Mobiliario de la casa Kuchentime modelo Touch color laminado sacado magnolia supermate y tirador integrado acero inoxidable. Encimera y aplacado de la casa Silestone color cemento spa. Fregadero bajo encimera en acero inoxidable y grifo de tres v\u00edas para osmosis de la casa Blanco. Electrodom\u00e9sticos de la casa Siemens. Pavimento porcel\u00e1nico de la casa Azulev. Cambio de ventana por una de aluminio blanca con RPT. Cristal con c\u00e1mara y persiana.[\/vc_column_text][\/vc_column][vc_column width=\u00bb1\/2&#8243; padding_top=\u00bb60px\u00bb padding_bottom=\u00bb60px\u00bb][vc_single_image image=\u00bb3021&#8243; img_size=\u00bb600X420&#8243; alignment=\u00bbcenter\u00bb][vc_empty_space height=\u00bb30px\u00bb][vc_column_text]<strong>Reforma realizada en Esparraguera, cocina de 11 m2<\/strong><\/p>\n<p>&nbsp;<\/p>\n<p>Mobiliario de la casa Rekker modelo Eken Luxe Poli\u00e9ster Luxe Brillo en color Blanco y tirador gola. Encimera y aplacado de granito de la casa Naturamia modelo Barocco. Fregadero enrasado color antracita y grifo de tres v\u00edas para osmosis de la casa Blanco. Electrodom\u00e9sticos de la casa Neff. Pavimento porcel\u00e1nico.[\/vc_column_text][\/vc_column][\/vc_row][vc_row container_width=\u00bbfull-width\u00bb center_content=\u00bbyes\u00bb use_equal_columns=\u00bbyes\u00bb padding_bottom=\u00bb20px\u00bb][vc_column width=\u00bb1\/3&#8243; offset=\u00bbvc_hidden-xs\u00bb padding_top=\u00bb50px\u00bb padding_bottom=\u00bb50px\u00bb][vc_single_image image=\u00bb2989&#8243; img_size=\u00bb600X420&#8243; alignment=\u00bbcenter\u00bb][vc_empty_space height=\u00bb30px\u00bb][vc_column_text]<strong>Cocina de 12 metros cuadrados realizada en Esparraguera\u00a0<\/strong><\/p>\n<p>&nbsp;<\/p>\n<p>Mobiliario de Kuchentime modelo Focus en color blanco brillo. Encimera de la casa Dekton\u00a0modelo Kairos. Fregadera de la casa Blanco acabado inox. Grifo 3 v\u00edas de la casa\u00a0Franke. Electrodom\u00e9sticos de la casa Bosch.[\/vc_column_text][\/vc_column][vc_column width=\u00bb1\/3&#8243; padding_top=\u00bb50px\u00bb padding_bottom=\u00bb50px\u00bb][vc_single_image image=\u00bb3002&#8243; img_size=\u00bb600X420&#8243; alignment=\u00bbcenter\u00bb][vc_empty_space height=\u00bb30px\u00bb][vc_column_text]<strong>Reforma realizada en Esparraguera, cocina de 7,80 m2<\/strong><\/p>\n<p>&nbsp;<\/p>\n<p>Mobiliario de la casa Kuchentime modelo Rio color Roble Provence repro. Con tirador de metal\u00a0hierro antiguo. Encimera M\u00e1rmol Mondariz. Fregadero de la casa de acero inoxidable y grifo\u00a0de la misma casa en cromo extensible. Campana telesc\u00f3pica de acero de la casa Siemens.[\/vc_column_text][\/vc_column][vc_column width=\u00bb1\/3&#8243; padding_top=\u00bb50px\u00bb padding_bottom=\u00bb50px\u00bb][vc_single_image image=\u00bb3058&#8243; img_size=\u00bb600 x 420 px\u00bb alignment=\u00bbcenter\u00bb][vc_empty_space height=\u00bb30px\u00bb][vc_column_text]<strong>Reforma de cocina realizada en Esparraguera de 5,10 m2<\/strong><\/p>\n<p>&nbsp;<\/p>\n<p>M\u00e1xima optimizaci\u00f3n del espacio sin olvidar el dise\u00f1o.[\/vc_column_text][\/vc_column][\/vc_row][vc_row container_width=\u00bbfull-width\u00bb center_content=\u00bbyes\u00bb use_bg_image=\u00bbyes\u00bb image_parallax=\u00bbcontent-moving\u00bb use_overlay=\u00bbyes\u00bb bg_image=\u00bb1987&#8243; padding_top=\u00bb60px\u00bb padding_bottom=\u00bb60px\u00bb overlay_image=\u00bb1361&#8243;][vc_column offset=\u00bbvc_col-md-offset-2 vc_col-md-8&#8243;]\t\t\n\t\t<div class=\"promo  left-aligned clearfix  light wow fadeInRight\" \n\t\t\tdata-wow-delay=\"0.4s\" data-wow-duration=\"1s\">\n\t\t\t\t\t\t\t\t\n\t\t\t\t\t\t\n\t\t\t\n\t\t\t\t\t\t<div class=\"promo-text\">\n\t\t\t\t\t\t\n\t\t\t<h2>\u00bfQuieres recibir m\u00e1s informaci\u00f3n?<\/h2>\n\t\t\t\n\t\t\t\t\t\t\t<p>Ponte en contacto con nosotros.<\/p>\n\t\t\t\t\t\t\n\t\t\t\t\t\t<\/div>\t\t\t\n\t\t\t\t\n\t\t\t\t\t\t\t\n\t\t\t\t\t\t\n\t\t\t<div class=\"promo-action clearfix\"> \n\t\t\t\t\n\t\t\t\t\t\t\t\t\t<a href=\"https:\/\/totreforma.cat\/es\/contacto\/\"  \n\t\t\t\t\t   class=\"btn btn-scroll big solid\">\n\t\t\t\t\t\t   PRESUPUESTO\t\t\t\t\t<\/a> \n\t\t\t\t\t\t\t\t\t\n                \t\t\t\t\n\t\t\t<\/div>\t\n\t\t\t\n\t\t<\/div>  \n\n\t\n\t\t\n\t\t[\/vc_column][\/vc_row]<\/p>\n<\/div>","protected":false},"excerpt":{"rendered":"<p>[vc_row container_width=\u00bbfull-width\u00bb center_content=\u00bbyes\u00bb padding_top=\u00bb110px\u00bb padding_bottom=\u00bb20px\u00bb row_id=\u00bbwork\u00bb][vc_column padding_left=\u00bb20px\u00bb padding_right=\u00bb20px\u00bb][vc_empty_space height=\u00bb64px\u00bb][\/vc_column][\/vc_row][vc_row container_width=\u00bbfull-width\u00bb center_content=\u00bbyes\u00bb use_equal_columns=\u00bbyes\u00bb use_bg_color=\u00bbyes\u00bb bg_color=\u00bb#f1f1f1&#8243;][vc_column width=\u00bb1\/2&#8243; use_bg_color=\u00bbyes\u00bb use_bg_image=\u00bbyes\u00bb bg_image=\u00bb1908&#8243; offset=\u00bbvc_hidden-xs\u00bb bg_color=\u00bb#f1f1f1&#8243; padding_top=\u00bb50px\u00bb][vc_single_image image=\u00bb3026&#8243; img_size=\u00bb600&#215;420&#8243; alignment=\u00bbcenter\u00bb][vc_empty_space height=\u00bb30px\u00bb][vc_column_text]Reforma de cocina en Esparraguera de 13 m2 &nbsp; Mobiliario de la casa Kuchentime modelo Touch color magnolia supermate y tirador\u00a0gola. Encimera y aplacado de la casa Dekton modelo Keranium. Fregadero [&hellip;]<\/p>\n","protected":false},"author":4,"featured_media":0,"parent":0,"menu_order":0,"comment_status":"closed","ping_status":"closed","template":"","meta":{"_monsterinsights_skip_tracking":false,"_monsterinsights_sitenote_active":false,"_monsterinsights_sitenote_note":"","_monsterinsights_sitenote_category":0,"footnotes":""},"class_list":["post-2988","page","type-page","status-publish","hentry"],"yoast_head":"<!-- This site is optimized with the Yoast SEO plugin v24.6 - https:\/\/yoast.com\/wordpress\/plugins\/seo\/ -->\n<title>Proyectos COCINAS - Tot Reforma. Dise\u00f1o e interiorismo de cocinas<\/title>\n<meta name=\"description\" content=\"Proyectos COCINAS Tot Reforma - Descubre las cocinas realizadas en Barcelona con los materiales utilizados, dise\u00f1os e ideas para renovar tu cocina.\" \/>\n<meta name=\"robots\" content=\"index, follow, max-snippet:-1, max-image-preview:large, max-video-preview:-1\" \/>\n<link rel=\"canonical\" href=\"https:\/\/totreforma.cat\/projectes-cuines\/\" \/>\n<meta property=\"og:locale\" content=\"es_ES\" \/>\n<meta property=\"og:type\" content=\"article\" \/>\n<meta property=\"og:title\" content=\"Proyectos COCINAS - Tot Reforma. Dise\u00f1o e interiorismo de cocinas\" \/>\n<meta property=\"og:description\" content=\"Proyectos COCINAS Tot Reforma - Descubre las cocinas realizadas en Barcelona con los materiales utilizados, dise\u00f1os e ideas para renovar tu cocina.\" \/>\n<meta property=\"og:url\" content=\"https:\/\/totreforma.cat\/projectes-cuines\/\" \/>\n<meta property=\"og:site_name\" content=\"Tot Reforma\" \/>\n<meta property=\"article:modified_time\" content=\"2019-12-03T18:24:45+00:00\" \/>\n<meta name=\"twitter:card\" content=\"summary_large_image\" \/>\n<meta name=\"twitter:label1\" content=\"Tiempo de lectura\" \/>\n\t<meta name=\"twitter:data1\" content=\"9 minutos\" \/>\n<script type=\"application\/ld+json\" class=\"yoast-schema-graph\">{\"@context\":\"https:\/\/schema.org\",\"@graph\":[{\"@type\":\"WebPage\",\"@id\":\"https:\/\/totreforma.cat\/projectes-cuines\/\",\"url\":\"https:\/\/totreforma.cat\/projectes-cuines\/\",\"name\":\"Proyectos COCINAS - Tot Reforma. Dise\u00f1o e interiorismo de cocinas\",\"isPartOf\":{\"@id\":\"https:\/\/totreforma.cat\/#website\"},\"datePublished\":\"2019-07-12T12:09:51+00:00\",\"dateModified\":\"2019-12-03T18:24:45+00:00\",\"description\":\"Proyectos COCINAS Tot Reforma - Descubre las cocinas realizadas en Barcelona con los materiales utilizados, dise\u00f1os e ideas para renovar tu cocina.\",\"breadcrumb\":{\"@id\":\"https:\/\/totreforma.cat\/projectes-cuines\/#breadcrumb\"},\"inLanguage\":\"es\",\"potentialAction\":[{\"@type\":\"ReadAction\",\"target\":[\"https:\/\/totreforma.cat\/projectes-cuines\/\"]}]},{\"@type\":\"BreadcrumbList\",\"@id\":\"https:\/\/totreforma.cat\/projectes-cuines\/#breadcrumb\",\"itemListElement\":[{\"@type\":\"ListItem\",\"position\":1,\"name\":\"Portada\",\"item\":\"https:\/\/totreforma.cat\/es\/\"},{\"@type\":\"ListItem\",\"position\":2,\"name\":\"Proyectos COCINAS\"}]},{\"@type\":\"WebSite\",\"@id\":\"https:\/\/totreforma.cat\/#website\",\"url\":\"https:\/\/totreforma.cat\/\",\"name\":\"Tot Reforma\",\"description\":\"Reformes de la llar Esparreguera\",\"potentialAction\":[{\"@type\":\"SearchAction\",\"target\":{\"@type\":\"EntryPoint\",\"urlTemplate\":\"https:\/\/totreforma.cat\/?s={search_term_string}\"},\"query-input\":{\"@type\":\"PropertyValueSpecification\",\"valueRequired\":true,\"valueName\":\"search_term_string\"}}],\"inLanguage\":\"es\"}]}<\/script>\n<!-- \/ Yoast SEO plugin. -->","yoast_head_json":{"title":"Proyectos COCINAS - Tot Reforma. Dise\u00f1o e interiorismo de cocinas","description":"Proyectos COCINAS Tot Reforma - Descubre las cocinas realizadas en Barcelona con los materiales utilizados, dise\u00f1os e ideas para renovar tu cocina.","robots":{"index":"index","follow":"follow","max-snippet":"max-snippet:-1","max-image-preview":"max-image-preview:large","max-video-preview":"max-video-preview:-1"},"canonical":"https:\/\/totreforma.cat\/projectes-cuines\/","og_locale":"es_ES","og_type":"article","og_title":"Proyectos COCINAS - Tot Reforma. Dise\u00f1o e interiorismo de cocinas","og_description":"Proyectos COCINAS Tot Reforma - Descubre las cocinas realizadas en Barcelona con los materiales utilizados, dise\u00f1os e ideas para renovar tu cocina.","og_url":"https:\/\/totreforma.cat\/projectes-cuines\/","og_site_name":"Tot Reforma","article_modified_time":"2019-12-03T18:24:45+00:00","twitter_card":"summary_large_image","twitter_misc":{"Tiempo de lectura":"9 minutos"},"schema":{"@context":"https:\/\/schema.org","@graph":[{"@type":"WebPage","@id":"https:\/\/totreforma.cat\/projectes-cuines\/","url":"https:\/\/totreforma.cat\/projectes-cuines\/","name":"Proyectos COCINAS - Tot Reforma. Dise\u00f1o e interiorismo de cocinas","isPartOf":{"@id":"https:\/\/totreforma.cat\/#website"},"datePublished":"2019-07-12T12:09:51+00:00","dateModified":"2019-12-03T18:24:45+00:00","description":"Proyectos COCINAS Tot Reforma - Descubre las cocinas realizadas en Barcelona con los materiales utilizados, dise\u00f1os e ideas para renovar tu cocina.","breadcrumb":{"@id":"https:\/\/totreforma.cat\/projectes-cuines\/#breadcrumb"},"inLanguage":"es","potentialAction":[{"@type":"ReadAction","target":["https:\/\/totreforma.cat\/projectes-cuines\/"]}]},{"@type":"BreadcrumbList","@id":"https:\/\/totreforma.cat\/projectes-cuines\/#breadcrumb","itemListElement":[{"@type":"ListItem","position":1,"name":"Portada","item":"https:\/\/totreforma.cat\/es\/"},{"@type":"ListItem","position":2,"name":"Proyectos COCINAS"}]},{"@type":"WebSite","@id":"https:\/\/totreforma.cat\/#website","url":"https:\/\/totreforma.cat\/","name":"Tot Reforma","description":"Reformes de la llar Esparreguera","potentialAction":[{"@type":"SearchAction","target":{"@type":"EntryPoint","urlTemplate":"https:\/\/totreforma.cat\/?s={search_term_string}"},"query-input":{"@type":"PropertyValueSpecification","valueRequired":true,"valueName":"search_term_string"}}],"inLanguage":"es"}]}},"_links":{"self":[{"href":"https:\/\/totreforma.cat\/es\/wp-json\/wp\/v2\/pages\/2988","targetHints":{"allow":["GET"]}}],"collection":[{"href":"https:\/\/totreforma.cat\/es\/wp-json\/wp\/v2\/pages"}],"about":[{"href":"https:\/\/totreforma.cat\/es\/wp-json\/wp\/v2\/types\/page"}],"author":[{"embeddable":true,"href":"https:\/\/totreforma.cat\/es\/wp-json\/wp\/v2\/users\/4"}],"replies":[{"embeddable":true,"href":"https:\/\/totreforma.cat\/es\/wp-json\/wp\/v2\/comments?post=2988"}],"version-history":[{"count":0,"href":"https:\/\/totreforma.cat\/es\/wp-json\/wp\/v2\/pages\/2988\/revisions"}],"wp:attachment":[{"href":"https:\/\/totreforma.cat\/es\/wp-json\/wp\/v2\/media?parent=2988"}],"curies":[{"name":"wp","href":"https:\/\/api.w.org\/{rel}","templated":true}]}}