{"id":3065,"date":"2019-07-12T12:14:56","date_gmt":"2019-07-12T12:14:56","guid":{"rendered":"https:\/\/totreforma.cat\/?page_id=3065"},"modified":"2019-12-03T18:25:55","modified_gmt":"2019-12-03T18:25:55","slug":"proyectos-cuartos-bano-aseos","status":"publish","type":"page","link":"https:\/\/totreforma.cat\/es\/proyectos-cuartos-bano-aseos\/","title":{"rendered":"PROYECTOS CUARTOS DE BA\u00d1O Y ASEOS"},"content":{"rendered":"<div class=\"wpb-content-wrapper\"><p>[vc_row container_width=\u00bbfull-width\u00bb center_content=\u00bbyes\u00bb padding_top=\u00bb110px\u00bb padding_bottom=\u00bb20px\u00bb row_id=\u00bbwork\u00bb][vc_column padding_left=\u00bb20px\u00bb padding_right=\u00bb20px\u00bb][vc_empty_space height=\u00bb64px\u00bb]\t\t\n\t\t<div class=\"special-heading clearfix align-center  \" \n\t\t\t\t\t >\n\n\t\t\t\n\t\t\t\t\t\t\t\t\n\t\t\t\t\t\t\t\t\t<h2 class=\"title\">PROYECTOS CUARTOS DE BA\u00d1O Y ASEOS<\/h2>\t\t\t\t\t\n\t\t\t\t\n\t\t\t\t\t\t\t\n\n\t\t\t\t\t\t\t<span class=\"single-dash\"><\/span> \t\t\t\n\t\t\t\n\t\t<\/div>\n\n\t\t[\/vc_column][\/vc_row][vc_row container_width=\u00bbfull-width\u00bb center_content=\u00bbyes\u00bb use_equal_columns=\u00bbyes\u00bb padding_bottom=\u00bb20px\u00bb padding_top=\u00bb20px\u00bb margin_top=\u00bb40px\u00bb][vc_column width=\u00bb1\/3&#8243; use_bg_image=\u00bbyes\u00bb bg_image=\u00bb1908&#8243; offset=\u00bbvc_hidden-xs\u00bb][vc_column_text]<strong>Ba\u00f1o bicolor en Esparreguera<\/strong>[\/vc_column_text][vc_column_text]Ba\u00f1o realizado en Esparreguera<\/p>\n<p>Realizaci\u00f3n de falso techo con pladur hidr\u00f3fugo. Alicatado con azulejo en interior ducha Keramik H\u00f6nnun Orient de 32&#215;90 G\/R, alicatado interior ba\u00f1era con Keramik H\u00f6nnun Erta de 33&#215;100 Beige Decor, alicatado resto de ba\u00f1o con Keramik H\u00f6nnun Erta 33&#215;100 Beige y pavimento Keramik H\u00f6nnun Alley de 50&#215;100 color antracita.[\/vc_column_text][\/vc_column][vc_column width=\u00bb1\/3&#8243; padding_top=\u00bb10px\u00bb][vc_single_image image=\u00bb3470&#8243; img_size=\u00bb400&#215;360&#8243; alignment=\u00bbcenter\u00bb][\/vc_column][vc_column width=\u00bb1\/3&#8243;][vc_column_text]Colocaci\u00f3n de ba\u00f1era modelo Cube acr\u00edlico blanco de roca. Mueble de ba\u00f1o modelo Strato 213 u\u00f1ero de Inbani. Grifer\u00edas empotradas modelo Pisa de Stillo. Realizaci\u00f3n de murete separador entre plato y ba\u00f1era. Plato de ducha modelo piedra de Bath. Mampara modelo Kala 2C de Ekonic. Inodoro The Gap suspendido de la casa Roca. Realizaci\u00f3n de estantes con Silestone en pared plato de ducha. Realizaci\u00f3n de hornacinas con luz empotrada. Colocaci\u00f3n de radiador toallero Gamma de Mitos.[\/vc_column_text][\/vc_column][\/vc_row][vc_row container_width=\u00bbfull-width\u00bb center_content=\u00bbyes\u00bb use_equal_columns=\u00bbyes\u00bb use_bg_color=\u00bbyes\u00bb padding_bottom=\u00bb20px\u00bb bg_color=\u00bb#f1f1f1&#8243;][vc_column width=\u00bb1\/2&#8243; use_bg_image=\u00bbyes\u00bb bg_image=\u00bb1908&#8243; offset=\u00bbvc_hidden-xs\u00bb padding_top=\u00bb50px\u00bb][vc_single_image image=\u00bb3066&#8243; img_size=\u00bb600X420&#8243; alignment=\u00bbcenter\u00bb][vc_empty_space height=\u00bb30px\u00bb][vc_column_text]<strong>Ba\u00f1o realizado en Esparraguera<\/strong><\/p>\n<p>&nbsp;<\/p>\n<p>Realizaci\u00f3n de instalaci\u00f3n del agua nueva. Alicatado de paredes con porcel\u00e1nico. Pavimento porcel\u00e1nico de la casa Saloni modelo Moon Perla. Colocaci\u00f3n de ba\u00f1era de acero grueso contesa plus de la casa Roca. Grifer\u00eda para ba\u00f1era modelo Milos de la casa Still\u00f6. Inodoro modelo TheGap de la casa Roca. Mampara modelo Open formada por un fijo abatible de la casa GME. Mueble y columna de la casa Faro modelo Linares. Grifer\u00eda para lavamanos modelo Milos de la casa Still\u00f6.[\/vc_column_text][\/vc_column][vc_column width=\u00bb1\/2&#8243; padding_top=\u00bb50px\u00bb][vc_single_image image=\u00bb3068&#8243; img_size=\u00bb600&#215;420&#8243; alignment=\u00bbcenter\u00bb][vc_empty_space height=\u00bb30px\u00bb][vc_column_text]<strong>Reforma de ba\u00f1o realizada en Esparraguera de 7 m2<\/strong><\/p>\n<p>&nbsp;<\/p>\n<p>Realizaci\u00f3n de falso techo, tabique de ducha y trasdosado con pladur hidr\u00f3fugo. Alicatado de paredes de ba\u00f1o con azulejo Basalt Perla en paredes y Basalt Perla Hexagono en zona ducha de la casa Azulev. Pavimento porcel\u00e1nico modelo Reims gris de la casa Azulev. Plato de ducha de resinas color blanco de GrupEme. Grifer\u00eda de ducha empotrada modelo Basic Termostato de la casa Roca. Mampara modelo Damasco 1000 de la casa Iberdaya. Inodoro suspendido modelo TheGap de la casa Roca. Mueble de ba\u00f1o a medida de la casa AffiniBath acabado Plus Roble Natural. Grifo para lavamanos empotrado modelo Kalade GRB. Ventana de aluminio blanco oscilo batiente.[\/vc_column_text][\/vc_column][\/vc_row][vc_row container_width=\u00bbfull-width\u00bb center_content=\u00bbyes\u00bb use_equal_columns=\u00bbyes\u00bb padding_bottom=\u00bb20px\u00bb padding_top=\u00bb20px\u00bb margin_top=\u00bb40px\u00bb][vc_column width=\u00bb1\/3&#8243; use_bg_image=\u00bbyes\u00bb bg_image=\u00bb1908&#8243; offset=\u00bbvc_hidden-xs\u00bb][vc_column_text]<strong>Ba\u00f1o realizado en Esparreguera<\/strong>[\/vc_column_text][vc_column_text]Realizaci\u00f3n de instalaci\u00f3n del agua nueva. Alicato con azulejo porcel\u00e1nico. Pavimento\u00a0porcel\u00e1nico de la casa Saloni modelo Moon Perla. Colocaci\u00f3n de plato de ducha de resinas\u00a0color Blanco. Grifer\u00eda de la ducha modelo Milos de la casa Still\u00f6. Inodoro modelo TheGap de la\u00a0casa Roca. Grifer\u00eda para lavamanos modelo Milos de la casa Still\u00f6. Mampara modelo Screen\u00a0formada por un fijo de la casa GME. Mueble de ba\u00f1o y columna de la casa Faro modelo\u00a0Linares.[\/vc_column_text][\/vc_column][vc_column width=\u00bb2\/3&#8243; padding_top=\u00bb35px\u00bb][vc_single_image image=\u00bb3074&#8243; img_size=\u00bb900&#215;400&#8243; alignment=\u00bbcenter\u00bb][\/vc_column][\/vc_row][vc_row container_width=\u00bbfull-width\u00bb center_content=\u00bbyes\u00bb use_equal_columns=\u00bbyes\u00bb use_bg_color=\u00bbyes\u00bb bg_color=\u00bb#f1f1f1&#8243; padding_bottom=\u00bb30px\u00bb][vc_column width=\u00bb1\/2&#8243; use_bg_color=\u00bbyes\u00bb use_bg_image=\u00bbyes\u00bb bg_image=\u00bb1908&#8243; offset=\u00bbvc_hidden-xs\u00bb bg_color=\u00bb#f1f1f1&#8243; padding_top=\u00bb50px\u00bb][vc_single_image image=\u00bb3070&#8243; img_size=\u00bb600&#215;420&#8243; alignment=\u00bbcenter\u00bb][vc_empty_space height=\u00bb30px\u00bb][vc_column_text]<strong>Reforma de ba\u00f1o realizada en Esparraguera de 5,2 m2<\/strong><\/p>\n<p>&nbsp;<\/p>\n<p>Alicatado paredes ducha con azulejo Cerpa Future Gris de corhidra de la casa Queramic. Resto\u00a0de paredes enyesadas y pintadas de blanco con pintura acr\u00edlica. Pavimento de la casa Keope\u00a0modelo MoovGrey. Plato de ducha de resinas color blanco de GrupEme. Mampara modelo\u00a0Damasco 4000 de la casa Iberdaya. Grifer\u00eda de ducha empotrada Basic monomando de la casa\u00a0Roca. Inodoro modelo TheGap de la casa Roca. Mueble suspendido de la casa Faro en color\u00a0Blanco Brillo.[\/vc_column_text][\/vc_column][vc_column width=\u00bb1\/2&#8243; padding_top=\u00bb50px\u00bb][vc_single_image image=\u00bb3072&#8243; img_size=\u00bb600X420&#8243; alignment=\u00bbcenter\u00bb][vc_empty_space height=\u00bb30px\u00bb][vc_column_text]<strong>Reforma de ba\u00f1o en Esparraguera de 3,65 m2<\/strong><\/p>\n<p>&nbsp;<\/p>\n<p>Alicatado de paredes con azulejo Broadway White relieve rectificado en pared ducha,\u00a0Broadway White decor rectificado en pared mueble y Broadway White Rectificado en paredes\u00a0lisas todos ellos de la casa Queramic. Pavimento modelo Forever Olivo de la casa Tau. Plato de\u00a0ducha de resinas modelo piedra color blanco de Bath. Mampara formada por un fijo mas una\u00a0puerta corredera frontal y un cristal fijo a medida en lateral de la casa Iberdaya. Ducha\u00a0empotrada Basic monomando de la casa Roca. Inodoro modelo TheGap color Blanco de la casa\u00a0Roca. Mueble de ba\u00f1o modelo Vitale de la casa Royo Group. Grifer\u00eda monomando para lavabo\u00a0modelo Monodin-in de la casa Roca.<\/p>\n<p>[\/vc_column_text][\/vc_column][\/vc_row][vc_row container_width=\u00bbfull-width\u00bb center_content=\u00bbyes\u00bb use_bg_image=\u00bbyes\u00bb image_parallax=\u00bbcontent-moving\u00bb use_overlay=\u00bbyes\u00bb bg_image=\u00bb1987&#8243; padding_top=\u00bb60px\u00bb padding_bottom=\u00bb60px\u00bb overlay_image=\u00bb1361&#8243;][vc_column offset=\u00bbvc_col-md-offset-2 vc_col-md-8&#8243;]\t\t\n\t\t<div class=\"promo  left-aligned clearfix  light wow fadeInRight\" \n\t\t\tdata-wow-delay=\"0.4s\" data-wow-duration=\"1s\">\n\t\t\t\t\t\t\t\t\n\t\t\t\t\t\t\n\t\t\t\n\t\t\t\t\t\t<div class=\"promo-text\">\n\t\t\t\t\t\t\n\t\t\t<h2>\u00bfQuieres recibir m\u00e1s informaci\u00f3n?<\/h2>\n\t\t\t\n\t\t\t\t\t\t\t<p>Ponte en contacto con nosotros.<\/p>\n\t\t\t\t\t\t\n\t\t\t\t\t\t<\/div>\t\t\t\n\t\t\t\t\n\t\t\t\t\t\t\t\n\t\t\t\t\t\t\n\t\t\t<div class=\"promo-action clearfix\"> \n\t\t\t\t\n\t\t\t\t\t\t\t\t\t<a href=\"https:\/\/totreforma.cat\/es\/contacto\/\"  \n\t\t\t\t\t   class=\"btn btn-scroll big solid\">\n\t\t\t\t\t\t   PRESUPUESTO\t\t\t\t\t<\/a> \n\t\t\t\t\t\t\t\t\t\n                \t\t\t\t\n\t\t\t<\/div>\t\n\t\t\t\n\t\t<\/div>  \n\n\t\n\t\t\n\t\t[\/vc_column][\/vc_row]<\/p>\n<\/div>","protected":false},"excerpt":{"rendered":"<p>[vc_row container_width=\u00bbfull-width\u00bb center_content=\u00bbyes\u00bb padding_top=\u00bb110px\u00bb padding_bottom=\u00bb20px\u00bb row_id=\u00bbwork\u00bb][vc_column padding_left=\u00bb20px\u00bb padding_right=\u00bb20px\u00bb][vc_empty_space height=\u00bb64px\u00bb][\/vc_column][\/vc_row][vc_row container_width=\u00bbfull-width\u00bb center_content=\u00bbyes\u00bb use_equal_columns=\u00bbyes\u00bb padding_bottom=\u00bb20px\u00bb padding_top=\u00bb20px\u00bb margin_top=\u00bb40px\u00bb][vc_column width=\u00bb1\/3&#8243; use_bg_image=\u00bbyes\u00bb bg_image=\u00bb1908&#8243; offset=\u00bbvc_hidden-xs\u00bb][vc_column_text]Ba\u00f1o bicolor en Esparreguera[\/vc_column_text][vc_column_text]Ba\u00f1o realizado en Esparreguera Realizaci\u00f3n de falso techo con pladur hidr\u00f3fugo. Alicatado con azulejo en interior ducha Keramik H\u00f6nnun Orient de 32&#215;90 G\/R, alicatado interior ba\u00f1era con Keramik H\u00f6nnun Erta de 33&#215;100 Beige Decor, [&hellip;]<\/p>\n","protected":false},"author":4,"featured_media":0,"parent":0,"menu_order":0,"comment_status":"closed","ping_status":"closed","template":"","meta":{"_monsterinsights_skip_tracking":false,"_monsterinsights_sitenote_active":false,"_monsterinsights_sitenote_note":"","_monsterinsights_sitenote_category":0,"footnotes":""},"class_list":["post-3065","page","type-page","status-publish","hentry"],"yoast_head":"<!-- This site is optimized with the Yoast SEO plugin v24.6 - https:\/\/yoast.com\/wordpress\/plugins\/seo\/ -->\n<title>PROYECTOS CUARTOS DE BA\u00d1O Y ASEOS - Tot Reforma<\/title>\n<meta name=\"description\" content=\"PROYECTOS CUARTOS DE BA\u00d1O Y ASEOS Tot Reforma - Descubre los ba\u00f1os y aseos realizados con los materiales utilizados, dise\u00f1os e ideas para renovarlo.\" \/>\n<meta name=\"robots\" content=\"index, follow, max-snippet:-1, max-image-preview:large, max-video-preview:-1\" \/>\n<link rel=\"canonical\" href=\"https:\/\/totreforma.cat\/projectes-banys-lavabos\/\" \/>\n<meta property=\"og:locale\" content=\"es_ES\" \/>\n<meta property=\"og:type\" content=\"article\" \/>\n<meta property=\"og:title\" content=\"PROYECTOS CUARTOS DE BA\u00d1O Y ASEOS - Tot Reforma\" \/>\n<meta property=\"og:description\" content=\"PROYECTOS CUARTOS DE BA\u00d1O Y ASEOS Tot Reforma - Descubre los ba\u00f1os y aseos realizados con los materiales utilizados, dise\u00f1os e ideas para renovarlo.\" \/>\n<meta property=\"og:url\" content=\"https:\/\/totreforma.cat\/projectes-banys-lavabos\/\" \/>\n<meta property=\"og:site_name\" content=\"Tot Reforma\" \/>\n<meta property=\"article:modified_time\" content=\"2019-12-03T18:25:55+00:00\" \/>\n<meta name=\"twitter:card\" content=\"summary_large_image\" \/>\n<meta name=\"twitter:label1\" content=\"Tiempo de lectura\" \/>\n\t<meta name=\"twitter:data1\" content=\"6 minutos\" \/>\n<script type=\"application\/ld+json\" class=\"yoast-schema-graph\">{\"@context\":\"https:\/\/schema.org\",\"@graph\":[{\"@type\":\"WebPage\",\"@id\":\"https:\/\/totreforma.cat\/projectes-banys-lavabos\/\",\"url\":\"https:\/\/totreforma.cat\/projectes-banys-lavabos\/\",\"name\":\"PROYECTOS CUARTOS DE BA\u00d1O Y ASEOS - Tot Reforma\",\"isPartOf\":{\"@id\":\"https:\/\/totreforma.cat\/#website\"},\"datePublished\":\"2019-07-12T12:14:56+00:00\",\"dateModified\":\"2019-12-03T18:25:55+00:00\",\"description\":\"PROYECTOS CUARTOS DE BA\u00d1O Y ASEOS Tot Reforma - Descubre los ba\u00f1os y aseos realizados con los materiales utilizados, dise\u00f1os e ideas para renovarlo.\",\"breadcrumb\":{\"@id\":\"https:\/\/totreforma.cat\/projectes-banys-lavabos\/#breadcrumb\"},\"inLanguage\":\"es\",\"potentialAction\":[{\"@type\":\"ReadAction\",\"target\":[\"https:\/\/totreforma.cat\/projectes-banys-lavabos\/\"]}]},{\"@type\":\"BreadcrumbList\",\"@id\":\"https:\/\/totreforma.cat\/projectes-banys-lavabos\/#breadcrumb\",\"itemListElement\":[{\"@type\":\"ListItem\",\"position\":1,\"name\":\"Portada\",\"item\":\"https:\/\/totreforma.cat\/es\/\"},{\"@type\":\"ListItem\",\"position\":2,\"name\":\"PROYECTOS CUARTOS DE BA\u00d1O Y ASEOS\"}]},{\"@type\":\"WebSite\",\"@id\":\"https:\/\/totreforma.cat\/#website\",\"url\":\"https:\/\/totreforma.cat\/\",\"name\":\"Tot Reforma\",\"description\":\"Reformes de la llar Esparreguera\",\"potentialAction\":[{\"@type\":\"SearchAction\",\"target\":{\"@type\":\"EntryPoint\",\"urlTemplate\":\"https:\/\/totreforma.cat\/?s={search_term_string}\"},\"query-input\":{\"@type\":\"PropertyValueSpecification\",\"valueRequired\":true,\"valueName\":\"search_term_string\"}}],\"inLanguage\":\"es\"}]}<\/script>\n<!-- \/ Yoast SEO plugin. -->","yoast_head_json":{"title":"PROYECTOS CUARTOS DE BA\u00d1O Y ASEOS - Tot Reforma","description":"PROYECTOS CUARTOS DE BA\u00d1O Y ASEOS Tot Reforma - Descubre los ba\u00f1os y aseos realizados con los materiales utilizados, dise\u00f1os e ideas para renovarlo.","robots":{"index":"index","follow":"follow","max-snippet":"max-snippet:-1","max-image-preview":"max-image-preview:large","max-video-preview":"max-video-preview:-1"},"canonical":"https:\/\/totreforma.cat\/projectes-banys-lavabos\/","og_locale":"es_ES","og_type":"article","og_title":"PROYECTOS CUARTOS DE BA\u00d1O Y ASEOS - Tot Reforma","og_description":"PROYECTOS CUARTOS DE BA\u00d1O Y ASEOS Tot Reforma - Descubre los ba\u00f1os y aseos realizados con los materiales utilizados, dise\u00f1os e ideas para renovarlo.","og_url":"https:\/\/totreforma.cat\/projectes-banys-lavabos\/","og_site_name":"Tot Reforma","article_modified_time":"2019-12-03T18:25:55+00:00","twitter_card":"summary_large_image","twitter_misc":{"Tiempo de lectura":"6 minutos"},"schema":{"@context":"https:\/\/schema.org","@graph":[{"@type":"WebPage","@id":"https:\/\/totreforma.cat\/projectes-banys-lavabos\/","url":"https:\/\/totreforma.cat\/projectes-banys-lavabos\/","name":"PROYECTOS CUARTOS DE BA\u00d1O Y ASEOS - Tot Reforma","isPartOf":{"@id":"https:\/\/totreforma.cat\/#website"},"datePublished":"2019-07-12T12:14:56+00:00","dateModified":"2019-12-03T18:25:55+00:00","description":"PROYECTOS CUARTOS DE BA\u00d1O Y ASEOS Tot Reforma - Descubre los ba\u00f1os y aseos realizados con los materiales utilizados, dise\u00f1os e ideas para renovarlo.","breadcrumb":{"@id":"https:\/\/totreforma.cat\/projectes-banys-lavabos\/#breadcrumb"},"inLanguage":"es","potentialAction":[{"@type":"ReadAction","target":["https:\/\/totreforma.cat\/projectes-banys-lavabos\/"]}]},{"@type":"BreadcrumbList","@id":"https:\/\/totreforma.cat\/projectes-banys-lavabos\/#breadcrumb","itemListElement":[{"@type":"ListItem","position":1,"name":"Portada","item":"https:\/\/totreforma.cat\/es\/"},{"@type":"ListItem","position":2,"name":"PROYECTOS CUARTOS DE BA\u00d1O Y ASEOS"}]},{"@type":"WebSite","@id":"https:\/\/totreforma.cat\/#website","url":"https:\/\/totreforma.cat\/","name":"Tot Reforma","description":"Reformes de la llar Esparreguera","potentialAction":[{"@type":"SearchAction","target":{"@type":"EntryPoint","urlTemplate":"https:\/\/totreforma.cat\/?s={search_term_string}"},"query-input":{"@type":"PropertyValueSpecification","valueRequired":true,"valueName":"search_term_string"}}],"inLanguage":"es"}]}},"_links":{"self":[{"href":"https:\/\/totreforma.cat\/es\/wp-json\/wp\/v2\/pages\/3065","targetHints":{"allow":["GET"]}}],"collection":[{"href":"https:\/\/totreforma.cat\/es\/wp-json\/wp\/v2\/pages"}],"about":[{"href":"https:\/\/totreforma.cat\/es\/wp-json\/wp\/v2\/types\/page"}],"author":[{"embeddable":true,"href":"https:\/\/totreforma.cat\/es\/wp-json\/wp\/v2\/users\/4"}],"replies":[{"embeddable":true,"href":"https:\/\/totreforma.cat\/es\/wp-json\/wp\/v2\/comments?post=3065"}],"version-history":[{"count":0,"href":"https:\/\/totreforma.cat\/es\/wp-json\/wp\/v2\/pages\/3065\/revisions"}],"wp:attachment":[{"href":"https:\/\/totreforma.cat\/es\/wp-json\/wp\/v2\/media?parent=3065"}],"curies":[{"name":"wp","href":"https:\/\/api.w.org\/{rel}","templated":true}]}}