{"id":3531,"date":"2019-11-19T17:50:47","date_gmt":"2019-11-19T17:50:47","guid":{"rendered":"https:\/\/totreforma.cat\/?page_id=3531"},"modified":"2020-07-03T11:18:06","modified_gmt":"2020-07-03T09:18:06","slug":"grosfillex","status":"publish","type":"page","link":"https:\/\/totreforma.cat\/es\/grosfillex\/","title":{"rendered":"GROSFILLEX"},"content":{"rendered":"<div class=\"wpb-content-wrapper\"><p>[vc_row container_width=\u00bbfull-width\u00bb center_content=\u00bbyes\u00bb padding_top=\u00bb110px\u00bb padding_bottom=\u00bb40px\u00bb row_id=\u00bbwork\u00bb][vc_column padding_left=\u00bb20px\u00bb padding_right=\u00bb20px\u00bb][vc_empty_space height=\u00bb64px\u00bb]\t\t\n\t\t<div class=\"special-heading clearfix align-center  \" \n\t\t\t\t\t >\n\n\t\t\t\n\t\t\t\t\t\t\t\t\n\t\t\t\t\t\t\t\t\t<h2 class=\"title\">REFORMAS CON GROSFILLEX EN ESPARRAGUERA<\/h2>\t\t\t\t\t\n\t\t\t\t\n\t\t\t\t\t\t\t\n\n\t\t\t\t\t\t\t<span class=\"single-dash\"><\/span> \t\t\t\n\t\t\t\n\t\t<\/div>\n\n\t\t[vc_column_text]El Grosfillex es una soluci\u00f3n f\u00e1cil, econ\u00f3mica y resistente para obtener un espacio renovado y funcional que dar\u00e1 personalidad a las estancias de tu hogar o negocio.\u00a0Su instalaci\u00f3n no necesita preparaci\u00f3n a la superficie a cubrir ni alicatar, se hace de forma r\u00e1pida y limpia.[\/vc_column_text][\/vc_column][\/vc_row][vc_row use_equal_columns=\u00bbyes\u00bb padding_bottom=\u00bb80px\u00bb][vc_column width=\u00bb1\/2&#8243; use_bg_color=\u00bbyes\u00bb use_bg_image=\u00bbyes\u00bb bg_image=\u00bb1908&#8243; bg_color=\u00bb#f1f1f1&#8243; padding_left=\u00bb50px\u00bb padding_top=\u00bb60px\u00bb padding_bottom=\u00bb60px\u00bb][vc_single_image image=\u00bb3523&#8243; img_size=\u00bb600X320&#8243; alignment=\u00bbcenter\u00bb][vc_single_image image=\u00bb3525&#8243; img_size=\u00bb600X320&#8243; alignment=\u00bbcenter\u00bb css=\u00bb.vc_custom_1574185423035{padding-top: 40px !important;}\u00bb][\/vc_column][vc_column width=\u00bb1\/2&#8243; use_bg_color=\u00bbyes\u00bb bg_color=\u00bb#f1f1f1&#8243; padding_top=\u00bb60px\u00bb padding_bottom=\u00bb60px\u00bb padding_right=\u00bb50px\u00bb][vc_column_text]El Grosfillex, se utiliza para recubrir decorando las paredes y que tambi\u00e9n se puede poner en techos. Una soluci\u00f3n a los problemas de humedad (resistente al moho) y ruidos en el hogar.<\/p>\n<p>&nbsp;<\/p>\n<p>Su dise\u00f1o en lamas hace que sea muy f\u00e1cil de colocar, pero para obtener un mejor resultado, aconsejamos contar con un profesional.<\/p>\n<p>&nbsp;<\/p>\n<p>As\u00ed pues podemos decir que el Grosfillex, es un material con diferentes formas, tama\u00f1os, acabados &#8230; Resistente a las temperaturas, pero es importante no ponerlo cerca de fuentes de calor (radiadores, chimenea&#8230;) F\u00e1cil de limpiar y se adapta a cualquier superficie. Es tanto para interior como para exteriores, y se debe instalar en superficies que no reciban golpes \u00f3 choques. Adem\u00e1s, es 100% reciclable.<\/p>\n<p>&nbsp;<\/p>\n<p>Existe una amplia gama de acabados, colores, texturas, efectos 3D y as\u00ed conseguir nuestro dise\u00f1o ideal (3D, vintage, brillante, mate&#8230;)<\/p>\n<p>&nbsp;<\/p>\n<p>A Tot Reforma disponemos de expertos que le podr\u00e1n aconsejar y colocar la mejor opci\u00f3n en Grosfillex.<\/p>\n<p>No dude en consultarnos.[\/vc_column_text][\/vc_column][\/vc_row][vc_row container_width=\u00bbfull-width\u00bb center_content=\u00bbyes\u00bb use_bg_image=\u00bbyes\u00bb image_parallax=\u00bbcontent-moving\u00bb use_overlay=\u00bbyes\u00bb bg_image=\u00bb1987&#8243; padding_top=\u00bb60px\u00bb padding_bottom=\u00bb60px\u00bb overlay_image=\u00bb1361&#8243;][vc_column offset=\u00bbvc_col-md-offset-2 vc_col-md-8&#8243;]\t\t\n\t\t<div class=\"promo  left-aligned clearfix  light wow fadeInRight\" \n\t\t\tdata-wow-delay=\"0.4s\" data-wow-duration=\"1s\">\n\t\t\t\t\t\t\t\t\n\t\t\t\t\t\t\n\t\t\t\n\t\t\t\t\t\t<div class=\"promo-text\">\n\t\t\t\t\t\t\n\t\t\t<h2>\u00bfQuieres recibir m\u00e1s informaci\u00f3n?<\/h2>\n\t\t\t\n\t\t\t\t\t\t\t<p>Ponte en contacto con nosotros<\/p>\n\t\t\t\t\t\t\n\t\t\t\t\t\t<\/div>\t\t\t\n\t\t\t\t\n\t\t\t\t\t\t\t\n\t\t\t\t\t\t\n\t\t\t<div class=\"promo-action clearfix\"> \n\t\t\t\t\n\t\t\t\t\t\t\t\t\t<a href=\"https:\/\/totreforma.cat\/es\/contacto\/\"  \n\t\t\t\t\t   class=\"btn btn-scroll big solid\">\n\t\t\t\t\t\t   PRESUPUESTO\t\t\t\t\t<\/a> \n\t\t\t\t\t\t\t\t\t\n                \t\t\t\t\n\t\t\t<\/div>\t\n\t\t\t\n\t\t<\/div>  \n\n\t\n\t\t\n\t\t[\/vc_column][\/vc_row]<\/p>\n<\/div>","protected":false},"excerpt":{"rendered":"<p>[vc_row container_width=\u00bbfull-width\u00bb center_content=\u00bbyes\u00bb padding_top=\u00bb110px\u00bb padding_bottom=\u00bb40px\u00bb row_id=\u00bbwork\u00bb][vc_column padding_left=\u00bb20px\u00bb padding_right=\u00bb20px\u00bb][vc_empty_space height=\u00bb64px\u00bb][vc_column_text]El Grosfillex es una soluci\u00f3n f\u00e1cil, econ\u00f3mica y resistente para obtener un espacio renovado y funcional que dar\u00e1 personalidad a las estancias de tu hogar o negocio.\u00a0Su instalaci\u00f3n no necesita preparaci\u00f3n a la superficie a cubrir ni alicatar, se hace de forma r\u00e1pida y limpia.[\/vc_column_text][\/vc_column][\/vc_row][vc_row use_equal_columns=\u00bbyes\u00bb padding_bottom=\u00bb80px\u00bb][vc_column [&hellip;]<\/p>\n","protected":false},"author":4,"featured_media":0,"parent":0,"menu_order":0,"comment_status":"closed","ping_status":"closed","template":"","meta":{"_monsterinsights_skip_tracking":false,"_monsterinsights_sitenote_active":false,"_monsterinsights_sitenote_note":"","_monsterinsights_sitenote_category":0,"footnotes":""},"class_list":["post-3531","page","type-page","status-publish","hentry"],"yoast_head":"<!-- This site is optimized with the Yoast SEO plugin v24.6 - https:\/\/yoast.com\/wordpress\/plugins\/seo\/ -->\n<title>GROSFILLEX - Tot ReformaReformas con Grosfillex en Esparrguera<\/title>\n<meta name=\"description\" content=\"Tot Reforma. Reformas con Grosfillex en Esparrguera. Reformas para dar personalidad a las estancias de tu hogar o empresa. Reforma econ\u00f3mica y resistente.\" \/>\n<meta name=\"robots\" content=\"index, follow, max-snippet:-1, max-image-preview:large, max-video-preview:-1\" \/>\n<link rel=\"canonical\" href=\"https:\/\/totreforma.cat\/grosfillex\/\" \/>\n<meta property=\"og:locale\" content=\"es_ES\" \/>\n<meta property=\"og:type\" content=\"article\" \/>\n<meta property=\"og:title\" content=\"GROSFILLEX - Tot ReformaReformas con Grosfillex en Esparrguera\" \/>\n<meta property=\"og:description\" content=\"Tot Reforma. Reformas con Grosfillex en Esparrguera. Reformas para dar personalidad a las estancias de tu hogar o empresa. Reforma econ\u00f3mica y resistente.\" \/>\n<meta property=\"og:url\" content=\"https:\/\/totreforma.cat\/grosfillex\/\" \/>\n<meta property=\"og:site_name\" content=\"Tot Reforma\" \/>\n<meta property=\"article:modified_time\" content=\"2020-07-03T09:18:06+00:00\" \/>\n<meta name=\"twitter:card\" content=\"summary_large_image\" \/>\n<meta name=\"twitter:label1\" content=\"Tiempo de lectura\" \/>\n\t<meta name=\"twitter:data1\" content=\"2 minutos\" \/>\n<script type=\"application\/ld+json\" class=\"yoast-schema-graph\">{\"@context\":\"https:\/\/schema.org\",\"@graph\":[{\"@type\":\"WebPage\",\"@id\":\"https:\/\/totreforma.cat\/grosfillex\/\",\"url\":\"https:\/\/totreforma.cat\/grosfillex\/\",\"name\":\"GROSFILLEX - Tot ReformaReformas con Grosfillex en Esparrguera\",\"isPartOf\":{\"@id\":\"https:\/\/totreforma.cat\/#website\"},\"datePublished\":\"2019-11-19T17:50:47+00:00\",\"dateModified\":\"2020-07-03T09:18:06+00:00\",\"description\":\"Tot Reforma. Reformas con Grosfillex en Esparrguera. Reformas para dar personalidad a las estancias de tu hogar o empresa. Reforma econ\u00f3mica y resistente.\",\"breadcrumb\":{\"@id\":\"https:\/\/totreforma.cat\/grosfillex\/#breadcrumb\"},\"inLanguage\":\"es\",\"potentialAction\":[{\"@type\":\"ReadAction\",\"target\":[\"https:\/\/totreforma.cat\/grosfillex\/\"]}]},{\"@type\":\"BreadcrumbList\",\"@id\":\"https:\/\/totreforma.cat\/grosfillex\/#breadcrumb\",\"itemListElement\":[{\"@type\":\"ListItem\",\"position\":1,\"name\":\"Portada\",\"item\":\"https:\/\/totreforma.cat\/es\/\"},{\"@type\":\"ListItem\",\"position\":2,\"name\":\"GROSFILLEX\"}]},{\"@type\":\"WebSite\",\"@id\":\"https:\/\/totreforma.cat\/#website\",\"url\":\"https:\/\/totreforma.cat\/\",\"name\":\"Tot Reforma\",\"description\":\"Reformes de la llar Esparreguera\",\"potentialAction\":[{\"@type\":\"SearchAction\",\"target\":{\"@type\":\"EntryPoint\",\"urlTemplate\":\"https:\/\/totreforma.cat\/?s={search_term_string}\"},\"query-input\":{\"@type\":\"PropertyValueSpecification\",\"valueRequired\":true,\"valueName\":\"search_term_string\"}}],\"inLanguage\":\"es\"}]}<\/script>\n<!-- \/ Yoast SEO plugin. -->","yoast_head_json":{"title":"GROSFILLEX - Tot ReformaReformas con Grosfillex en Esparrguera","description":"Tot Reforma. Reformas con Grosfillex en Esparrguera. Reformas para dar personalidad a las estancias de tu hogar o empresa. Reforma econ\u00f3mica y resistente.","robots":{"index":"index","follow":"follow","max-snippet":"max-snippet:-1","max-image-preview":"max-image-preview:large","max-video-preview":"max-video-preview:-1"},"canonical":"https:\/\/totreforma.cat\/grosfillex\/","og_locale":"es_ES","og_type":"article","og_title":"GROSFILLEX - Tot ReformaReformas con Grosfillex en Esparrguera","og_description":"Tot Reforma. Reformas con Grosfillex en Esparrguera. Reformas para dar personalidad a las estancias de tu hogar o empresa. Reforma econ\u00f3mica y resistente.","og_url":"https:\/\/totreforma.cat\/grosfillex\/","og_site_name":"Tot Reforma","article_modified_time":"2020-07-03T09:18:06+00:00","twitter_card":"summary_large_image","twitter_misc":{"Tiempo de lectura":"2 minutos"},"schema":{"@context":"https:\/\/schema.org","@graph":[{"@type":"WebPage","@id":"https:\/\/totreforma.cat\/grosfillex\/","url":"https:\/\/totreforma.cat\/grosfillex\/","name":"GROSFILLEX - Tot ReformaReformas con Grosfillex en Esparrguera","isPartOf":{"@id":"https:\/\/totreforma.cat\/#website"},"datePublished":"2019-11-19T17:50:47+00:00","dateModified":"2020-07-03T09:18:06+00:00","description":"Tot Reforma. Reformas con Grosfillex en Esparrguera. Reformas para dar personalidad a las estancias de tu hogar o empresa. Reforma econ\u00f3mica y resistente.","breadcrumb":{"@id":"https:\/\/totreforma.cat\/grosfillex\/#breadcrumb"},"inLanguage":"es","potentialAction":[{"@type":"ReadAction","target":["https:\/\/totreforma.cat\/grosfillex\/"]}]},{"@type":"BreadcrumbList","@id":"https:\/\/totreforma.cat\/grosfillex\/#breadcrumb","itemListElement":[{"@type":"ListItem","position":1,"name":"Portada","item":"https:\/\/totreforma.cat\/es\/"},{"@type":"ListItem","position":2,"name":"GROSFILLEX"}]},{"@type":"WebSite","@id":"https:\/\/totreforma.cat\/#website","url":"https:\/\/totreforma.cat\/","name":"Tot Reforma","description":"Reformes de la llar Esparreguera","potentialAction":[{"@type":"SearchAction","target":{"@type":"EntryPoint","urlTemplate":"https:\/\/totreforma.cat\/?s={search_term_string}"},"query-input":{"@type":"PropertyValueSpecification","valueRequired":true,"valueName":"search_term_string"}}],"inLanguage":"es"}]}},"_links":{"self":[{"href":"https:\/\/totreforma.cat\/es\/wp-json\/wp\/v2\/pages\/3531","targetHints":{"allow":["GET"]}}],"collection":[{"href":"https:\/\/totreforma.cat\/es\/wp-json\/wp\/v2\/pages"}],"about":[{"href":"https:\/\/totreforma.cat\/es\/wp-json\/wp\/v2\/types\/page"}],"author":[{"embeddable":true,"href":"https:\/\/totreforma.cat\/es\/wp-json\/wp\/v2\/users\/4"}],"replies":[{"embeddable":true,"href":"https:\/\/totreforma.cat\/es\/wp-json\/wp\/v2\/comments?post=3531"}],"version-history":[{"count":3,"href":"https:\/\/totreforma.cat\/es\/wp-json\/wp\/v2\/pages\/3531\/revisions"}],"predecessor-version":[{"id":3784,"href":"https:\/\/totreforma.cat\/es\/wp-json\/wp\/v2\/pages\/3531\/revisions\/3784"}],"wp:attachment":[{"href":"https:\/\/totreforma.cat\/es\/wp-json\/wp\/v2\/media?parent=3531"}],"curies":[{"name":"wp","href":"https:\/\/api.w.org\/{rel}","templated":true}]}}