{"id":4143,"date":"2021-02-01T08:45:29","date_gmt":"2021-02-01T07:45:29","guid":{"rendered":"https:\/\/totreforma.cat\/reformas-en-gava\/"},"modified":"2021-02-01T08:45:29","modified_gmt":"2021-02-01T07:45:29","slug":"reformas-en-gava","status":"publish","type":"page","link":"https:\/\/totreforma.cat\/es\/reformas-en-gava\/","title":{"rendered":"Reformas en Gav\u00e0"},"content":{"rendered":"<h1 style=\"text-align: center;\"><strong>Reformas en Gav\u00e0<\/strong><\/h1>\n<p style=\"text-align: center;\"><strong>Empresa de reformas en Gav\u00e0<\/strong><\/p>\n<p style=\"text-align: center;\"><strong>Tot Reforma, empresa de referencia en reformas, Gav\u00e0<\/strong><\/p>\n<p style=\"text-align: center;\"><strong>Reformas de hogar y comercios<\/strong><\/p>\n<p><img loading=\"lazy\" decoding=\"async\" class=\"size-full wp-image-2617 alignleft\" src=\"https:\/\/totreforma.cat\/wp-content\/uploads\/2019\/05\/reforma-integral-casa.jpg\" alt=\"mueble obra\" width=\"600\" height=\"400\" srcset=\"https:\/\/totreforma.cat\/wp-content\/uploads\/2019\/05\/reforma-integral-casa.jpg 600w, https:\/\/totreforma.cat\/wp-content\/uploads\/2019\/05\/reforma-integral-casa-300x200.jpg 300w\" sizes=\"auto, (max-width: 600px) 100vw, 600px\" \/>Tot Reforma es una empresa de reforma integral ubicada en Esparraguera que ofrece todos sus servicios en la provincia de Barcelona. Una empresa de reformas con una amplia experiencia en el sector. \u00a0La empresa de reformas cuenta con una amplia variedad de servicios en la que trabajan y colaboran profesionales altamente cualificados, arquitectos, ingenieros, administrativos, encargados de obra, paletas, lampistas, carpinteros, pintores, metalistas, etc. con una finalidad, hacer que la calidad est\u00e9 al alcance de todos. Nuestra\u00a0<em>empresa de reformas en Gav\u00e0<\/em>\u00a0est\u00e1 compuesta por profesionales cualificados con muchos\u00a0 a\u00f1os de experiencia, obteniendo la m\u00e1xima calidad en instalaciones el\u00e9ctricas, paleter\u00eda, fontaner\u00eda, pintura y todo lo necesario para una reforma integral de tu casa o de tu empresa.<\/p>\n<p><strong>Reformas en Gav\u00e0 para hosteler\u00eda<\/strong><\/p>\n<p>Instalaciones de hosteler\u00eda para todo tipo de necesidad con proyectos de arquitecto y una dise\u00f1adora innovadora:\u00a0<strong>restaurantes, cafeter\u00edas, y pubs<\/strong>.<\/p>\n<p><strong>Reformas en Gav\u00e0 para tu hogar<\/strong><\/p>\n<p>En Tot Reforma estamos comprometidos con la calidad en el servicio a nuestros clientes en todas y cada una de las reformas de cocinas, de ba\u00f1os y de hogar que realizamos.<\/p>\n<p><strong>Reformas en Gav\u00e0 para empresas<\/strong><\/p>\n<p>Comenzamos con una visita al espacio a reformar donde recogeremos de primera mano sus necesidades para presupuestar el nuevo proyecto. Nuestra empresa de reformas en Gav\u00e0 te ofrece\u00a0<strong>un servicio de reforma integral,<\/strong>\u00a0somos especialistas en cuidar cada detalle desde el inicio de la idea hasta la realizaci\u00f3n, instalaci\u00f3n y puesta en marcha del proyecto.\u00a0<strong><em>Nuestro equipo profesional de reformas en Gav\u00e0<\/em><\/strong>\u00a0act\u00faa en toda la provincia de Barcelona y garantiza profesionalidad y seriedad en cada uno de los proyectos de reforma que lleva a cabo.<\/p>\n<p><strong>Por qu\u00e9 elegir a Tot Reforma, la empresa de reformas en Gav\u00e0<\/strong><\/p>\n<p>La empresa Tot Reforma de reformas en Gav\u00e0 tiene una dilatada experiencia en el campo de las reformas, m\u00e1s de 24 a\u00f1os avalan el servicio de esta gran empresa de reformas, que adem\u00e1s ofrece servicios en el mundo de la construcci\u00f3n. En la actualidad Tot Reforma es m\u00e1s que una constructora promotora, es una empresa que cuenta con una amplia variedad de servicios en la que trabajan y colaboran profesionales altamente cualificados, arquitectos, ingenieros, administrativos, encargados de obra, paletas, lampistas, carpinteros, pintores, metalistas, etc. con una finalidad, hacer que la calidad est\u00e9 al alcance de todos.<\/p>\n<p><strong>Resumen de nuestros servicios de reformas en Gav\u00e0<\/strong><\/p>\n<ul>\n<li><a href=\"https:\/\/totreforma.cat\/es\/reforma-de-cocinas-en-esparraguera\/\"><strong><em>Reformas de cocinas<\/em><\/strong><strong>. <\/strong><\/a>Sabemos que cuando en un hogar se necesita una reforma de la cocina surgen muchas dudas al respecto. Nosotros contamos con un equipo de especialistas, que desde el primer momento, sabr\u00e1 entender cu\u00e1les son las necesidades y expectativas de quienes nos consultan.<\/li>\n<li><a href=\"https:\/\/totreforma.cat\/es\/encimeras\/\"><strong><em>Reformas con encimeras. <\/em><\/strong><\/a>Reformas con encimeras en Gav\u00e0. En Tot reforma somos especialistas en la utilizaci\u00f3n de encimeras para todo tipo de usos. Trabajamos con las mejores marcas del mercado: Dekton, Neolith, Silestone, Naturamia y Duropal.\u00a0Tenemos a su disposici\u00f3n una gran variedad de productos. Nuestro equipo de profesionales sabr\u00e1 asesorarle en lo que mejor se adapte a sus gustos y necesidades. Consiguiendo funcionalidad, calidad y dise\u00f1o.<\/li>\n<li><strong><em><a href=\"https:\/\/totreforma.cat\/es\/reforma-integral\/\">Reforma integral:\u00a0<\/a><\/em><\/strong>Reforma integral en Gav\u00e0. Si necesitas embarcarte en una gran obra porque tengas que reformar tu casa, local, negocio\u2026debes buscar a una empresa seria, con experiencia en el sector de la rehabilitaci\u00f3n, que sepa ofrecerte un servicio de calidad y con compromiso. En Tot Reforma encontrar\u00e1s a un pluridisciplinar equipo de profesionales, que sabr\u00e1n asesorarte y llevar a t\u00e9rmino la reforma con la que tanto has so\u00f1ado.<\/li>\n<li><strong><em><a href=\"https:\/\/totreforma.cat\/es\/lampisteria\/\">Reformas de lampister\u00eda. <\/a><\/em><\/strong>Reformas de lampister\u00eda en Gav\u00e0. Tot Reforma tiene en plantilla a un equipo de profesionales en el sector de la electricidad, la fontaner\u00eda y el gas. Damos servicio a cualquier necesidad, ya sea por una reparaci\u00f3n, una obra nueva o una reforma, tanto en hogares como en locales o comercios. En Tot Reforma, contamos con un grupo de profesionales dedicados al sector de la lampister\u00eda. Todos ellos tienen una amplia experiencia en su campo, sabiendo atender cualquier tipo de servicio, desde el m\u00e1s peque\u00f1o al m\u00e1s grande, todo con una atenci\u00f3n seria y profesional. Utilizamos los materiales de la mejor calidad y ponemos a su servicio una gran selecci\u00f3n de las mejores marcas del mercado.<\/li>\n<li><a href=\"https:\/\/totreforma.cat\/es\/albanileria-empresa-de-reformas-esparraguera\/\"><strong><em>Reformas de Alba\u00f1iler\u00eda<\/em><\/strong><\/a>. Reformas en Gav\u00e0 de alba\u00f1iler\u00eda. Profesionales\u00a0 en todos los aspectos para una reforma integral de alba\u00f1iler\u00eda. Somos expertos en alba\u00f1iler\u00eda, nuestro equipo de alba\u00f1iles y paletas son profesionales en el oficio de la construcci\u00f3n, la reforma, reparaci\u00f3n y renovaci\u00f3n de cualquier tipo de edificaci\u00f3n. En Tot Reforma, somos expertos en alba\u00f1iler\u00eda. Aqu\u00ed encontrar\u00e1 al personal mejor cualificado para dar forma a su sue\u00f1o, de una manera seria y profesional.<\/li>\n<li><a href=\"https:\/\/totreforma.cat\/es\/banos-y-aseos\/\"><strong><em>Reforma de ba\u00f1os<\/em><\/strong><strong>. <\/strong><\/a>Reformas en Gav\u00e0 de ba\u00f1os y sanitarios. Nuestra experiencia de m\u00e1s de 20 a\u00f1os avala nuestro nivel de compromiso con el cliente. Somos especialistas en la reforma de ba\u00f1os y aseos y buscamos siempre la mayor calidad en todos nuestros trabajos. Reformar un ba\u00f1o o un aseo es, sin duda, una de las obras m\u00e1s solicitadas en los \u00faltimos a\u00f1os. En ocasiones se busca \u00fanicamente una renovaci\u00f3n por criterios de modernizaci\u00f3n en su est\u00e9tica, en otros casos se hace por mejorar su funcionalidad o por conseguir un espacio mejor adaptado a discapacidades y\/o necesidades especiales.<\/li>\n<li><a href=\"https:\/\/totreforma.cat\/es\/pladur-reformas-con-pladur-esparraguera\/\"><strong><em>Reformas con Pladur. <\/em><\/strong><\/a>Reformas con Pladur en Gav\u00e0. El pladur es un material de construcci\u00f3n que ha tenido un gran auge de comercializaci\u00f3n, por su gran versatilidad y facilidad de colocaci\u00f3n tanto en viviendas como locales y oficinas. El pladur se puede usar en interiores tanto para cubrir techos y paredes como para levantar tabiques. Es un material con muchas ventajas tanto por su funcionalidad como por su bajo coste. Son resistentes, ligeras y de f\u00e1cil montaje.<\/li>\n<li><a href=\"https:\/\/totreforma.cat\/es\/pintores\/\"><strong><em>Reforma de pintura<\/em><\/strong><\/a>. Reformas en Gav\u00e0 de pintura. Nuestro equipo sabr\u00e1 darle opciones que le saquen el mayor partido al espacio y de c\u00f3mo obtener el ambiente deseado en cada estancia. Es posible que est\u00e9s pensando que tu casa, oficina, local\u2026 necesita una mano de pintura o est\u00e9s en la recta final de una reforma o de una construcci\u00f3n. Sea cual sea el caso disponemos de expertos pintores que conseguir\u00e1n que tus paredes luzcan como nunca.<\/li>\n<li><a href=\"https:\/\/totreforma.cat\/es\/microcemento-mortex\/\"><strong><em>Reforma con microcemento Mortex<\/em><\/strong><\/a> Reforma con microcemento Mortex en Gav\u00e0. El Mortex es un revestimiento con base de cemento y cuarzo de pocos mil\u00edmetros de espesor, que ha entrado con fuerza en las \u00faltimas tendencias en decoraci\u00f3n. Es un material suave, fino, f\u00e1cil de aplicar y que se adhiere a todo tipo de material previo existente. Lo que lo hace ideal para transformar r\u00e1pidamente cualquier espacio, ya sea interior como exterior, consiguiendo un aspecto uniforme, renovado y minimalista. Adi\u00f3s a las juntas y a la dificultad de limpieza.<\/li>\n<li><a href=\"https:\/\/totreforma.cat\/es\/grosfillex\/\"><strong><em>Reformas con Grosfillex<\/em><\/strong><\/a>. Reformas con Grosfillex en Gav\u00e0, El Grosfillex es una soluci\u00f3n f\u00e1cil, econ\u00f3mica y resistente para obtener un espacio renovado y funcional que dar\u00e1 personalidad a las estancias de tu hogar o negocio. Su instalaci\u00f3n no necesita preparaci\u00f3n a la superficie a cubrir ni alicatar, se hace de forma r\u00e1pida y limpia. El Grosfillex, se utiliza para recubrir decorando las paredes y que tambi\u00e9n se puede poner en techos. Una soluci\u00f3n a los problemas de humedad (resistente al moho) y ruidos en el hogar. Su dise\u00f1o en lamas hace que sea muy f\u00e1cil de colocar, pero para obtener un mejor resultado, aconsejamos contar con un profesional.<\/li>\n<li><strong><em><a href=\"https:\/\/totreforma.cat\/es\/diseno\/\">Reforma con dise\u00f1o de interiores<\/a>.\u00a0<\/em><\/strong>Reforma con dise\u00f1o de interiores en Gav\u00e0. A la hora de afrontar cualquier tipo de reforma, es importante tener claro que hay varios elementos a tener en cuenta, uno de ellos es el dise\u00f1o. Que el resultado sea el que esper\u00e1bamos se consigue haciendo un buen estudio de la obra a realizar, donde tendremos que identificar la l\u00ednea est\u00e9tica que se quiere seguir.<\/li>\n<\/ul>\n<p><strong><em>En Tot Reforma contamos con profesionales en este sector que sabr\u00e1n plasmar las necesidades y deseos que el cliente nos indique.<\/em><\/strong><\/p>\n<p><strong>Trabajamos con las mejores marcas y proveedores<\/strong><\/p>\n<p>En Tot Reforma trabajamos teniendo presente que los clientes se merecen la mejor atenci\u00f3n y esto para nosotros significa trabajar con los mejores, poner la m\u00e1xima calidad en todos los materiales utilizados para la realizaci\u00f3n de todos los proyectos que nos conf\u00edan. Ll\u00e1manos y convertiremos tus proyectos en una realidad. Si no tienes claro el resultado final, te ayudaremos a tomar la decisi\u00f3n m\u00e1s acertada.<\/p>\n<p>Tot Reforma, la empresa de reformas de Gav\u00e0 presta sus servicios en : Abrera, Begues, Gav\u00e0, Castellv\u00ed de Rosanes, Gav\u00e0, Collbat\u00f3, Gav\u00e0, Gav\u00e0, Barcelona, El Prat de Llobregat, Gav\u00e0, Esplugues de Llobregat, Martorell, Molins de Rei, Olesa de Montserrat, Gav\u00e0, La Palma de Gav\u00e0, El Papiol, Santa Coloma de Gav\u00e0, Gav\u00e0, Sant Boi de Llobregat, San Clemente de Llobregat, San Esteban de Sarroviras, Sant Feliu de Llobregat, Sant Joan Desp\u00ed, Sant Just Desvern, Sant Vicen\u00e7 dels Horts, Torrelles de Llobregat, Vallirana, Viladecans.<\/p>\n<p>&nbsp;<\/p>\n<p>&nbsp;<\/p>\n<p><span style=\"color: #faf7f7;\">Reformas en Gav\u00e0, empresa de reformas Gav\u00e0, reformas en Gav\u00e0 , reformar en , Gav\u00e0 reformar tu casa Gav\u00e0, reformar tu vivienda en Gav\u00e0, reformar tu hogar Gav\u00e0, reformar tu negocio Gav\u00e0, reformas de negocios Gav\u00e0, reforma de negocio en \u00a0Gav\u00e0, reformas de hogar Gav\u00e0, reforma de hogar en Gav\u00e0, reformas de casas en Gav\u00e0, reforma de casa Gav\u00e0, reformas de viviendas Gav\u00e0, reforma de vivienda Gav\u00e0, reformas para hosteler\u00eda Gav\u00e0, reformar hosteler\u00eda Gav\u00e0, reformas de cocinas Gav\u00e0 , Gav\u00e0 reformar tu cocina , donde reformar tu cocina Gav\u00e0, reformas econ\u00f3micas Gav\u00e0, reformas baratas Gav\u00e0, reformas de calidad Gav\u00e0 , reformas integrales Gav\u00e0, reformas integrales de viviendas Gav\u00e0, quiero reformar mi casa Gav\u00e0 , mejor empresa de reformas Gav\u00e0, empresa seria de reformas Gav\u00e0, reformas de calidad Gav\u00e0, reformas con experiencia Gav\u00e0, cocinas Gav\u00e0, reformar mi cocina Gav\u00e0 , reformar la cocina en Gav\u00e0, reforma de cocinas en , Gav\u00e0, reforma integral de cocina en Gav\u00e0, reformas de parquet en Gav\u00e0, reformar parquet en Gav\u00e0, colocar parquet Gav\u00e0, colocar tarima flotante Gav\u00e0, reformar tarimas Gav\u00e0, reformas de carpinter\u00eda Gav\u00e0, reformar carpinter\u00eda Gav\u00e0, reformas de puertas Gav\u00e0, reformar puertas Gav\u00e0, reformar fontaner\u00eda Gav\u00e0, reformas de fontaner\u00eda Gav\u00e0, cambiar tuber\u00edas Gav\u00e0 , reformas de electricidad Gav\u00e0, reformar electricidad Gav\u00e0, reforma el\u00e9ctrica Gav\u00e0, reformar la electricidad de una vivienda Gav\u00e0, boletines de electricidad Gav\u00e0, reformar ba\u00f1os Gav\u00e0, reforma de cuarto de ba\u00f1o , Gav\u00e0 reformas de ba\u00f1os en Gav\u00e0, reforma sanitarios Gav\u00e0, cambiar el ba\u00f1o Gav\u00e0, reformas econ\u00f3micas de ba\u00f1os Gav\u00e0, reformas serias Gav\u00e0, empresa seria de reformas Gav\u00e0, reforma de pintura Gav\u00e0, pintores Gav\u00e0, pintor Gav\u00e0, pintar tu casa Gav\u00e0, empresa de pintura Gav\u00e0, pintura de locales Gav\u00e0, pintura de viviendas Gav\u00e0 , pladur Gav\u00e0, colocaci\u00f3n de pladur Gav\u00e0, empresa de pladur Gav\u00e0, reformas de aluminio Gav\u00e0 , carpinter\u00eda de aluminio Gav\u00e0, empresa de aluminio Gav\u00e0, ventanas de aluminio Gav\u00e0<\/span><\/p>\n<p>&nbsp;<\/p>\n<p>&nbsp;<\/p>\n","protected":false},"excerpt":{"rendered":"<p>Reformas en Gav\u00e0 Empresa de reformas en Gav\u00e0 Tot Reforma, empresa de referencia en reformas, Gav\u00e0 Reformas de hogar y comercios Tot Reforma es una empresa de reforma integral ubicada en Esparraguera que ofrece todos sus servicios en la provincia de Barcelona. Una empresa de reformas con una amplia experiencia en el sector. \u00a0La empresa [&hellip;]<\/p>\n","protected":false},"author":5,"featured_media":0,"parent":0,"menu_order":0,"comment_status":"closed","ping_status":"closed","template":"","meta":{"_monsterinsights_skip_tracking":false,"_monsterinsights_sitenote_active":false,"_monsterinsights_sitenote_note":"","_monsterinsights_sitenote_category":0,"footnotes":""},"class_list":["post-4143","page","type-page","status-publish","hentry"],"yoast_head":"<!-- This site is optimized with the Yoast SEO plugin v24.6 - https:\/\/yoast.com\/wordpress\/plugins\/seo\/ -->\n<title>Reformas en Gav\u00e0 - Tot Reforma reformas profesionales de confianza<\/title>\n<meta name=\"description\" content=\"Reformas en Gav\u00e0 Tot Reforma - Empresa de reformas en Gav\u00e0Tot Reforma, empresa de referencia en reformas, Gav\u00e0 Reformas de hogar y comercios\" \/>\n<meta name=\"robots\" content=\"index, follow, max-snippet:-1, max-image-preview:large, max-video-preview:-1\" \/>\n<link rel=\"canonical\" href=\"https:\/\/totreforma.cat\/es\/reformas-en-gava\/\" \/>\n<meta property=\"og:locale\" content=\"es_ES\" \/>\n<meta property=\"og:type\" content=\"article\" \/>\n<meta property=\"og:title\" content=\"Reformas en Gav\u00e0 - Tot Reforma reformas profesionales de confianza\" \/>\n<meta property=\"og:description\" content=\"Reformas en Gav\u00e0 Tot Reforma - Empresa de reformas en Gav\u00e0Tot Reforma, empresa de referencia en reformas, Gav\u00e0 Reformas de hogar y comercios\" \/>\n<meta property=\"og:url\" content=\"https:\/\/totreforma.cat\/es\/reformas-en-gava\/\" \/>\n<meta property=\"og:site_name\" content=\"Tot Reforma\" \/>\n<meta property=\"og:image\" content=\"https:\/\/totreforma.cat\/wp-content\/uploads\/2019\/05\/reforma-integral-casa.jpg\" \/>\n<meta name=\"twitter:card\" content=\"summary_large_image\" \/>\n<meta name=\"twitter:label1\" content=\"Tiempo de lectura\" \/>\n\t<meta name=\"twitter:data1\" content=\"9 minutos\" \/>\n<script type=\"application\/ld+json\" class=\"yoast-schema-graph\">{\"@context\":\"https:\/\/schema.org\",\"@graph\":[{\"@type\":\"WebPage\",\"@id\":\"https:\/\/totreforma.cat\/es\/reformas-en-gava\/\",\"url\":\"https:\/\/totreforma.cat\/es\/reformas-en-gava\/\",\"name\":\"Reformas en Gav\u00e0 - Tot Reforma reformas profesionales de confianza\",\"isPartOf\":{\"@id\":\"https:\/\/totreforma.cat\/#website\"},\"primaryImageOfPage\":{\"@id\":\"https:\/\/totreforma.cat\/es\/reformas-en-gava\/#primaryimage\"},\"image\":{\"@id\":\"https:\/\/totreforma.cat\/es\/reformas-en-gava\/#primaryimage\"},\"thumbnailUrl\":\"https:\/\/totreforma.cat\/wp-content\/uploads\/2019\/05\/reforma-integral-casa.jpg\",\"datePublished\":\"2021-02-01T07:45:29+00:00\",\"description\":\"Reformas en Gav\u00e0 Tot Reforma - Empresa de reformas en Gav\u00e0Tot Reforma, empresa de referencia en reformas, Gav\u00e0 Reformas de hogar y comercios\",\"breadcrumb\":{\"@id\":\"https:\/\/totreforma.cat\/es\/reformas-en-gava\/#breadcrumb\"},\"inLanguage\":\"es\",\"potentialAction\":[{\"@type\":\"ReadAction\",\"target\":[\"https:\/\/totreforma.cat\/es\/reformas-en-gava\/\"]}]},{\"@type\":\"ImageObject\",\"inLanguage\":\"es\",\"@id\":\"https:\/\/totreforma.cat\/es\/reformas-en-gava\/#primaryimage\",\"url\":\"https:\/\/totreforma.cat\/wp-content\/uploads\/2019\/05\/reforma-integral-casa.jpg\",\"contentUrl\":\"https:\/\/totreforma.cat\/wp-content\/uploads\/2019\/05\/reforma-integral-casa.jpg\"},{\"@type\":\"BreadcrumbList\",\"@id\":\"https:\/\/totreforma.cat\/es\/reformas-en-gava\/#breadcrumb\",\"itemListElement\":[{\"@type\":\"ListItem\",\"position\":1,\"name\":\"Portada\",\"item\":\"https:\/\/totreforma.cat\/es\/\"},{\"@type\":\"ListItem\",\"position\":2,\"name\":\"Reformas en Gav\u00e0\"}]},{\"@type\":\"WebSite\",\"@id\":\"https:\/\/totreforma.cat\/#website\",\"url\":\"https:\/\/totreforma.cat\/\",\"name\":\"Tot Reforma\",\"description\":\"Reformes de la llar Esparreguera\",\"potentialAction\":[{\"@type\":\"SearchAction\",\"target\":{\"@type\":\"EntryPoint\",\"urlTemplate\":\"https:\/\/totreforma.cat\/?s={search_term_string}\"},\"query-input\":{\"@type\":\"PropertyValueSpecification\",\"valueRequired\":true,\"valueName\":\"search_term_string\"}}],\"inLanguage\":\"es\"}]}<\/script>\n<!-- \/ Yoast SEO plugin. -->","yoast_head_json":{"title":"Reformas en Gav\u00e0 - Tot Reforma reformas profesionales de confianza","description":"Reformas en Gav\u00e0 Tot Reforma - Empresa de reformas en Gav\u00e0Tot Reforma, empresa de referencia en reformas, Gav\u00e0 Reformas de hogar y comercios","robots":{"index":"index","follow":"follow","max-snippet":"max-snippet:-1","max-image-preview":"max-image-preview:large","max-video-preview":"max-video-preview:-1"},"canonical":"https:\/\/totreforma.cat\/es\/reformas-en-gava\/","og_locale":"es_ES","og_type":"article","og_title":"Reformas en Gav\u00e0 - Tot Reforma reformas profesionales de confianza","og_description":"Reformas en Gav\u00e0 Tot Reforma - Empresa de reformas en Gav\u00e0Tot Reforma, empresa de referencia en reformas, Gav\u00e0 Reformas de hogar y comercios","og_url":"https:\/\/totreforma.cat\/es\/reformas-en-gava\/","og_site_name":"Tot Reforma","og_image":[{"url":"https:\/\/totreforma.cat\/wp-content\/uploads\/2019\/05\/reforma-integral-casa.jpg","type":"","width":"","height":""}],"twitter_card":"summary_large_image","twitter_misc":{"Tiempo de lectura":"9 minutos"},"schema":{"@context":"https:\/\/schema.org","@graph":[{"@type":"WebPage","@id":"https:\/\/totreforma.cat\/es\/reformas-en-gava\/","url":"https:\/\/totreforma.cat\/es\/reformas-en-gava\/","name":"Reformas en Gav\u00e0 - Tot Reforma reformas profesionales de confianza","isPartOf":{"@id":"https:\/\/totreforma.cat\/#website"},"primaryImageOfPage":{"@id":"https:\/\/totreforma.cat\/es\/reformas-en-gava\/#primaryimage"},"image":{"@id":"https:\/\/totreforma.cat\/es\/reformas-en-gava\/#primaryimage"},"thumbnailUrl":"https:\/\/totreforma.cat\/wp-content\/uploads\/2019\/05\/reforma-integral-casa.jpg","datePublished":"2021-02-01T07:45:29+00:00","description":"Reformas en Gav\u00e0 Tot Reforma - Empresa de reformas en Gav\u00e0Tot Reforma, empresa de referencia en reformas, Gav\u00e0 Reformas de hogar y comercios","breadcrumb":{"@id":"https:\/\/totreforma.cat\/es\/reformas-en-gava\/#breadcrumb"},"inLanguage":"es","potentialAction":[{"@type":"ReadAction","target":["https:\/\/totreforma.cat\/es\/reformas-en-gava\/"]}]},{"@type":"ImageObject","inLanguage":"es","@id":"https:\/\/totreforma.cat\/es\/reformas-en-gava\/#primaryimage","url":"https:\/\/totreforma.cat\/wp-content\/uploads\/2019\/05\/reforma-integral-casa.jpg","contentUrl":"https:\/\/totreforma.cat\/wp-content\/uploads\/2019\/05\/reforma-integral-casa.jpg"},{"@type":"BreadcrumbList","@id":"https:\/\/totreforma.cat\/es\/reformas-en-gava\/#breadcrumb","itemListElement":[{"@type":"ListItem","position":1,"name":"Portada","item":"https:\/\/totreforma.cat\/es\/"},{"@type":"ListItem","position":2,"name":"Reformas en Gav\u00e0"}]},{"@type":"WebSite","@id":"https:\/\/totreforma.cat\/#website","url":"https:\/\/totreforma.cat\/","name":"Tot Reforma","description":"Reformes de la llar Esparreguera","potentialAction":[{"@type":"SearchAction","target":{"@type":"EntryPoint","urlTemplate":"https:\/\/totreforma.cat\/?s={search_term_string}"},"query-input":{"@type":"PropertyValueSpecification","valueRequired":true,"valueName":"search_term_string"}}],"inLanguage":"es"}]}},"_links":{"self":[{"href":"https:\/\/totreforma.cat\/es\/wp-json\/wp\/v2\/pages\/4143","targetHints":{"allow":["GET"]}}],"collection":[{"href":"https:\/\/totreforma.cat\/es\/wp-json\/wp\/v2\/pages"}],"about":[{"href":"https:\/\/totreforma.cat\/es\/wp-json\/wp\/v2\/types\/page"}],"author":[{"embeddable":true,"href":"https:\/\/totreforma.cat\/es\/wp-json\/wp\/v2\/users\/5"}],"replies":[{"embeddable":true,"href":"https:\/\/totreforma.cat\/es\/wp-json\/wp\/v2\/comments?post=4143"}],"version-history":[{"count":0,"href":"https:\/\/totreforma.cat\/es\/wp-json\/wp\/v2\/pages\/4143\/revisions"}],"wp:attachment":[{"href":"https:\/\/totreforma.cat\/es\/wp-json\/wp\/v2\/media?parent=4143"}],"curies":[{"name":"wp","href":"https:\/\/api.w.org\/{rel}","templated":true}]}}